{"id":215,"date":"2020-08-26T11:53:38","date_gmt":"2020-08-26T11:53:38","guid":{"rendered":"https:\/\/audio-tools.at\/index.php\/datenschutzerklaerung\/"},"modified":"2020-09-30T07:33:17","modified_gmt":"2020-09-30T07:33:17","slug":"datenschutzerklaerung","status":"publish","type":"page","link":"https:\/\/audio-tools.at\/index.php\/contact-us\/datenschutzerklaerung\/","title":{"rendered":"Datenschutzerkl\u00e4rung"},"content":{"rendered":"\t\t<div data-elementor-type=\"wp-page\" data-elementor-id=\"215\" class=\"elementor elementor-215\">\n\t\t\t\t\t\t<section class=\"elementor-section elementor-top-section elementor-element elementor-element-67ec1b1 elementor-section-boxed elementor-section-height-default elementor-section-height-default\" data-id=\"67ec1b1\" data-element_type=\"section\" data-e-type=\"section\">\n\t\t\t\t\t\t<div class=\"elementor-container elementor-column-gap-default\">\n\t\t\t\t\t<div class=\"aux-parallax-section elementor-column elementor-col-33 elementor-top-column elementor-element elementor-element-327bd5f\" data-id=\"327bd5f\" data-element_type=\"column\" data-e-type=\"column\">\n\t\t\t<div class=\"elementor-widget-wrap\">\n\t\t\t\t\t\t\t<\/div>\n\t\t<\/div>\n\t\t\t\t<div class=\"aux-parallax-section elementor-column elementor-col-33 elementor-top-column elementor-element elementor-element-673c846\" data-id=\"673c846\" data-element_type=\"column\" data-e-type=\"column\">\n\t\t\t<div class=\"elementor-widget-wrap elementor-element-populated\">\n\t\t\t\t\t\t<div class=\"elementor-element elementor-element-a08e651 elementor-widget elementor-widget-text-editor\" data-id=\"a08e651\" data-element_type=\"widget\" data-e-type=\"widget\" data-widget_type=\"text-editor.default\">\n\t\t\t\t<div class=\"elementor-widget-container\">\n\t\t\t\t\t\t\t\t\t<p>Personenbezogene Daten (nachfolgend zumeist nur \u201eDaten\u201c genannt) werden von uns nur im Rahmen der Erforderlichkeit sowie zum Zwecke der Bereitstellung eines funktionsf\u00e4higen und nutzerfreundlichen Internetauftritts, inklusive seiner Inhalte und der dort angebotenen Leistungen, verarbeitet.<\/p>\n<p><span style=\"font-size: 16.0016px;\">Gem\u00e4\u00df Art. 4 Ziffer 1. der Verordnung (EU) 2016\/679, also der Datenschutz-Grundverordnung (nachfolgend nur \u201eDSGVO\u201c genannt), gilt als \u201eVerarbeitung\u201c jeder mit oder ohne Hilfe automatisierter Verfahren ausgef\u00fchrter Vorgang oder jede solche Vorgangsreihe im Zusammenhang mit personenbezogenen Daten, wie das Erheben, das Erfassen, die Organisation, das Ordnen, die Speicherung, die Anpassung oder Ver\u00e4nderung, das Auslesen, das Abfragen, die Verwendung, die Offenlegung durch \u00dcbermittlung, Verbreitung oder eine andere Form der Bereitstellung, den Abgleich oder die Verkn\u00fcpfung, die Einschr\u00e4nkung, das L\u00f6schen oder die Vernichtung.<\/span><br><\/p>\n<p><span style=\"font-size: 16.0016px;\">Mit der nachfolgenden Datenschutzerkl\u00e4rung informieren wir Sie insbesondere \u00fcber Art, Umfang, Zweck, Dauer und Rechtsgrundlage der Verarbeitung personenbezogener Daten, soweit wir entweder allein oder gemeinsam mit anderen \u00fcber die Zwecke und Mittel der Verarbeitung entscheiden. Zudem informieren wir Sie nachfolgend \u00fcber die von uns zu Optimierungszwecken sowie zur Steigerung der Nutzungsqualit\u00e4t eingesetzten Fremdkomponenten, soweit hierdurch Dritte Daten in wiederum eigener Verantwortung verarbeiten.<\/span><\/p>\n<p>&nbsp;<b style=\"font-size: 16.0016px;\">Unsere Datenschutzerkl\u00e4rung ist wie folgt gegliedert:<\/b><\/p>\n<p><b style=\"font-size: 16.0016px;\">I. Informationen \u00fcber uns als Verantwortliche<\/b><br><\/p>\n<p><b>II. Rechte der Nutzer und Betroffenen<\/b><\/p>\n<p><b>III. Informationen zur Datenverarbeitung<\/b><\/p>\n<p><b style=\"font-size: 16.0016px;\"><br>I. Informationen \u00fcber uns als Verantwortliche<\/b><br><\/p>\n<p>Verantwortlicher Anbieter dieses Internetauftritts im datenschutzrechtlichen Sinne ist:<\/p>\n<p>G\u00fcnther Huemer Beschallung GmbH<\/p>\n<p>Inhaber:<br>G\u00fcnther Huemer<\/p>\n<p><b style=\"font-size: 16.0016px;\">II. Rechte der Nutzer und Betroffenen<\/b><br><\/p>\n<p><span style=\"font-size: 16.0016px;\">Mit Blick auf die nachfolgend noch n\u00e4her beschriebene Datenverarbeitung haben die Nutzer und Betroffenen das Recht&nbsp;<\/span><span style=\"font-size: 16.0016px;\">auf Best\u00e4tigung, ob sie betreffende Daten verarbeitet werden, auf Auskunft \u00fcber die verarbeiteten Daten, auf weitere Informationen \u00fcber die Datenverarbeitung sowie auf Kopien der Daten (vgl. auch Art. 15 DSGVO);&nbsp;<\/span><span style=\"font-size: 16.0016px;\">auf Berichtigung oder Vervollst\u00e4ndigung unrichtiger bzw. unvollst\u00e4ndiger Daten (vgl. auch Art. 16 DSGVO);&nbsp;<\/span><span style=\"font-size: 16.0016px;\">auf unverz\u00fcgliche L\u00f6schung der sie betreffenden Daten (vgl. auch Art. 17 DSGVO), oder, alternativ, soweit eine weitere Verarbeitung gem\u00e4\u00df Art. 17 Abs. 3 DSGVO erforderlich ist, auf Einschr\u00e4nkung der Verarbeitung nach Ma\u00dfgabe von Art. 18 DSGVO;&nbsp;<\/span><span style=\"font-size: 16.0016px;\">auf Erhalt der sie betreffenden und von ihnen bereitgestellten Daten und auf \u00dcbermittlung dieser Daten an andere Anbieter\/Verantwortliche (vgl. auch Art. 20 DSGVO);&nbsp;<\/span><span style=\"font-size: 16.0016px;\">auf Beschwerde gegen\u00fcber der Aufsichtsbeh\u00f6rde, sofern sie der Ansicht sind, dass die sie betreffenden Daten durch den Anbieter unter Versto\u00df gegen datenschutzrechtliche Bestimmungen verarbeitet werden (vgl. auch Art. 77 DSGVO).<\/span><br><\/p>\n<p>Dar\u00fcber hinaus ist der Anbieter dazu verpflichtet, alle Empf\u00e4nger, denen gegen\u00fcber Daten durch den Anbieter offengelegt worden sind, \u00fcber jedwede Berichtigung oder L\u00f6schung von Daten oder die Einschr\u00e4nkung der Verarbeitung, die aufgrund der Artikel 16, 17 Abs. 1, 18 DSGVO erfolgt, zu unterrichten. Diese Verpflichtung besteht jedoch nicht, soweit diese Mitteilung unm\u00f6glich oder mit einem unverh\u00e4ltnism\u00e4\u00dfigen Aufwand verbunden ist. Unbeschadet dessen hat der Nutzer ein Recht auf Auskunft \u00fcber diese Empf\u00e4nger.<br><span style=\"font-size: 16.0016px;\"><br>Ebenfalls haben die Nutzer und Betroffenen nach Art. 21 DSGVO das Recht auf Widerspruch gegen die k\u00fcnftige Verarbeitung der sie betreffenden Daten, sofern die Daten durch den Anbieter nach Ma\u00dfgabe von Art. 6 Abs. 1 lit. f) DSGVO verarbeitet werden. Insbesondere ist ein Widerspruch gegen die Datenverarbeitung zum Zwecke der Direktwerbung statthaft.<\/span><br><\/p>\n<p><b style=\"font-size: 16.0016px;\">III. Informationen zur Datenverarbeitung<\/b><br><\/p>\n<p>Ihre bei Nutzung unseres Internetauftritts verarbeiteten Daten werden gel\u00f6scht oder gesperrt, sobald der Zweck der Speicherung entf\u00e4llt, der L\u00f6schung der Daten keine gesetzlichen Aufbewahrungspflichten entgegenstehen und nachfolgend keine anderslautenden Angaben zu einzelnen Verarbeitungsverfahren gemacht werden.<\/p>\n<p><b style=\"font-size: 16.0016px;\">Cookies<\/b><br><\/p>\n<p>a) Sitzungs-Cookies\/Session-Cookies<\/p>\n<p>Wir verwenden mit unserem Internetauftritt sog. Cookies. Cookies sind kleine Textdateien oder andere Speichertechnologien, die durch den von Ihnen eingesetzten Internet-Browser auf Ihrem Endger\u00e4t ablegt und gespeichert werden. Durch diese Cookies werden im individuellen Umfang bestimmte Informationen von Ihnen, wie beispielsweise Ihre Browser- oder Standortdaten oder Ihre IP-Adresse, verarbeitet.<\/p>\n<p><span style=\"font-size: 16.0016px;\">Durch diese Verarbeitung wird unser Internetauftritt benutzerfreundlicher, effektiver und sicherer, da die Verarbeitung bspw. die Wiedergabe unseres Internetauftritts in unterschiedlichen Sprachen oder das Angebot einer Warenkorbfunktion erm\u00f6glicht.<\/span><br><\/p><p><span style=\"font-size: 16.0016px;\"><br>Rechtsgrundlage dieser Verarbeitung ist Art. 6 Abs. 1 lit b.) DSGVO, sofern diese Cookies Daten zur Vertragsanbahnung oder Vertragsabwicklung verarbeitet werden.<\/span><br><\/p>\n<p><span style=\"font-size: 16.0016px;\">Falls die Verarbeitung nicht der Vertragsanbahnung oder Vertragsabwicklung dient, liegt unser berechtigtes Interesse in der Verbesserung der Funktionalit\u00e4t unseres Internetauftritts. Rechtsgrundlage ist in dann Art. 6 Abs. 1 lit. f) DSGVO.<\/span><\/p>\n<p><span style=\"font-size: 16.0016px;\">Mit Schlie\u00dfen Ihres Internet-Browsers werden diese Session-Cookies gel\u00f6scht.<\/span><\/p>\n<p><span style=\"font-size: 16.0016px;\">b) Drittanbieter-Cookies<\/span><\/p>\n<p>Gegebenenfalls werden mit unserem Internetauftritt auch Cookies von Partnerunternehmen, mit denen wir zum Zwecke der Werbung, der Analyse oder der Funktionalit\u00e4ten unseres Internetauftritts zusammenarbeiten, verwendet.<\/p>\n<p><span style=\"font-size: 16.0016px;\">Die Einzelheiten hierzu, insbesondere zu den Zwecken und den Rechtsgrundlagen der Verarbeitung solcher Drittanbieter-Cookies, entnehmen Sie bitte den nachfolgenden Informationen.<\/span><br><\/p>\n<p><span style=\"font-size: 16.0016px;\">c) Beseitigungsm\u00f6glichkeit<\/span><br><\/p>\n<p>Sie k\u00f6nnen die Installation der Cookies durch eine Einstellung Ihres Internet-Browsers verhindern oder einschr\u00e4nken. Ebenfalls k\u00f6nnen Sie bereits gespeicherte Cookies jederzeit l\u00f6schen. Die hierf\u00fcr erforderlichen Schritte und Ma\u00dfnahmen h\u00e4ngen jedoch von Ihrem konkret genutzten Internet-Browser ab. Bei Fragen benutzen Sie daher bitte die Hilfefunktion oder Dokumentation Ihres Internet-Browsers oder wenden sich an dessen Hersteller bzw. Support. Bei sog. Flash-Cookies kann die Verarbeitung allerdings nicht \u00fcber die Einstellungen des Browsers unterbunden werden. Stattdessen m\u00fcssen Sie insoweit die Einstellung Ihres Flash-Players \u00e4ndern. Auch die hierf\u00fcr erforderlichen Schritte und Ma\u00dfnahmen h\u00e4ngen von Ihrem konkret genutzten Flash-Player ab. Bei Fragen benutzen Sie daher bitte ebenso die Hilfefunktion oder Dokumentation Ihres Flash-Players oder wenden sich an den Hersteller bzw. Benutzer-Support.<\/p>\n<p>&nbsp;<span style=\"color: var( --e-global-color-text ); font-size: 16.0016px;\">Sollten Sie die Installation d<\/span><span style=\"color: var( --e-global-color-text ); font-size: 16.0016px;\">e<\/span><span style=\"color: var( --e-global-color-text ); font-size: 16.0016px;\">r Cookies verhindern oder einschr\u00e4nken, kann dies allerdings dazu f\u00fchren, dass nicht s\u00e4mtliche Funktionen unseres Internetauftritts vollumf\u00e4nglich nutzbar sind.<\/span><\/p>\n<p><b style=\"color: var( --e-global-color-text ); font-size: 16.0016px;\">Matomo (vormals: PIWIK)<\/b><br><\/p>\n<p>In unserem Internetauftritt setzen wir Matomo (ehemals: \u201ePIWIK\u201c) ein. Hierbei handelt es sich um eine Open-Source-Software, mit der wir die Benutzung unseres Internetauftritts analysieren k\u00f6nnen. Hierbei werden Ihre IP-Adresse, die Website(s) unseres Internetauftritts, die Sie besuchen, die Website, von der aus Sie auf unseren Internetauftritt gewechselt haben (Referrer URL), Ihre Verweildauer auf unserem Internetauftritt sowie die H\u00e4ufigkeit des Aufrufs einer unserer Websites verarbeitet.<span style=\"color: var( --e-global-color-text ); font-size: 16.0016px;\">&nbsp;<\/span><\/p>\n<p>Zur Erfassung dieser Daten speichert Matomo \u00fcber Ihren Internet-Browser ein Cookie auf Ihrem Endger\u00e4t. Dieses Cookie ist eine Woche lang g\u00fcltig.<span style=\"color: var( --e-global-color-text ); font-size: 16.0016px;\">&nbsp;<\/span><\/p>\n<p>Rechtsgrundlage ist Art. 6 Abs. 1 lit. f) DSGVO. Unser berechtigtes Interesse liegt in der Analyse und Optimierung unseres Internetauftritts.<span style=\"color: var( --e-global-color-text ); font-size: 16.0016px;\">&nbsp;<\/span><\/p>\n<p>Allerdings nutzen wir Matomo mit der Anonymisierungsfunktion \u201eAutomatically Anonymize Visitor IPs\u201c. Diese Anonymisierungsfunktion k\u00fcrzt Ihre IP-Adresse um zwei Bytes, sodass eine Zuordnung zu Ihnen bzw. zu dem von Ihnen genutzten Internetanschluss unm\u00f6glich ist.<\/p>\n<p><span style=\"color: var( --e-global-color-text ); font-size: 16.0016px;\">Falls Sie mit dieser Verarbeitung nicht einverstanden sind, haben Sie die M\u00f6glichkeit, die Speicherung des Cookies durch eine Einstellung in Ihrem Internet-Browsers zu verhindern. N\u00e4here Informationen hierzu finden Sie vorstehend unter \u201eCookies\u201c.<\/span><br><\/p>\n<p><span style=\"color: var( --e-global-color-text ); font-size: 16.0016px;\">Dar\u00fcber hinaus haben Sie die M\u00f6glichkeit, die Analyse Ihres Nutzungsverhaltens im Wege des sog. Opt-outs zu beenden. Mit dem Best\u00e4tigen des Links<\/span><\/p>\n<p><span style=\"color: var( --e-global-color-text ); font-size: 16.0016px;\">wird \u00fcber Ihren Internet-Browser ein Cookie auf Ihrem Endger\u00e4t gespeichert, das die weitere Analyse verhindert. Bitte beachten Sie aber, dass Sie den obigen Link erneut bet\u00e4tigen m\u00fcssen, sofern Sie die auf Ihrem Endger\u00e4t gespeicherten Cookies l\u00f6schen.<\/span><br><\/p>\n<p><b style=\"color: var( --e-global-color-text ); font-size: 16.0016px;\">Google-Maps<\/b><br><\/p>\n<p>In unserem Internetauftritt setzen wir Google Maps zur Darstellung unseres Standorts sowie zur Erstellung einer Anfahrtsbeschreibung ein. Es handelt sich hierbei um einen Dienst der Google Ireland Limited, Gordon House, Barrow Street, Dublin 4, Irland, nachfolgend nur \u201eGoogle\u201c genannt.<\/p>\n<p><span style=\"color: var( --e-global-color-text ); font-size: 16.0016px;\">Durch die Zertifizierung nach dem EU-US-Datenschutzschild (\u201eEU-US Privacy Shield\u201c)&nbsp;<\/span><span style=\"font-size: 16.0016px;\">&nbsp;<\/span><span style=\"font-size: 16.0016px; color: var( --e-global-color-text );\">https:\/\/www.privacyshield.gov\/participant?id=a2zt000000001L5AAI&amp;status=Active&nbsp;<\/span><span style=\"font-size: 16.0016px; color: var( --e-global-color-text );\">garantiert Google, dass die Datenschutzvorgaben der EU auch bei der Verarbeitung von Daten in den USA eingehalten werden.&nbsp;<\/span><span style=\"font-size: 16.0016px; color: var( --e-global-color-text );\">Um die Darstellung bestimmter Schriften in unserem Internetauftritt zu erm\u00f6glichen, wird bei Aufruf unseres Internetauftritts eine Verbindung zu dem Google-Server in den USA aufgebaut.&nbsp;<\/span><span style=\"font-size: 16.0016px; color: var( --e-global-color-text );\">Sofern Sie die in unseren Internetauftritt eingebundene Komponente Google Maps aufrufen, speichert Google \u00fcber Ihren Internet-Browser ein Cookie auf Ihrem Endger\u00e4t. Um unseren Standort anzuzeigen und eine Anfahrtsbeschreibung zu erstellen, werden Ihre Nutzereinstellungen und -daten verarbeitet. Hierbei k\u00f6nnen wir nicht ausschlie\u00dfen, dass Google Server in den USA einsetzt.<\/span><\/p>\n<p><span style=\"color: var( --e-global-color-text ); font-size: 16.0016px;\">Rechtsgrundlage ist Art. 6 Abs. 1 lit. f) DSGVO. Unser berechtigtes Interesse liegt in der Optimierung der Funktionalit\u00e4t unseres Internetauftritts.&nbsp;<\/span><span style=\"font-size: 16.0016px; color: var( --e-global-color-text );\">Durch die so hergestellte Verbindung zu Google kann Google ermitteln, von welcher Website Ihre Anfrage gesendet worden ist und an welche IP-Adresse die Anfahrtsbeschreibung zu \u00fcbermitteln ist.&nbsp;<\/span><span style=\"font-size: 16.0016px; color: var( --e-global-color-text );\">Sofern Sie mit dieser Verarbeitung nicht einverstanden sind, haben Sie die M\u00f6glichkeit, die Installation der Cookies durch die entsprechenden Einstellungen in Ihrem Internet-Browser zu verhindern. Einzelheiten hierzu finden Sie vorstehend unter dem Punkt \u201eCookies\u201c.<\/span><\/p>\n<p><span style=\"color: var( --e-global-color-text ); font-size: 16.0016px;\">Zudem erfolgt die Nutzung von Google Maps sowie der \u00fcber Google Maps erlangten Informationen nach den Google-Nutzungsbedingungen&nbsp;<\/span><span style=\"font-size: 16.0016px;\">https:\/\/policies.google.com\/terms?gl=DE&amp;hl=de&nbsp;<\/span><span style=\"font-size: 16.0016px;\">und den Gesch\u00e4ftsbedingungen f\u00fcr Google Maps&nbsp;<\/span><span style=\"font-size: 16.0016px;\">https:\/\/www.google.com\/intl\/de_de\/help\/terms_maps.html.<\/span><\/p><p><span style=\"font-size: 16.0016px; color: var( --e-global-color-text );\">\u00dcberdies bietet Google unter&nbsp;<\/span><span style=\"font-size: 16.0016px; color: var( --e-global-color-text );\">https:\/\/adssettings.google.com\/authenticatedhttps:\/\/policies.google.com\/privacy&nbsp;<\/span><span style=\"color: var( --e-global-color-text ); font-size: 16.0016px;\">weitergehende Informationen an.<\/span><\/p>\n<p><b style=\"font-size: 16.0016px;\">Google Fonts<\/b><br><\/p>\n<p>In unserem Internetauftritt setzen wir Google Fonts zur Darstellung externer Schriftarten ein. Es handelt sich hierbei um einen Dienst der Google Ireland Limited, Gordon House, Barrow Street, Dublin 4, Irland, nachfolgend nur \u201eGoogle\u201c genannt.&nbsp;<span style=\"color: var( --e-global-color-text ); font-size: 16.0016px;\">Durch die Zertifizierung nach dem EU-US-Datenschutzschild (\u201eEU-US Privacy Shield\u201c)&nbsp;<\/span><span style=\"color: var( --e-global-color-text ); font-size: 16.0016px;\">https:\/\/www.privacyshield.gov\/participant?id=a2zt000000001L5AAI&amp;status=Active&nbsp;<\/span><span style=\"color: var( --e-global-color-text ); font-size: 16.0016px;\">garantiert Google, dass die Datenschutzvorgaben der EU auch bei der Verarbeitung von Daten in den USA eingehalten werden.&nbsp;<\/span><span style=\"color: var( --e-global-color-text ); font-size: 16.0016px;\">Um die Darstellung bestimmter Schriften in unserem Internetauftritt zu erm\u00f6glichen, wird bei Aufruf unseres Internetauftritts eine Verbindung zu dem Google-Server in den USA aufgebaut.&nbsp;<\/span><span style=\"color: var( --e-global-color-text ); font-size: 16.0016px;\">Rechtsgrundlage ist Art. 6 Abs. 1 lit. f) DSGVO. Unser berechtigtes Interesse liegt in der Optimierung und dem wirtschaftlichen Betrieb unseres Internetauftritts.&nbsp;<\/span><span style=\"color: var( --e-global-color-text ); font-size: 16.0016px;\">Durch die bei Aufruf unseres Internetauftritts hergestellte Verbindung zu Google kann Google ermitteln, von welcher Website Ihre Anfrage gesendet worden ist und an welche IP-Adresse die Darstellung der Schrift zu \u00fcbermitteln ist.<\/span><\/p>\n<p><span style=\"color: var( --e-global-color-text ); font-size: 16.0016px;\">Google bietet unter&nbsp;<\/span><span style=\"font-size: 16.0016px;\">https:\/\/adssettings.google.com\/authenticated und&nbsp;<\/span><span style=\"font-size: 16.0016px;\">https:\/\/policies.google.com\/privacy&nbsp;<\/span><span style=\"color: var( --e-global-color-text ); font-size: 16.0016px;\">weitere Informationen an und zwar insbesondere zu den M\u00f6glichkeiten der Unterbindung der Datennutzung.&nbsp;<\/span><span style=\"font-size: 16.0016px; color: var( --e-global-color-text );\">Die Datenschutzerkl\u00e4rungen werden stetig erweitert und erg\u00e4nzt,basierend auf der&nbsp;<\/span><a href=\"https:\/\/www.ratgeberrecht.eu\/leistungen\/muster-datenschutzerklaerung.html\" target=\"_blank\" rel=\"noreferrer noopener\" style=\"font-size: 16.0016px; background-color: white;\">Muster-Datenschutzerkl\u00e4rung<\/a><span style=\"font-size: 16.0016px; color: var( --e-global-color-text );\">&nbsp;der&nbsp;<\/span><a href=\"https:\/\/www.ratgeberrecht.eu\/datenschutz\/datenschutzerklaerung-generator-dsgvo.html\" target=\"_blank\" rel=\"noreferrer noopener\" style=\"font-size: 16.0016px; background-color: white;\">Anwaltskanzlei Wei\u00df &amp; Partner<\/a><span style=\"font-size: 16.0016px; color: var( --e-global-color-text );\">.<\/span><\/p>\n<p><span style=\"font-size: 16.0016px;\">Neukirchen, 1. Juni 2020<\/span><br><\/p>\t\t\t\t\t\t\t\t<\/div>\n\t\t\t\t<\/div>\n\t\t\t\t\t<\/div>\n\t\t<\/div>\n\t\t\t\t<div class=\"aux-parallax-section elementor-column elementor-col-33 elementor-top-column elementor-element elementor-element-49ab603\" data-id=\"49ab603\" data-element_type=\"column\" data-e-type=\"column\">\n\t\t\t<div class=\"elementor-widget-wrap\">\n\t\t\t\t\t\t\t<\/div>\n\t\t<\/div>\n\t\t\t\t\t<\/div>\n\t\t<\/section>\n\t\t\t\t<\/div>\n\t\t","protected":false},"excerpt":{"rendered":"<p>Personenbezogene Daten (nachfolgend zumeist nur \u201eDaten\u201c genannt) werden von uns nur im Rahmen der Erforderlichkeit sowie zum Zwecke der Bereitstellung eines funktionsf\u00e4higen und nutzerfreundlichen Internetauftritts, inklusive seiner Inhalte und der dort angebotenen Leistungen, verarbeitet. Gem\u00e4\u00df Art. 4 Ziffer 1. der Verordnung (EU) 2016\/679, also der Datenschutz-Grundverordnung (nachfolgend nur \u201eDSGVO\u201c genannt), gilt als \u201eVerarbeitung\u201c jeder mit [&hellip;]<\/p>\n","protected":false},"author":1,"featured_media":0,"parent":88,"menu_order":12,"comment_status":"closed","ping_status":"closed","template":"","meta":{"footnotes":""},"class_list":["post-215","page","type-page","status-publish","hentry"],"jetpack_sharing_enabled":true,"_links":{"self":[{"href":"https:\/\/audio-tools.at\/index.php\/wp-json\/wp\/v2\/pages\/215","targetHints":{"allow":["GET"]}}],"collection":[{"href":"https:\/\/audio-tools.at\/index.php\/wp-json\/wp\/v2\/pages"}],"about":[{"href":"https:\/\/audio-tools.at\/index.php\/wp-json\/wp\/v2\/types\/page"}],"author":[{"embeddable":true,"href":"https:\/\/audio-tools.at\/index.php\/wp-json\/wp\/v2\/users\/1"}],"replies":[{"embeddable":true,"href":"https:\/\/audio-tools.at\/index.php\/wp-json\/wp\/v2\/comments?post=215"}],"version-history":[{"count":5,"href":"https:\/\/audio-tools.at\/index.php\/wp-json\/wp\/v2\/pages\/215\/revisions"}],"predecessor-version":[{"id":496,"href":"https:\/\/audio-tools.at\/index.php\/wp-json\/wp\/v2\/pages\/215\/revisions\/496"}],"up":[{"embeddable":true,"href":"https:\/\/audio-tools.at\/index.php\/wp-json\/wp\/v2\/pages\/88"}],"wp:attachment":[{"href":"https:\/\/audio-tools.at\/index.php\/wp-json\/wp\/v2\/media?parent=215"}],"curies":[{"name":"wp","href":"https:\/\/api.w.org\/{rel}","templated":true}]}}