{"id":216,"date":"2020-08-26T11:53:38","date_gmt":"2020-08-26T11:53:38","guid":{"rendered":"https:\/\/audio-tools.at\/index.php\/impressum\/"},"modified":"2023-05-16T12:55:04","modified_gmt":"2023-05-16T12:55:04","slug":"impressum","status":"publish","type":"page","link":"https:\/\/audio-tools.at\/index.php\/contact-us\/impressum\/","title":{"rendered":"Impressum"},"content":{"rendered":"\t\t<div data-elementor-type=\"wp-page\" data-elementor-id=\"216\" class=\"elementor elementor-216\">\n\t\t\t\t\t\t<section class=\"elementor-section elementor-top-section elementor-element elementor-element-5fd6ec9f elementor-section-boxed elementor-section-height-default elementor-section-height-default\" data-id=\"5fd6ec9f\" data-element_type=\"section\" data-e-type=\"section\">\n\t\t\t\t\t\t<div class=\"elementor-container elementor-column-gap-default\">\n\t\t\t\t\t<div class=\"aux-parallax-section elementor-column elementor-col-100 elementor-top-column elementor-element elementor-element-6703af46\" data-id=\"6703af46\" data-element_type=\"column\" data-e-type=\"column\">\n\t\t\t<div class=\"elementor-widget-wrap elementor-element-populated\">\n\t\t\t\t\t\t<div class=\"elementor-element elementor-element-c910dad elementor-widget elementor-widget-heading\" data-id=\"c910dad\" data-element_type=\"widget\" data-e-type=\"widget\" data-widget_type=\"heading.default\">\n\t\t\t\t<div class=\"elementor-widget-container\">\n\t\t\t\t\t<h3 class=\"elementor-heading-title elementor-size-default\">Offenlegung nach \u00a7 25 Mediengesetz und \u00a7 5 eCommerce-Gesetz<\/h3>\t\t\t\t<\/div>\n\t\t\t\t<\/div>\n\t\t\t\t<div class=\"elementor-element elementor-element-6af6ac80 elementor-widget elementor-widget-text-editor\" data-id=\"6af6ac80\" data-element_type=\"widget\" data-e-type=\"widget\" data-widget_type=\"text-editor.default\">\n\t\t\t\t<div class=\"elementor-widget-container\">\n\t\t\t\t\t\t\t\t\t<p>Medieninhaber, Herausgeber und Eigent\u00fcmer:<\/p><p>G\u00dcNTHER HUEMER HANDELSAGENTUR<br \/>Gst\u00f6ttenau 3 \/ 3<br \/>A-4070 Eferding<\/p><p>Tel. +43 (0) 699 172 46 142<\/p><p>UID-Nummer: ATU65902856<\/p>\t\t\t\t\t\t\t\t<\/div>\n\t\t\t\t<\/div>\n\t\t\t\t<div class=\"elementor-element elementor-element-b148675 elementor-widget elementor-widget-text-editor\" data-id=\"b148675\" data-element_type=\"widget\" data-e-type=\"widget\" data-widget_type=\"text-editor.default\">\n\t\t\t\t<div class=\"elementor-widget-container\">\n\t\t\t\t\t\t\t\t\t<p>Haftungsausschuss:<br \/>Audio-Tools bem\u00fcht sich um vollst\u00e4ndige, aktuelle und richtige Angaben zu den Produkten und Leistungen. Es kann jedoch keine Gew\u00e4hrleistung oder Haftung f\u00fcr Sch\u00e4den durch die Verwendung des Internetauftritts \u00fcbernommen werden, weder f\u00fcr die angegebenen Informationen noch f\u00fcr Links\u00a0 zu weiterf\u00fchrenden Seiten, die durch externe Seiten von Dritten (Produzenten, Importeure, &#8230;) betrieben werden.\u00a0<\/p><p>Copyrights:<br \/>Die Rechte f\u00fcr die in den Beitr\u00e4gen und Produktbeschreibungen verwendeten Texte, Fotos, Grafiken und Videos liegen bei den Autoren und Fotografen. Dies ist zum einen der Betreiber, der Webmaster und den Produzenten oder Importeuren der angegebenen Produkten. Externes Material in Wort und Bild wird nur nach R\u00fccksprache hier verwendet\u00a0 \u00a0<\/p><p>Webmaster:<br \/>Christoph M\u00fchlb\u00f6ck\u00a0<\/p><p>Redaktion:<br \/>G\u00fcnther Huemer, Christoph M\u00fchlb\u00f6ck<\/p><p>Design und Realisierung:<br \/>WordPress, Woocommerce<\/p><p>\u00a0<\/p>\t\t\t\t\t\t\t\t<\/div>\n\t\t\t\t<\/div>\n\t\t\t\t\t<\/div>\n\t\t<\/div>\n\t\t\t\t\t<\/div>\n\t\t<\/section>\n\t\t\t\t<\/div>\n\t\t","protected":false},"excerpt":{"rendered":"<p>Offenlegung nach \u00a7 25 Mediengesetz und \u00a7 5 eCommerce-Gesetz Medieninhaber, Herausgeber und Eigent\u00fcmer: G\u00dcNTHER HUEMER HANDELSAGENTURGst\u00f6ttenau 3 \/ 3A-4070 Eferding Tel. +43 (0) 699 172 46 142 UID-Nummer: ATU65902856 Haftungsausschuss:Audio-Tools bem\u00fcht sich um vollst\u00e4ndige, aktuelle und richtige Angaben zu den Produkten und Leistungen. Es kann jedoch keine Gew\u00e4hrleistung oder Haftung f\u00fcr Sch\u00e4den durch die Verwendung [&hellip;]<\/p>\n","protected":false},"author":1,"featured_media":0,"parent":88,"menu_order":13,"comment_status":"closed","ping_status":"closed","template":"","meta":{"footnotes":""},"class_list":["post-216","page","type-page","status-publish","hentry"],"jetpack_sharing_enabled":true,"_links":{"self":[{"href":"https:\/\/audio-tools.at\/index.php\/wp-json\/wp\/v2\/pages\/216","targetHints":{"allow":["GET"]}}],"collection":[{"href":"https:\/\/audio-tools.at\/index.php\/wp-json\/wp\/v2\/pages"}],"about":[{"href":"https:\/\/audio-tools.at\/index.php\/wp-json\/wp\/v2\/types\/page"}],"author":[{"embeddable":true,"href":"https:\/\/audio-tools.at\/index.php\/wp-json\/wp\/v2\/users\/1"}],"replies":[{"embeddable":true,"href":"https:\/\/audio-tools.at\/index.php\/wp-json\/wp\/v2\/comments?post=216"}],"version-history":[{"count":10,"href":"https:\/\/audio-tools.at\/index.php\/wp-json\/wp\/v2\/pages\/216\/revisions"}],"predecessor-version":[{"id":1845,"href":"https:\/\/audio-tools.at\/index.php\/wp-json\/wp\/v2\/pages\/216\/revisions\/1845"}],"up":[{"embeddable":true,"href":"https:\/\/audio-tools.at\/index.php\/wp-json\/wp\/v2\/pages\/88"}],"wp:attachment":[{"href":"https:\/\/audio-tools.at\/index.php\/wp-json\/wp\/v2\/media?parent=216"}],"curies":[{"name":"wp","href":"https:\/\/api.w.org\/{rel}","templated":true}]}}