{"id":217,"date":"2020-08-26T11:53:38","date_gmt":"2020-08-26T11:53:38","guid":{"rendered":"https:\/\/audio-tools.at\/index.php\/agb\/"},"modified":"2023-05-16T12:58:40","modified_gmt":"2023-05-16T12:58:40","slug":"agb","status":"publish","type":"page","link":"https:\/\/audio-tools.at\/index.php\/contact-us\/agb\/","title":{"rendered":"AGB"},"content":{"rendered":"\t\t<div data-elementor-type=\"wp-page\" data-elementor-id=\"217\" class=\"elementor elementor-217\">\n\t\t\t\t\t\t<section class=\"elementor-section elementor-top-section elementor-element elementor-element-18fe413a elementor-section-boxed elementor-section-height-default elementor-section-height-default\" data-id=\"18fe413a\" data-element_type=\"section\" data-e-type=\"section\">\n\t\t\t\t\t\t<div class=\"elementor-container elementor-column-gap-default\">\n\t\t\t\t\t<div class=\"aux-parallax-section elementor-column elementor-col-100 elementor-top-column elementor-element elementor-element-1a24a6df\" data-id=\"1a24a6df\" data-element_type=\"column\" data-e-type=\"column\">\n\t\t\t<div class=\"elementor-widget-wrap elementor-element-populated\">\n\t\t\t\t\t\t<div class=\"elementor-element elementor-element-3830416 elementor-widget elementor-widget-text-editor\" data-id=\"3830416\" data-element_type=\"widget\" data-e-type=\"widget\" data-widget_type=\"text-editor.default\">\n\t\t\t\t<div class=\"elementor-widget-container\">\n\t\t\t\t\t\t\t\t\t<p><\/p>\n<ol class=\"wp-block-list\">\n<li>Pr\u00e4ambel\n<p>1.1 Der Auftragnehmer nimmt Auftr\u00e4ge entgegen, verkauft, vermietet und liefert&nbsp;ausschlie\u00dflich aufgrund dieser Allgemeinen Gesch\u00e4ftsbedingungen. Diese nachstehenden&nbsp;Bedingungen gelten f\u00fcr alle Leistungen, die der Auftragnehmer oder ein von ihm&nbsp;namhaft gemachtes Subunternehmen im Rahmen dieses Vertrages durchf\u00fchrt.<\/p>\n<p>1.2 M\u00fcndlich vereinbarte \u00c4nderungen oder Erg\u00e4nzungen dieses Vertrages sind nur wirksam,&nbsp;wenn sie vom Auftragnehmer schriftlich best\u00e4tigt worden sind.<\/p>\n<p>1.3 Angebote sind grunds\u00e4tzlich freibleibend.<\/p>\n<\/li>\n<li><b>Lieferung<\/b>\n<p>2.1 Die Lieferung erfolgt auf Rechnung und Gefahr des Auftraggebers.<br>2.2 Aufbewahrungsma\u00dfnahmen und Aufbewahrungskosten, die aus Gr\u00fcnden notwendig&nbsp;werden, die in der Sph\u00e4re des Auftraggebers liegen, gehen zu Lasten und Kosten des&nbsp;Auftraggebers.<br>2.3 Angek\u00fcndigte Liefertermine gelten, wenn kein Fixgesch\u00e4ft vereinbart worden ist, als blo\u00df&nbsp;ann\u00e4hernd gesch\u00e4tzt. H\u00f6here Gewalt oder andere unvorhergesehene Hindernisse in der&nbsp;Sph\u00e4re des Auftragnehmers oder dessen Unterlieferanten entbinden den&nbsp;Auftragnehmer von der Einhaltung der vereinbarten Lieferzeit.<br>2.4 Lieferung ausschlie\u00dflich an den autorisierten Fachhandel. Abwicklung \u00fcber die jeweiligen&nbsp;Vertragspartner<\/p>\n<\/li>\n<li><b>Versandkosten<\/b>\n<p>3.1 Versandkosten gehen zu Lasten der Auftragnehmer<br>3.2 Lieferungen innerhalb \u00d6sterreich bis 5 kg \u00e0 \u20ac 5,00 netto, bis 10 kg \u00e0 \u20ac 7,00 netto und bis&nbsp;20 kg \u00e0 \u20ac 15,00 netto.<br>3.3 Lieferungen in benachbarte EU L\u00e4nder lt. aktuellem DPD-Tarif (Transportpartner bis&nbsp;20kg).<br>3.4 Lieferungen von Waren \u00fcber 20kg werden von der Spedition Dachser zu deren&nbsp;Konditionen abgewickelt.<br>3.5 Die Versandkosten werden in den Angeboten individuell angef\u00fchrt.<\/p>\n<\/li>\n<li><b>Preise<\/b>\n<p>4.1 Die genannten Preise verstehen sich excl. 20% Mehrwertsteuer in der W\u00e4hrung \u20ac und beziehen sich auf die&nbsp;Mengeneinheit 1 St\u00fcck falls nicht anders angegeben.<br>4.2 Preise vorbehaltlich \u00c4nderungen,&nbsp;Aktionspreise gelten nur f\u00fcr den angegebenen Zeitrahmen und G\u00fcltigkeit nur solange der Vorrat reicht.<\/p>\n<\/li>\n<li><b>Zahlung<\/b>\n<p>5.1 Die Rechnungslegung erfolgt, soweit m\u00f6glich, umgehend bei bzw. nach Lieferung.<br>5.2 Zur Absicherung des Kreditors entsprechend der jeweiligen Bonit\u00e4t beh\u00e4lt sich der&nbsp;Auftragnehmer vor, die vom Auftraggeber erbetene Lieferung nur gegen Nachnahme \/&nbsp;Sofortzahlung bei Lieferung durchzuf\u00fchren.<br>5.3 Zahlungen sind ohne jeden Abzug und spesenfrei f\u00e4llig. Eventuelle Skonti oder&nbsp;Sonderkonditionen gelten nur nach R\u00fccksprache mit unseren Vertriebspartnern.<br>5.4 Bei Auftr\u00e4gen, die mehrere Einheiten umfassen, ist der Auftragnehmer berechtigt, nach&nbsp;Lieferung jeder einzelnen Einheit oder Leistung, Rechnung zu legen.<br>5.5 Bei dem Auftragnehmer einlangende Zahlungen tilgen zuerst Zinseszinsen, dann Zinsen&nbsp;und Nebenspesen, dann die vorprozessualen Kosten (falls diese zur&nbsp;zweckentsprechenden Rechtsverfolgung notwendig waren), wie Kosten eines&nbsp;beigezogenen Anwaltes oder Inkassob\u00fcros, dann das aushaftende Kapital, beginnend bei&nbsp;der \u00e4ltesten Schuld.<br>5.6 Bei Zahlungsverzug werden vom Auftragnehmer Verzugszinsen 5% \u00fcber dem Diskontsatz&nbsp;verrechnet.<\/p>\n<\/li>\n<li><b>Eigentumsrecht<\/b>\n<p>6.1 Die gelieferten Produkte und Zubeh\u00f6rteile bleiben bis zur restlichen Bezahlung&nbsp;(einschlie\u00dflich Zinsen und Kosten) uneingeschr\u00e4nktes Eigentum des Auftragnehmers.<br>6.2 In der Geltendmachung des Eigentumsvorbehaltes liegt nur dann ein R\u00fccktritt vom&nbsp;Vertrag, wenn dieser ausdr\u00fccklich erkl\u00e4rt wird.<br>6.3 Bei Warenr\u00fccknahme ist der Auftraggeber berechtigt, angefallene Transport- und&nbsp;Manipulationsspesen zu verrechnen.<\/p>\n<\/li>\n<li><b>Angebot \u2013 Kostenvoranschlag \u2013 Auftrag<\/b>\n<p>7.1 Angebote sind freibleibend. Die Bestellung des Auftraggebers sind das Angebot im&nbsp;Rechtssinn. Erst durch die schriftliche Auftragsbest\u00e4tigung (insbesondere auch e-mail)&nbsp;oder Lieferung kommt der Kaufvertrag (Reparaturauftrag, Mietvertrag) zustande. Der&nbsp;Auftragnehmer ist berechtigt, Bestellungen auch nur zum Teil anzunehmen oder ohne&nbsp;Angabe von Gr\u00fcnden abzulehnen.<br>7.2 In Einzelf\u00e4llen behalten wir uns vor, einen Auftrag erst nach Anzahlung anzunehmen.<br>7.3 Der Kostenvoranschlag wird nach bestem Fachwissen erstellt, es kann jedoch keine&nbsp;Gew\u00e4hr f\u00fcr die Richtigkeit \u00fcbernommen werden.<br>7.4 Kostenvoranschl\u00e4ge sind entgeltlich. Ein f\u00fcr den Kostenvoranschlag bezahltes Entgelt&nbsp;wird gutgeschrieben, wenn auf Grund dieses Kostenvoranschlages ein Auftrag erteilt&nbsp;wird.<\/p>\n<\/li>\n<li><b>Mahn- und Inkassospesen<\/b>\n<p>8.1 F\u00fcr den Fall des Zahlungsverzuges ist der Auftraggeber verpflichtet, dem Auftragnehmer&nbsp;s\u00e4mtliche von ihm aufgewendeten vorprozessualen Kosten (sofern sie zur&nbsp;zweckentsprechenden Rechtsverfolgung notwendig waren), wie etwa Anwaltshonorare&nbsp;und Kosten von Inkassob\u00fcros, zu refundieren.<br>8.2 Sofern der Auftragnehmer das Mahnwesen selbst betreibt, verpflichtet sich der&nbsp;Auftraggeber pro erfolgter Mahnung einen Betrag von EUR 7,00 zu bezahlen.&nbsp;<\/p>\n<\/li>\n<li><b>Gew\u00e4hrleistung<\/b>\n<p>9.1 Tritt bei gelieferten Waren ein Mangel auf, kann der Auftraggeber vorerst nur die&nbsp;Verbesserung oder den Austausch der Ware verlangen, es sei denn, dass die&nbsp;Verbesserung oder der Austausch unm\u00f6glich ist oder f\u00fcr den Auftragnehmer, verglichen&nbsp;mit der anderen Abhilfe, mit einem unverh\u00e4ltnism\u00e4\u00dfig hohen Aufwand verbunden w\u00e4re. Ob dies der Fall ist, richtet sich auch nach dem Wert der mangelfreien Ware, der&nbsp;Schwere des Mangels und den mit der anderen Abhilfe f\u00fcr den \u00dcbernehmer&nbsp;verbundenen Unannehmlichkeiten. Der Auftragnehmer verpflichtet sich, die&nbsp;Verbesserung oder den Austausch nach \u00dcbergabe der Ware durch den Auftraggeber in&nbsp;angemessener Frist durchzuf\u00fchren.<\/p>\n<p>9.2 Sind sowohl die Verbesserung als auch der Austausch unm\u00f6glich oder f\u00fcr den&nbsp;Auftragnehmer mit einem unverh\u00e4ltnism\u00e4\u00dfig hohen Aufwand verbunden, so hat der&nbsp;Auftraggeber das Recht auf Preisminderung oder, sofern es sich nicht um einen&nbsp;geringf\u00fcgigen Mangel handelt, das Recht auf Wandlung. Das selbe gilt, wenn der&nbsp;Auftragnehmer die Verbesserung oder den Austausch verweigert oder nicht in&nbsp;angemessener Frist vornimmt, wenn diese Abhilfen f\u00fcr den Auftraggeber mit&nbsp;erheblichen Unannehmlichkeiten verbunden w\u00e4ren und wenn sie aus triftigen, in der&nbsp;Person des Auftragnehmers liegenden Gr\u00fcnden, unzumutbar sind.<\/p>\n<p>9.3 Der Auftraggeber muss sein Recht auf Gew\u00e4hrleistung bei unbeweglichen Sachen binnen&nbsp;sechs Monaten gerichtlich geltend machen. Diese Bestimmung gilt nicht f\u00fcr&nbsp;Verbrauchergesch\u00e4fte nach dem KSchG.<\/p>\n<p>9.4 Von der Gew\u00e4hrleistung ausgenommen sind Verschlei\u00dfteile und Zubeh\u00f6r (wie z.B.&nbsp;Datentr\u00e4ger, Typenr\u00e4der, etc.) sowie Reparaturen infolge nicht autorisierter Eingriffe&nbsp;Dritter. Werden die Vertragsgegenst\u00e4nde in Verbindung mit Ger\u00e4ten und\/oder&nbsp;Programmen Dritter eingesetzt, besteht eine Gew\u00e4hrleistung f\u00fcr Funktions- und&nbsp;Leistungsm\u00e4ngel der Vertragsgegenst\u00e4nde nur dann, wenn solche M\u00e4ngel auch ohne&nbsp;eine derartige Verbindung auftreten.<\/p>\n<p>9.5 \u00dcber den Gew\u00e4hrleistungsrahmen hinaus k\u00f6nnen zus\u00e4tzliche Garantieleistungen bestellt&nbsp;werden. Auch f\u00fcr diese Leistungen gelten die gegenst\u00e4ndlichen Bedingungen. F\u00fcr den&nbsp;Fall einer derartigen Garantie erkl\u00e4rt der Auftragnehmer, dass durch diese Garantie das&nbsp;Gew\u00e4hrleistungsrecht des Auftraggebers nicht eingeschr\u00e4nkt wird.<\/p>\n<p>9.6 Wird vom Auftragnehmer eine gebrauchte bewegliche Ware an den Auftraggeber&nbsp;geliefert oder verkauft, muss der Auftraggeber sein Recht auf Gew\u00e4hrleistung binnen&nbsp;einem Jahr gerichtlich geltend machen, sofern dies schriftlich im Einzelnen ausverhandelt&nbsp;wird.<\/p>\n<p>9.7 Die GH Beschallungstechnik \u00fcbernimmt keine Gew\u00e4hrleistung f\u00fcr gebrauchte vermittelte&nbsp;Waren Dritter.<\/p>\n<\/li>\n<li><b>Fernabsatzgesch\u00e4ft<\/b>\n<p>10.1 \u201eFernabsatz\u201c ist ein Vertrag, der ohne gleichzeitiger k\u00f6rperlicher Anwesenheit der&nbsp;Vertragspartner z.B. durch Bestellscheine, Inserate, Telefon, Telefax, Internet etc.&nbsp;abgeschlossen wurde und es sich dabei um ein Verbrauchergesch\u00e4ft handelt.&nbsp;10.2 Ein Fernabsatzgesch\u00e4ft mit dem Auftraggeber ist erst dann g\u00fcltig, wenn der&nbsp;Auftragnehmer den Auftrag schriftlich unter Bekanntgabe des Firmennamens, der&nbsp;Firmenanschrift sowie der wesentlichen Eigenschaften der Ware, des Preises und der&nbsp;Lieferkosten best\u00e4tigt hat.<\/p>\n<p>10.3 Ist der Auftraggeber Konsument, so kann er von einem im Fernabsatz geschlossenen&nbsp;Vertrag innerhalb von 7 Tagen zur\u00fccktreten, wobei der Samstag nicht als Werktag gilt. Ist&nbsp;der Auftragnehmer seinen Informationspflichten nach Punkt 10.2 nicht nachgekommen,&nbsp;betr\u00e4gt die Frist 3 Monate.<\/p>\n<p>10.4 Vom R\u00fccktrittsrecht des Verbrauchers in einem Fernabsatzgesch\u00e4ft sind ausdr\u00fccklich&nbsp;ausgenommen Waren, welche nach Kundenspezifikationen angefertigt wurden, Audio oder Videoaufzeichnungen oder Software, die vom Auftraggeber entsiegelt wurde.&nbsp;Weiters Dienstleistungen, mit deren Ausf\u00fchrung vereinbarungsgem\u00e4\u00df innerhalb von 7&nbsp;Werktagen ab Vertragsabschluss begonnen wird, Zeitungen, Zeitschriften und Illustrierte&nbsp;mit Ausnahme von Vertr\u00e4gen \u00fcber periodische Druckschriften. Weiters sind die in \u00a7 5b&nbsp;KSchG aufgelisteten Vertr\u00e4ge ausgenommen.&nbsp;10.5 Ansonsten gelten f\u00fcr die Fernabsatzgesch\u00e4fte die einschl\u00e4gigen Bestimmungen des&nbsp;Konsumentenschutzgesetzes.<\/p>\n<\/li>\n<li><b>R\u00fccktritt<\/b>\n<p>11.1 Bei Annahmeverzug oder anderen wichtigen Gr\u00fcnden, wie insbesondere Konkurs des&nbsp;Auftraggebers oder Konkursabweisung mangels Verm\u00f6gens so wie bei Zahlungsverzug&nbsp;des Kunden, ist der Auftragnehmer zum R\u00fccktritt vom Vertrag berechtigt, sofern er von&nbsp;beiden Seiten noch nicht zur G\u00e4nze erf\u00fcllt ist.<br>11.2 Bei Zahlungsverzug des Auftraggebers ist der Auftragnehmer von allen weiteren&nbsp;Leistungs- und Lieferungsverpflichtungen entbunden.<br>11.3 Tritt der Auftraggeber, ohne dazu berechtigt zu sein, vom Vertrag zur\u00fcck oder&nbsp;begehrt er seine Aufhebung, so hat der Auftragnehmer die Wahl, auf die Erf\u00fcllung des&nbsp;Vertrages zu bestehen oder der Aufhebung des Vertrages zuzustimmen.<br>11.4 Der Punkt 11. Gilt nicht f\u00fcr Fernabsatzgesch\u00e4fte.<\/p>\n<\/li>\n<li><b>Aufrechnung<\/b>\n<p>12.1 Der Auftraggeber verzichtet auf die M\u00f6glichkeit der Aufrechnung. Dies gilt jedoch&nbsp;nicht gegen\u00fcber Verbrauchern f\u00fcr den Fall der Zahlungsunf\u00e4higkeit des Auftragnehmers&nbsp;sowie f\u00fcr Gegenforderungen, die in rechtlichem Zusammenhang stehen, gerichtlich&nbsp;festgestellt oder anerkannt wurden, in diesen F\u00e4llen besteht f\u00fcr Verbraucher die&nbsp;M\u00f6glichkeit der Aufrechnung.<\/p>\n<\/li>\n<li><b>H\u00f6here Gewalt<\/b>\n<p>13.1 H\u00f6here Gewalt oder andere unvorhergesehene Hindernisse in der Sph\u00e4re des&nbsp;Auftragnehmers entbinden diesen von der Einhaltung der vereinbarten Verpflichtungen,&nbsp;wie z.B. Betriebs- und Verkehrsst\u00f6rungen im Bereich des Auftraggebers. H\u00f6here Gewalt&nbsp;und unvorhergesehene Ereignisse gelten, befreien den Auftragsnehmer f\u00fcr die Dauer der&nbsp;Behinderung von der zu erbringenden Leistung, ohne dass dem Auftraggeber dadurch&nbsp;Anspr\u00fcche auf Preisminderung entstehen.<\/p>\n<\/li>\n<li><b>Datenschutz und Adress\u00e4nderungen<\/b>\n<p>14.1 Der Auftraggeber erteilt seine Zustimmung, dass die im Kaufvertrag mit enthaltenen&nbsp;personenbezogenen Daten in Erf\u00fcllung des Vertrages vom Auftragnehmer&nbsp;automationsunterst\u00fctzt gespeichert und verarbeitet werden k\u00f6nnen.<br>14.2 Der Auftraggeber ist verpflichtet, dem Auftragnehmer \u00c4nderungen seiner Wohn- bzw. Gesch\u00e4ftsadresse bekannt zu geben, solange das vertragsgegenst\u00e4ndliche&nbsp;Rechtsgesch\u00e4ft nicht beiderseitig vollst\u00e4ndig erf\u00fcllt ist. Wird die Mitteilung unterlassen,&nbsp;so gelten Erkl\u00e4rungen auch dann als zugegangen, falls sie an die zuletzt bekannt&nbsp;gegebene Adresse gesendet wurden.<\/p>\n<\/li>\n<li><b>Teststellungen, Demo, Miete<\/b>\n<p>15.1 Der Auftraggeber haftet verschuldensunabh\u00e4ngig f\u00fcr die bereitgestellte Ware vom&nbsp;Beginn der Auslieferung bis zur kompletten Retournierung. Dies gilt auch f\u00fcr Diebstahl!<br>Sch\u00e4den, welche vom Auftraggeber nicht gemeldet werden, k\u00f6nnen innerhalb von 4&nbsp;Wochen in Rechnung gestellt werden.<br>15.2 Eine Weitergabe der Ware an Dritte ist untersagt.<\/p>\n<\/li>\n<li><b>Gerichtsstand und anwendbares Recht<\/b>\n<p>16.1 Es gilt \u00f6sterreichisches materielles Recht. Die Anwendbarkeit des UN-Kaufrechtes wird ausgeschlossen. Es wird \u00f6sterreichische inl\u00e4ndische Gerichtsbarkeit vereinbart.<\/p>\n<p>16.2 <b>Gerichtsstand ist Wels<\/b><\/p>\n<p>16.3 Sind oder werden einzelne Bestimmungen dieser Gesch\u00e4ftsbedingungen ung\u00fcltig&nbsp;oder unwirksam, so wird hierdurch die G\u00fcltigkeit der \u00fcbrigen Bestimmungen nicht&nbsp;ber\u00fchrt.<\/p>\n<p>Juni 2022<\/p>\n<\/li>\n<\/ol>\n<p><\/p>\t\t\t\t\t\t\t\t<\/div>\n\t\t\t\t<\/div>\n\t\t\t\t\t<\/div>\n\t\t<\/div>\n\t\t\t\t\t<\/div>\n\t\t<\/section>\n\t\t\t\t<\/div>\n\t\t","protected":false},"excerpt":{"rendered":"<p>Pr\u00e4ambel 1.1 Der Auftragnehmer nimmt Auftr\u00e4ge entgegen, verkauft, vermietet und liefert&nbsp;ausschlie\u00dflich aufgrund dieser Allgemeinen Gesch\u00e4ftsbedingungen. Diese nachstehenden&nbsp;Bedingungen gelten f\u00fcr alle Leistungen, die der Auftragnehmer oder ein von ihm&nbsp;namhaft gemachtes Subunternehmen im Rahmen dieses Vertrages durchf\u00fchrt. 1.2 M\u00fcndlich vereinbarte \u00c4nderungen oder Erg\u00e4nzungen dieses Vertrages sind nur wirksam,&nbsp;wenn sie vom Auftragnehmer schriftlich best\u00e4tigt worden sind. 1.3 Angebote [&hellip;]<\/p>\n","protected":false},"author":1,"featured_media":0,"parent":88,"menu_order":11,"comment_status":"closed","ping_status":"closed","template":"","meta":{"footnotes":""},"class_list":["post-217","page","type-page","status-publish","hentry"],"jetpack_sharing_enabled":true,"_links":{"self":[{"href":"https:\/\/audio-tools.at\/index.php\/wp-json\/wp\/v2\/pages\/217","targetHints":{"allow":["GET"]}}],"collection":[{"href":"https:\/\/audio-tools.at\/index.php\/wp-json\/wp\/v2\/pages"}],"about":[{"href":"https:\/\/audio-tools.at\/index.php\/wp-json\/wp\/v2\/types\/page"}],"author":[{"embeddable":true,"href":"https:\/\/audio-tools.at\/index.php\/wp-json\/wp\/v2\/users\/1"}],"replies":[{"embeddable":true,"href":"https:\/\/audio-tools.at\/index.php\/wp-json\/wp\/v2\/comments?post=217"}],"version-history":[{"count":10,"href":"https:\/\/audio-tools.at\/index.php\/wp-json\/wp\/v2\/pages\/217\/revisions"}],"predecessor-version":[{"id":1854,"href":"https:\/\/audio-tools.at\/index.php\/wp-json\/wp\/v2\/pages\/217\/revisions\/1854"}],"up":[{"embeddable":true,"href":"https:\/\/audio-tools.at\/index.php\/wp-json\/wp\/v2\/pages\/88"}],"wp:attachment":[{"href":"https:\/\/audio-tools.at\/index.php\/wp-json\/wp\/v2\/media?parent=217"}],"curies":[{"name":"wp","href":"https:\/\/api.w.org\/{rel}","templated":true}]}}