{"id":89,"date":"2019-10-03T07:59:25","date_gmt":"2019-10-03T07:59:25","guid":{"rendered":"https:\/\/audio-tools.at\/index.php\/about-us\/"},"modified":"2020-11-11T17:50:31","modified_gmt":"2020-11-11T17:50:31","slug":"about-us","status":"publish","type":"page","link":"https:\/\/audio-tools.at\/index.php\/about-us\/","title":{"rendered":"\u00dcber uns"},"content":{"rendered":"\t\t<div data-elementor-type=\"wp-page\" data-elementor-id=\"89\" class=\"elementor elementor-89\">\n\t\t\t\t\t\t<section class=\"elementor-section elementor-top-section elementor-element elementor-element-2fc2f7b elementor-section-content-middle elementor-reverse-mobile elementor-section-boxed elementor-section-height-default elementor-section-height-default\" data-id=\"2fc2f7b\" data-element_type=\"section\" data-e-type=\"section\">\n\t\t\t\t\t\t<div class=\"elementor-container elementor-column-gap-default\">\n\t\t\t\t\t<div class=\"aux-parallax-section elementor-column elementor-col-50 elementor-top-column elementor-element elementor-element-09cb278\" data-id=\"09cb278\" data-element_type=\"column\" data-e-type=\"column\">\n\t\t\t<div class=\"elementor-widget-wrap\">\n\t\t\t\t\t\t\t<\/div>\n\t\t<\/div>\n\t\t\t\t<div class=\"aux-parallax-section elementor-column elementor-col-50 elementor-top-column elementor-element elementor-element-f80096d\" data-id=\"f80096d\" data-element_type=\"column\" data-e-type=\"column\">\n\t\t\t<div class=\"elementor-widget-wrap elementor-element-populated\">\n\t\t\t\t\t\t<div class=\"elementor-element elementor-element-df0e8d5 aux-appear-watch-animation aux-fade-in-down elementor-widget elementor-widget-aux_image\" data-id=\"df0e8d5\" data-element_type=\"widget\" data-e-type=\"widget\" data-widget_type=\"aux_image.default\">\n\t\t\t\t<div class=\"elementor-widget-container\">\n\t\t\t\t\t<section class=\"widget-container aux-widget-image aux-alignnone aux-parent-au078680b4\">\n    <div class=\"aux-media-hint-frame \">\n        <div class=\"aux-media-image \" >\n        \n            \n\n            \n            <img fetchpriority=\"high\" decoding=\"async\" width=\"1980\" height=\"1080\" src=\"data:image\/gif;base64,R0lGODlhAQABAIAAAAAAAP\/\/\/yH5BAEAAAAALAAAAAABAAEAAAIBRAA7\" class=\"aux-attachment aux-featured-image aux-attachment-id-146 aux-preload aux-blank\" alt=\"CS_Family_1920-home-page-Left-side-\" data-ratio=\"1.83\" data-original-w=\"1980\" data-src=\"https:\/\/audio-tools.at\/wp-content\/uploads\/2020\/08\/CS_Family_1920-home-page-Left-side-.jpg\" \/>            \n                <\/div>\n    <\/div>\n\n<\/section><!-- widget-container -->\t\t\t\t<\/div>\n\t\t\t\t<\/div>\n\t\t\t\t<div class=\"elementor-element elementor-element-5ffebb1 aux-appear-watch-animation aux-fade-in-up elementor-widget elementor-widget-aux_modern_heading\" data-id=\"5ffebb1\" data-element_type=\"widget\" data-e-type=\"widget\" data-widget_type=\"aux_modern_heading.default\">\n\t\t\t\t<div class=\"elementor-widget-container\">\n\t\t\t\t\t<section class=\"aux-widget-modern-heading\">\n            <div class=\"aux-widget-inner\"><h2 class=\"aux-modern-heading-primary\">Willkommen auf Audio-Tools<\/h2><h3 class=\"aux-modern-heading-secondary\"><span class=\"aux-head-before\">Wer ist Audio-Tools<\/span><\/h3><div class=\"aux-modern-heading-description\"><p>Audio-Tools ist die neue Onlineplattform von G\u00fcnther Huemer Beschallungstechnik aus Eferding in Ober\u00f6sterreich.<\/p><p>G\u00fcnther kann \u00fcber 25 Jahre Erfahrung in den Bereichen Veranstaltungstechnik &amp; Installationen vorweisen und ist der kompetente Partner f\u00fcr individuelle hochwertige L\u00f6sungen.\u00a0\u00a0<\/p><p>Sein Ziel ist es, mit sehr hochwertigen Produkten, einer vern\u00fcnftigen Planung und pr\u00e4ziser Ausf\u00fchrung den Erfolg Ihrer Veranstaltung oder Installation zu garantieren.\u00a0<\/p><p>Im Shopbereich finden Sie einen kleinen Auszug des lieferbaren Sortiments, f\u00fcr eine weiterf\u00fchrende Anfrage freuen wir uns auf ein pers\u00f6nliches Gespr\u00e4ch.<\/p><\/div><\/div>\n        <\/section>\t\t\t\t<\/div>\n\t\t\t\t<\/div>\n\t\t\t\t<div class=\"elementor-element elementor-element-98a493c aux-appear-watch-animation aux-fade-in-up elementor-widget elementor-widget-aux_button\" data-id=\"98a493c\" data-element_type=\"widget\" data-e-type=\"widget\" data-widget_type=\"aux_button.default\">\n\t\t\t\t<div class=\"elementor-widget-container\">\n\t\t\t\t\t<a  href=\"https:\/\/audio-tools.at\/index.php\/contact-us\/\" target=\"_self\"   class=\"aux-button aux-medium aux-carmine-pink aux-curve aux-none aux-uppercase\" ><span class=\"aux-overlay\"><\/span><span class=\"aux-text\">kontakt<\/span><\/a>\t\t\t\t<\/div>\n\t\t\t\t<\/div>\n\t\t\t\t\t<\/div>\n\t\t<\/div>\n\t\t\t\t\t<\/div>\n\t\t<\/section>\n\t\t\t\t<\/div>\n\t\t","protected":false},"excerpt":{"rendered":"<p>Willkommen auf Audio-Tools Wer ist Audio-Tools Audio-Tools ist die neue Onlineplattform von G\u00fcnther Huemer Beschallungstechnik aus Eferding in Ober\u00f6sterreich. G\u00fcnther kann \u00fcber 25 Jahre Erfahrung in den Bereichen Veranstaltungstechnik &amp; Installationen vorweisen und ist der kompetente Partner f\u00fcr individuelle hochwertige L\u00f6sungen.&nbsp;&nbsp; Sein Ziel ist es, mit sehr hochwertigen Produkten, einer vern\u00fcnftigen Planung und pr\u00e4ziser Ausf\u00fchrung [&hellip;]<\/p>\n","protected":false},"author":1,"featured_media":0,"parent":0,"menu_order":25,"comment_status":"closed","ping_status":"closed","template":"templates\/page-builder-content.php","meta":{"footnotes":""},"class_list":["post-89","page","type-page","status-publish","hentry"],"jetpack_sharing_enabled":true,"_links":{"self":[{"href":"https:\/\/audio-tools.at\/index.php\/wp-json\/wp\/v2\/pages\/89","targetHints":{"allow":["GET"]}}],"collection":[{"href":"https:\/\/audio-tools.at\/index.php\/wp-json\/wp\/v2\/pages"}],"about":[{"href":"https:\/\/audio-tools.at\/index.php\/wp-json\/wp\/v2\/types\/page"}],"author":[{"embeddable":true,"href":"https:\/\/audio-tools.at\/index.php\/wp-json\/wp\/v2\/users\/1"}],"replies":[{"embeddable":true,"href":"https:\/\/audio-tools.at\/index.php\/wp-json\/wp\/v2\/comments?post=89"}],"version-history":[{"count":11,"href":"https:\/\/audio-tools.at\/index.php\/wp-json\/wp\/v2\/pages\/89\/revisions"}],"predecessor-version":[{"id":839,"href":"https:\/\/audio-tools.at\/index.php\/wp-json\/wp\/v2\/pages\/89\/revisions\/839"}],"wp:attachment":[{"href":"https:\/\/audio-tools.at\/index.php\/wp-json\/wp\/v2\/media?parent=89"}],"curies":[{"name":"wp","href":"https:\/\/api.w.org\/{rel}","templated":true}]}}