{"id":1013,"date":"2020-11-26T14:34:17","date_gmt":"2020-11-26T14:34:17","guid":{"rendered":"https:\/\/audio-tools.at\/?post_type=product&#038;p=1013"},"modified":"2020-11-26T14:34:17","modified_gmt":"2020-11-26T14:34:17","slug":"bhd-skin-disinfect-liquid-haendedesinfektion-1000ml","status":"publish","type":"product","link":"https:\/\/audio-tools.at\/index.php\/produkt\/bhd-skin-disinfect-liquid-haendedesinfektion-1000ml\/","title":{"rendered":"BHD Skin Disinfect Liquid H\u00e4ndedesinfektion 1000ml"},"content":{"rendered":"<p>Fl\u00fcssige Gebrauchsl\u00f6sung ohne\u00a0Parfum zur hygienischen und chirurgischen H\u00e4ndedesinfektion<\/p>\n<p>gebrauchsfertig, r\u00fcckfettend, hygienisch<\/p>\n<p>Anwendung: Die H\u00e4nde gr\u00fcndlich mit dem Produkt einreiben und \u00fcber die gesamten Einwirkzeiten feucht halten<\/p>\n<p>Einwirkzeiten:<\/p>\n<ul>\n<li>Hygienische H\u00e4ndedesinfektion nach EN 1500, Konz. 30 sec.<\/li>\n<li>Chirurgische H\u00e4ndedesinfektion nach EN 12791, Konz. 3,0 min.<\/li>\n<li>Bakterizid nach EN 13727 und EN 1276 und gem. VAH-Methode (hohe Belastung), Konz. 30 sec.<\/li>\n<li>Levurozid bzw. Fungizid nach EN 13624 und EN 1650 und gem. VAH-Methode (hohe Belastung), Konz. 30 sec.<\/li>\n<li>Mykrobakterizid nach EN 14348 (hohe Belastung), Konz. 30 sec.<\/li>\n<li>Begrenzt viruzid Plus nach EN 14476 (niedrige Belastung): unbeh\u00fcllte Viren zB. Adeno &#8211; und Rotavieren, Konz. 60 sec.<\/li>\n<li>Noroviren, Konz. 30 sec.<\/li>\n<li>beh\u00fcllte Viren (z.B. HIV, HBV,HCV, MVA, Influenza), Konz. 60 sec.<\/li>\n<\/ul>\n","protected":false},"excerpt":{"rendered":"<p>Fl\u00fcssige Gebrauchsl\u00f6sung ohne\u00a0Parfum zur hygienischen und chirurgischen H\u00e4ndedesinfektion gebrauchsfertig, r\u00fcckfettend, hygienisch Anwendung: Die H\u00e4nde gr\u00fcndlich mit dem Produkt einreiben und \u00fcber die gesamten Einwirkzeiten feucht halten Einwirkzeiten: Hygienische H\u00e4ndedesinfektion nach EN 1500, Konz. 30 sec. Chirurgische H\u00e4ndedesinfektion nach EN 12791, Konz. 3,0 min. Bakterizid nach EN 13727 und EN 1276 und gem. VAH-Methode (hohe Belastung), [&hellip;]<\/p>\n","protected":false},"featured_media":1014,"comment_status":"closed","ping_status":"closed","template":"","meta":[],"product_brand":[],"product_cat":[299],"product_tag":[333,332,330,331],"class_list":{"0":"post-1013","1":"product","2":"type-product","3":"status-publish","4":"has-post-thumbnail","6":"product_cat-desinfektion","7":"product_tag-bhd-skindisinfect","8":"product_tag-chirurgische-haendedesinfektion","9":"product_tag-handdesinfektion","10":"product_tag-hygienische-haendedesinfektion","12":"first","13":"instock","14":"sale","15":"taxable","16":"shipping-taxable","17":"purchasable","18":"product-type-simple"},"jetpack_sharing_enabled":true,"_links":{"self":[{"href":"https:\/\/audio-tools.at\/index.php\/wp-json\/wp\/v2\/product\/1013","targetHints":{"allow":["GET"]}}],"collection":[{"href":"https:\/\/audio-tools.at\/index.php\/wp-json\/wp\/v2\/product"}],"about":[{"href":"https:\/\/audio-tools.at\/index.php\/wp-json\/wp\/v2\/types\/product"}],"replies":[{"embeddable":true,"href":"https:\/\/audio-tools.at\/index.php\/wp-json\/wp\/v2\/comments?post=1013"}],"wp:featuredmedia":[{"embeddable":true,"href":"https:\/\/audio-tools.at\/index.php\/wp-json\/wp\/v2\/media\/1014"}],"wp:attachment":[{"href":"https:\/\/audio-tools.at\/index.php\/wp-json\/wp\/v2\/media?parent=1013"}],"wp:term":[{"taxonomy":"product_brand","embeddable":true,"href":"https:\/\/audio-tools.at\/index.php\/wp-json\/wp\/v2\/product_brand?post=1013"},{"taxonomy":"product_cat","embeddable":true,"href":"https:\/\/audio-tools.at\/index.php\/wp-json\/wp\/v2\/product_cat?post=1013"},{"taxonomy":"product_tag","embeddable":true,"href":"https:\/\/audio-tools.at\/index.php\/wp-json\/wp\/v2\/product_tag?post=1013"}],"curies":[{"name":"wp","href":"https:\/\/api.w.org\/{rel}","templated":true}]}}