{"id":1021,"date":"2020-11-29T16:29:07","date_gmt":"2020-11-29T16:29:07","guid":{"rendered":"https:\/\/audio-tools.at\/?post_type=product&#038;p=1021"},"modified":"2020-11-29T16:29:08","modified_gmt":"2020-11-29T16:29:08","slug":"blacklaeder-softshell-jacke-mit-kaputze-4749","status":"publish","type":"product","link":"https:\/\/audio-tools.at\/index.php\/produkt\/blacklaeder-softshell-jacke-mit-kaputze-4749\/","title":{"rendered":"Blackl\u00e4der Softshell Jacke mit Kaputze 4749"},"content":{"rendered":"<p>Flexible und vielseitige Softshell Jacke mit verstellbarer Kapuze. Dunkle Reflektoren an Schultern und R\u00fccken sowie robuste Rei\u00dfverschl\u00fcsse. Die Jacke wurde entwickelt, um maximale Bewegungsfreiheit zu bieten und sie besteht aus einem dehnbaren, wind- und wasserdichten Stoff.<\/p>\n<h3>STOFF<\/h3>\n<p>92% Polyester, 8% Elastan, 3-Lagen Softshell, wasserdicht 10.000 mm, winddicht, atmungsaktiv 4.000 g\/m\u00b2\/24h, Stretch, 255 g\/m\u00b2<\/p>\n<h3>FUNKTIONALIT\u00c4T<\/h3>\n<p>Wind- &amp; wasserabweisendes Material, nicht verschwei\u00dfte N\u00e4hte, 2-Wege-Stretch<\/p>\n<h3>DETAILS<\/h3>\n<p>Metallknopf<br \/>\nFleecegef\u00fctterter Kragen<br \/>\nAbnehmbare, verstellbare Kapuze<\/p>\n<h3>FRONTVERSCHLUSS<\/h3>\n<p>Rei\u00dfverschluss vorne mit Kinnschutz aus Fleece, Robuster Rei\u00dfverschluss aus Kunststoff<\/p>\n<h3>TASCHEN<\/h3>\n<p>Brusttaschen mit Rei\u00dfverschluss<br \/>\nVordertaschen mit Rei\u00dfverschl\u00fcssen<br \/>\nInnentaschen<\/p>\n<h3>ABSCHLUSS<\/h3>\n<p>Verl\u00e4ngerter R\u00fccken, Verstellbarer Bund mit Kordelzug<br \/>\nEinstellbarer Armabschluss mit Klettverschluss und B\u00fcndchen<\/p>\n<h3>REFLEX<\/h3>\n<p>Dunkle Reflexstreifen an Schultern und R\u00fccken<\/p>\n<p>Gr\u00f6\u00dfen: S, M, L, XL, XXL, XXXL, 4XL<\/p>\n<p>Farben: 9900 schwarz, 9956 schwarz\/rot, 9933 schwarz\/gelb, 9989 Dunkelgrau\/schwarz, 8635 Dunkelblau\/gelb, 9899 Dunkelgrau\/schwarz<\/p>\n","protected":false},"excerpt":{"rendered":"<p>Flexible und vielseitige Softshell Jacke mit verstellbarer Kapuze. Dunkle Reflektoren an Schultern und R\u00fccken sowie robuste Rei\u00dfverschl\u00fcsse. Die Jacke wurde entwickelt, um maximale Bewegungsfreiheit zu bieten und sie besteht aus einem dehnbaren, wind- und wasserdichten Stoff. STOFF 92% Polyester, 8% Elastan, 3-Lagen Softshell, wasserdicht 10.000 mm, winddicht, atmungsaktiv 4.000 g\/m\u00b2\/24h, Stretch, 255 g\/m\u00b2 FUNKTIONALIT\u00c4T Wind- [&hellip;]<\/p>\n","protected":false},"featured_media":1022,"comment_status":"closed","ping_status":"closed","template":"","meta":[],"product_brand":[],"product_cat":[338],"product_tag":[340,341,339],"class_list":{"0":"post-1021","1":"product","2":"type-product","3":"status-publish","4":"has-post-thumbnail","6":"product_cat-workwear","7":"product_tag-blacklaeder","8":"product_tag-jacke-mit-kaputze","9":"product_tag-softshell-jacke","11":"first","12":"instock","13":"sale","14":"taxable","15":"shipping-taxable","16":"purchasable","17":"product-type-simple"},"jetpack_sharing_enabled":true,"_links":{"self":[{"href":"https:\/\/audio-tools.at\/index.php\/wp-json\/wp\/v2\/product\/1021","targetHints":{"allow":["GET"]}}],"collection":[{"href":"https:\/\/audio-tools.at\/index.php\/wp-json\/wp\/v2\/product"}],"about":[{"href":"https:\/\/audio-tools.at\/index.php\/wp-json\/wp\/v2\/types\/product"}],"replies":[{"embeddable":true,"href":"https:\/\/audio-tools.at\/index.php\/wp-json\/wp\/v2\/comments?post=1021"}],"wp:featuredmedia":[{"embeddable":true,"href":"https:\/\/audio-tools.at\/index.php\/wp-json\/wp\/v2\/media\/1022"}],"wp:attachment":[{"href":"https:\/\/audio-tools.at\/index.php\/wp-json\/wp\/v2\/media?parent=1021"}],"wp:term":[{"taxonomy":"product_brand","embeddable":true,"href":"https:\/\/audio-tools.at\/index.php\/wp-json\/wp\/v2\/product_brand?post=1021"},{"taxonomy":"product_cat","embeddable":true,"href":"https:\/\/audio-tools.at\/index.php\/wp-json\/wp\/v2\/product_cat?post=1021"},{"taxonomy":"product_tag","embeddable":true,"href":"https:\/\/audio-tools.at\/index.php\/wp-json\/wp\/v2\/product_tag?post=1021"}],"curies":[{"name":"wp","href":"https:\/\/api.w.org\/{rel}","templated":true}]}}