{"id":1025,"date":"2020-11-29T16:36:06","date_gmt":"2020-11-29T16:36:06","guid":{"rendered":"https:\/\/audio-tools.at\/?post_type=product&#038;p=1025"},"modified":"2020-11-29T16:36:07","modified_gmt":"2020-11-29T16:36:07","slug":"blacklaeder-sofshelljacke-mit-kaputze-4753","status":"publish","type":"product","link":"https:\/\/audio-tools.at\/index.php\/produkt\/blacklaeder-sofshelljacke-mit-kaputze-4753\/","title":{"rendered":"Blackl\u00e4der Sofshelljacke mit Kaputze 4753"},"content":{"rendered":"<p>Eine weiche Softshell Jacke aus der Unite Kollektion mit einem komfortablen Stoff, der windabweisend ist und eine gute Atmungsaktivit\u00e4t hat. F\u00fcr optimalen Komfort hat die Jacke vorgeformte \u00c4rmel, einen verl\u00e4ngerten R\u00fccken und einen Fleece gef\u00fctterten Kragen. Die Jacke ist an den \u00c4rmeln und am Bund einstellbar und sie hat mehrere Taschen. Sie hat eine einstellbare Kapuze mit Kordelzug.<\/p>\n<h3>STOFF<\/h3>\n<p>100% Polyester, 2-lagig, Softshell, versiegelt, wasserabweisend 255 g\/m\u00b2<\/p>\n<h3>FUNKTIONALIT\u00c4T<\/h3>\n<p>Winddicht mit guter Atmungsaktivit\u00e4t<\/p>\n<h3>DETAILS<\/h3>\n<p>Feste, verstellbare Kapuze<\/p>\n<h3>FRONTVERSCHLUSS<\/h3>\n<p>Rei\u00dfverschluss vorne mit Kinnschutz aus Fleece, Rei\u00dfverschluss aus Kunststoff<\/p>\n<h3>TASCHEN<\/h3>\n<p>Brusttasche mit Rei\u00dfverschluss<br \/>\nVordertaschen mit Rei\u00dfverschl\u00fcssen<br \/>\nInnentaschen<\/p>\n<h3>ABSCHLUSS<\/h3>\n<p>Verl\u00e4ngerter R\u00fccken, Verstellbarer Bund mit Kordelzug<br \/>\nVerstellbare \u00c4rmelb\u00fcndchen mit Klettverschluss<\/p>\n<p>Gr\u00f6\u00dfen: XS, S, M, L, XL, XXL, XXXL, 4XL<\/p>\n<p>&nbsp;<\/p>\n","protected":false},"excerpt":{"rendered":"<p>Eine weiche Softshell Jacke aus der Unite Kollektion mit einem komfortablen Stoff, der windabweisend ist und eine gute Atmungsaktivit\u00e4t hat. F\u00fcr optimalen Komfort hat die Jacke vorgeformte \u00c4rmel, einen verl\u00e4ngerten R\u00fccken und einen Fleece gef\u00fctterten Kragen. Die Jacke ist an den \u00c4rmeln und am Bund einstellbar und sie hat mehrere Taschen. Sie hat eine einstellbare [&hellip;]<\/p>\n","protected":false},"featured_media":1026,"comment_status":"closed","ping_status":"closed","template":"","meta":[],"product_brand":[],"product_cat":[338],"product_tag":[340,343,342],"class_list":{"0":"post-1025","1":"product","2":"type-product","3":"status-publish","4":"has-post-thumbnail","6":"product_cat-workwear","7":"product_tag-blacklaeder","8":"product_tag-kaputzenjacke","9":"product_tag-softshelljacke","11":"first","12":"instock","13":"sale","14":"taxable","15":"shipping-taxable","16":"purchasable","17":"product-type-simple"},"jetpack_sharing_enabled":true,"_links":{"self":[{"href":"https:\/\/audio-tools.at\/index.php\/wp-json\/wp\/v2\/product\/1025","targetHints":{"allow":["GET"]}}],"collection":[{"href":"https:\/\/audio-tools.at\/index.php\/wp-json\/wp\/v2\/product"}],"about":[{"href":"https:\/\/audio-tools.at\/index.php\/wp-json\/wp\/v2\/types\/product"}],"replies":[{"embeddable":true,"href":"https:\/\/audio-tools.at\/index.php\/wp-json\/wp\/v2\/comments?post=1025"}],"wp:featuredmedia":[{"embeddable":true,"href":"https:\/\/audio-tools.at\/index.php\/wp-json\/wp\/v2\/media\/1026"}],"wp:attachment":[{"href":"https:\/\/audio-tools.at\/index.php\/wp-json\/wp\/v2\/media?parent=1025"}],"wp:term":[{"taxonomy":"product_brand","embeddable":true,"href":"https:\/\/audio-tools.at\/index.php\/wp-json\/wp\/v2\/product_brand?post=1025"},{"taxonomy":"product_cat","embeddable":true,"href":"https:\/\/audio-tools.at\/index.php\/wp-json\/wp\/v2\/product_cat?post=1025"},{"taxonomy":"product_tag","embeddable":true,"href":"https:\/\/audio-tools.at\/index.php\/wp-json\/wp\/v2\/product_tag?post=1025"}],"curies":[{"name":"wp","href":"https:\/\/api.w.org\/{rel}","templated":true}]}}