{"id":1029,"date":"2020-11-29T16:44:21","date_gmt":"2020-11-29T16:44:21","guid":{"rendered":"https:\/\/audio-tools.at\/?post_type=product&#038;p=1029"},"modified":"2020-11-29T16:44:21","modified_gmt":"2020-11-29T16:44:21","slug":"blacklaeder-softshelljacke-4950","status":"publish","type":"product","link":"https:\/\/audio-tools.at\/index.php\/produkt\/blacklaeder-softshelljacke-4950\/","title":{"rendered":"Blackl\u00e4der Softshelljacke 4950"},"content":{"rendered":"<p>Leichte, Ripstop-gewebte Softshell Jacke, windabweisend und atmungsaktiv.\u00a0F\u00fcr optimalen Tragekomfort besitzt die Jacke vorgeformte \u00c4rmel, einen verl\u00e4ngerten R\u00fccken und Fleece im Kragen.\u00a0Die Jacke hat einen einstellbaren Arm- und Bundabschluss und viele praktische Taschenl\u00f6sungen.<\/p>\n<h3>STOFF<\/h3>\n<p>100% Polyester, 2-lagig, Softshell, versiegelt, wasserabweisend 255 g\/m\u00b2<\/p>\n<h3>FUNKTIONALIT\u00c4T<\/h3>\n<p>Winddicht mit guter Atmungsaktivit\u00e4t<\/p>\n<h3>DETAILS<\/h3>\n<p>Fleecegef\u00fctterter Kragen<\/p>\n<h3>FRONTVERSCHLUSS<\/h3>\n<p>Rei\u00dfverschluss vorne mit Kinnschutz aus Fleece, Rei\u00dfverschluss aus Kunststoff<\/p>\n<h3>TASCHEN<\/h3>\n<p>Brusttasche mit Rei\u00dfverschluss<br \/>\nVordertaschen mit Rei\u00dfverschl\u00fcssen<br \/>\nInnentaschen<\/p>\n<h3>ABSCHLUSS<\/h3>\n<p>Verl\u00e4ngerter R\u00fccken, Verstellbarer Bund mit Kordelzug<br \/>\nVerstellbare \u00c4rmelb\u00fcndchen mit Klettverschluss<\/p>\n<p>Gr\u00f6\u00dfen: XS, S, M, L, XL, XXL, XXXL, 4XL<\/p>\n","protected":false},"excerpt":{"rendered":"<p>Leichte, Ripstop-gewebte Softshell Jacke, windabweisend und atmungsaktiv.\u00a0F\u00fcr optimalen Tragekomfort besitzt die Jacke vorgeformte \u00c4rmel, einen verl\u00e4ngerten R\u00fccken und Fleece im Kragen.\u00a0Die Jacke hat einen einstellbaren Arm- und Bundabschluss und viele praktische Taschenl\u00f6sungen. STOFF 100% Polyester, 2-lagig, Softshell, versiegelt, wasserabweisend 255 g\/m\u00b2 FUNKTIONALIT\u00c4T Winddicht mit guter Atmungsaktivit\u00e4t DETAILS Fleecegef\u00fctterter Kragen FRONTVERSCHLUSS Rei\u00dfverschluss vorne mit Kinnschutz aus [&hellip;]<\/p>\n","protected":false},"featured_media":1030,"comment_status":"closed","ping_status":"closed","template":"","meta":[],"product_brand":[],"product_cat":[338],"product_tag":[344,340,345,342],"class_list":{"0":"post-1029","1":"product","2":"type-product","3":"status-publish","4":"has-post-thumbnail","6":"product_cat-workwear","7":"product_tag-344","8":"product_tag-blacklaeder","9":"product_tag-ripstop-gewebte-jacke","10":"product_tag-softshelljacke","12":"first","13":"instock","14":"sale","15":"taxable","16":"shipping-taxable","17":"purchasable","18":"product-type-simple"},"jetpack_sharing_enabled":true,"_links":{"self":[{"href":"https:\/\/audio-tools.at\/index.php\/wp-json\/wp\/v2\/product\/1029","targetHints":{"allow":["GET"]}}],"collection":[{"href":"https:\/\/audio-tools.at\/index.php\/wp-json\/wp\/v2\/product"}],"about":[{"href":"https:\/\/audio-tools.at\/index.php\/wp-json\/wp\/v2\/types\/product"}],"replies":[{"embeddable":true,"href":"https:\/\/audio-tools.at\/index.php\/wp-json\/wp\/v2\/comments?post=1029"}],"wp:featuredmedia":[{"embeddable":true,"href":"https:\/\/audio-tools.at\/index.php\/wp-json\/wp\/v2\/media\/1030"}],"wp:attachment":[{"href":"https:\/\/audio-tools.at\/index.php\/wp-json\/wp\/v2\/media?parent=1029"}],"wp:term":[{"taxonomy":"product_brand","embeddable":true,"href":"https:\/\/audio-tools.at\/index.php\/wp-json\/wp\/v2\/product_brand?post=1029"},{"taxonomy":"product_cat","embeddable":true,"href":"https:\/\/audio-tools.at\/index.php\/wp-json\/wp\/v2\/product_cat?post=1029"},{"taxonomy":"product_tag","embeddable":true,"href":"https:\/\/audio-tools.at\/index.php\/wp-json\/wp\/v2\/product_tag?post=1029"}],"curies":[{"name":"wp","href":"https:\/\/api.w.org\/{rel}","templated":true}]}}