{"id":1040,"date":"2020-11-29T17:04:56","date_gmt":"2020-11-29T17:04:56","guid":{"rendered":"https:\/\/audio-tools.at\/?post_type=product&#038;p=1040"},"modified":"2020-11-29T17:04:56","modified_gmt":"2020-11-29T17:04:56","slug":"blacklaeder-hybrid-sweater-3463","status":"publish","type":"product","link":"https:\/\/audio-tools.at\/index.php\/produkt\/blacklaeder-hybrid-sweater-3463\/","title":{"rendered":"Blackl\u00e4der Hybrid Sweater 3463"},"content":{"rendered":"<p>Dieses Sweatshirt ist der ultimative Allrounder.\u00a0 Es funktioniert genauso gut wie eine Jacke, je nachdem, was Sie gerade tun. Diese Sweatshirt-Jacke hat eine gesteppte Vorderseite und ist ungef\u00fcttert. Ein hervorragendes Kleidungsst\u00fcck zum Bedrucken mit Ihrem Firmenlogo.<\/p>\n<h3>STOFF<\/h3>\n<p>100% Polyester, Pikee Fleece, einseitig aufgeb\u00fcrstet, 260 g\/m\u00b2<\/p>\n<h3>FUNKTIONALIT\u00c4T<\/h3>\n<p>Wattiertes Material vorne<\/p>\n<h3>DETAILS<\/h3>\n<p>Feste Kapuze<br \/>\nGute Oberfl\u00e4chen f\u00fcr Veredelung<\/p>\n<h3>FRONTVERSCHLUSS<\/h3>\n<p>Rei\u00dfverschluss aus Kunststoff, Windleiste innen<\/p>\n<h3>TASCHEN<\/h3>\n<p>Vordertaschen mit Rei\u00dfverschl\u00fcssen<\/p>\n<h3>ABSCHLUSS<\/h3>\n<p>Gerippter Bund<br \/>\nArmabschluss mit B\u00fcndchen<\/p>\n<p>Gr\u00f6\u00dfen: XS, S, M, L, XL, XXL, XXXL, 4XL<\/p>\n","protected":false},"excerpt":{"rendered":"<p>Dieses Sweatshirt ist der ultimative Allrounder.\u00a0 Es funktioniert genauso gut wie eine Jacke, je nachdem, was Sie gerade tun. Diese Sweatshirt-Jacke hat eine gesteppte Vorderseite und ist ungef\u00fcttert. Ein hervorragendes Kleidungsst\u00fcck zum Bedrucken mit Ihrem Firmenlogo. STOFF 100% Polyester, Pikee Fleece, einseitig aufgeb\u00fcrstet, 260 g\/m\u00b2 FUNKTIONALIT\u00c4T Wattiertes Material vorne DETAILS Feste Kapuze Gute Oberfl\u00e4chen f\u00fcr [&hellip;]<\/p>\n","protected":false},"featured_media":1041,"comment_status":"closed","ping_status":"closed","template":"","meta":[],"product_brand":[],"product_cat":[338],"product_tag":[354,353,351,352],"class_list":{"0":"post-1040","1":"product","2":"type-product","3":"status-publish","4":"has-post-thumbnail","6":"product_cat-workwear","7":"product_tag-allround-sweater","8":"product_tag-blacklaeder-3463","9":"product_tag-hybrid-sweater","10":"product_tag-sweater","12":"first","13":"instock","14":"sale","15":"taxable","16":"shipping-taxable","17":"purchasable","18":"product-type-simple"},"jetpack_sharing_enabled":true,"_links":{"self":[{"href":"https:\/\/audio-tools.at\/index.php\/wp-json\/wp\/v2\/product\/1040","targetHints":{"allow":["GET"]}}],"collection":[{"href":"https:\/\/audio-tools.at\/index.php\/wp-json\/wp\/v2\/product"}],"about":[{"href":"https:\/\/audio-tools.at\/index.php\/wp-json\/wp\/v2\/types\/product"}],"replies":[{"embeddable":true,"href":"https:\/\/audio-tools.at\/index.php\/wp-json\/wp\/v2\/comments?post=1040"}],"wp:featuredmedia":[{"embeddable":true,"href":"https:\/\/audio-tools.at\/index.php\/wp-json\/wp\/v2\/media\/1041"}],"wp:attachment":[{"href":"https:\/\/audio-tools.at\/index.php\/wp-json\/wp\/v2\/media?parent=1040"}],"wp:term":[{"taxonomy":"product_brand","embeddable":true,"href":"https:\/\/audio-tools.at\/index.php\/wp-json\/wp\/v2\/product_brand?post=1040"},{"taxonomy":"product_cat","embeddable":true,"href":"https:\/\/audio-tools.at\/index.php\/wp-json\/wp\/v2\/product_cat?post=1040"},{"taxonomy":"product_tag","embeddable":true,"href":"https:\/\/audio-tools.at\/index.php\/wp-json\/wp\/v2\/product_tag?post=1040"}],"curies":[{"name":"wp","href":"https:\/\/api.w.org\/{rel}","templated":true}]}}