{"id":1044,"date":"2020-11-29T17:13:41","date_gmt":"2020-11-29T17:13:41","guid":{"rendered":"https:\/\/audio-tools.at\/?post_type=product&#038;p=1044"},"modified":"2020-11-29T17:13:41","modified_gmt":"2020-11-29T17:13:41","slug":"blacklaeder-sweatjacke-mit-reissverschluss-3362","status":"publish","type":"product","link":"https:\/\/audio-tools.at\/index.php\/produkt\/blacklaeder-sweatjacke-mit-reissverschluss-3362\/","title":{"rendered":"Blackl\u00e4der Sweatjacke mit Rei\u00dfverschlu\u00df 3362"},"content":{"rendered":"<p>Gem\u00fctliche Sweatjacke mit weichem, aufgerauten Innenfutter, hohem Kragen und zwei Seitentaschen.\u00a0Praktische Handytasche mit Rei\u00dfverschluss.<\/p>\n<h3>STOFF<\/h3>\n<p>100% Polyester, Pikee Fleece, einseitig aufgeb\u00fcrstet, 260 g\/m\u00b2<\/p>\n<h3>DETAILS<\/h3>\n<p>Hoher Kragen mit Rei\u00dfverschluss<\/p>\n<h3>FRONTVERSCHLUSS<\/h3>\n<p>Rei\u00dfverschluss aus Kunststoff, Windleiste innen<\/p>\n<h3>TASCHEN<\/h3>\n<p>K\u00e4ngurutasche mit Handy-Innentasche<\/p>\n<h3>ABSCHLUSS<\/h3>\n<p>\u00c4rmelb\u00fcndchen mit Gummizug<\/p>\n<p>Gr\u00f6\u00dfen: XS, S, M, L, XL, XXL, XXXL, 4XL<\/p>\n","protected":false},"excerpt":{"rendered":"<p>Gem\u00fctliche Sweatjacke mit weichem, aufgerauten Innenfutter, hohem Kragen und zwei Seitentaschen.\u00a0Praktische Handytasche mit Rei\u00dfverschluss. STOFF 100% Polyester, Pikee Fleece, einseitig aufgeb\u00fcrstet, 260 g\/m\u00b2 DETAILS Hoher Kragen mit Rei\u00dfverschluss FRONTVERSCHLUSS Rei\u00dfverschluss aus Kunststoff, Windleiste innen TASCHEN K\u00e4ngurutasche mit Handy-Innentasche ABSCHLUSS \u00c4rmelb\u00fcndchen mit Gummizug Gr\u00f6\u00dfen: XS, S, M, L, XL, XXL, XXXL, 4XL<\/p>\n","protected":false},"featured_media":1045,"comment_status":"closed","ping_status":"closed","template":"","meta":[],"product_brand":[],"product_cat":[338],"product_tag":[356,357,355],"class_list":{"0":"post-1044","1":"product","2":"type-product","3":"status-publish","4":"has-post-thumbnail","6":"product_cat-workwear","7":"product_tag-blacklaeder-3362","8":"product_tag-pikee-fleece","9":"product_tag-sweatjacke","11":"first","12":"instock","13":"sale","14":"taxable","15":"shipping-taxable","16":"purchasable","17":"product-type-simple"},"jetpack_sharing_enabled":true,"_links":{"self":[{"href":"https:\/\/audio-tools.at\/index.php\/wp-json\/wp\/v2\/product\/1044","targetHints":{"allow":["GET"]}}],"collection":[{"href":"https:\/\/audio-tools.at\/index.php\/wp-json\/wp\/v2\/product"}],"about":[{"href":"https:\/\/audio-tools.at\/index.php\/wp-json\/wp\/v2\/types\/product"}],"replies":[{"embeddable":true,"href":"https:\/\/audio-tools.at\/index.php\/wp-json\/wp\/v2\/comments?post=1044"}],"wp:featuredmedia":[{"embeddable":true,"href":"https:\/\/audio-tools.at\/index.php\/wp-json\/wp\/v2\/media\/1045"}],"wp:attachment":[{"href":"https:\/\/audio-tools.at\/index.php\/wp-json\/wp\/v2\/media?parent=1044"}],"wp:term":[{"taxonomy":"product_brand","embeddable":true,"href":"https:\/\/audio-tools.at\/index.php\/wp-json\/wp\/v2\/product_brand?post=1044"},{"taxonomy":"product_cat","embeddable":true,"href":"https:\/\/audio-tools.at\/index.php\/wp-json\/wp\/v2\/product_cat?post=1044"},{"taxonomy":"product_tag","embeddable":true,"href":"https:\/\/audio-tools.at\/index.php\/wp-json\/wp\/v2\/product_tag?post=1044"}],"curies":[{"name":"wp","href":"https:\/\/api.w.org\/{rel}","templated":true}]}}