{"id":1051,"date":"2020-11-29T17:28:44","date_gmt":"2020-11-29T17:28:44","guid":{"rendered":"https:\/\/audio-tools.at\/?post_type=product&#038;p=1051"},"modified":"2024-01-24T18:05:34","modified_gmt":"2024-01-24T18:05:34","slug":"blacklaeder-fleecejacke-4730","status":"publish","type":"product","link":"https:\/\/audio-tools.at\/index.php\/produkt\/blacklaeder-fleecejacke-4730\/","title":{"rendered":"Blakl\u00e4der Fleecejacke 4730"},"content":{"rendered":"<p>Zweifarbige Jacke aus anti-pilling Fleece Material. Sie hat Funktionen wie zwei ger\u00e4umige Vordertaschen mit Rei\u00dfverschluss, einen verl\u00e4ngerten\u00a0R\u00fccken, Rei\u00dfverschl\u00fcsse vorne und an der Brusttasche mit Reflexdetails.<\/p>\n<h3>STOFF<\/h3>\n<p>100 % Polyester, Microfleece, 260 g\/m\u00b2<\/p>\n<h3>DETAILS<\/h3>\n<p>Fleecegef\u00fctterter Kragen<\/p>\n<h3>FRONTVERSCHLUSS<\/h3>\n<p>Robuster Rei\u00dfverschluss aus Kunststoff<\/p>\n<h3>TASCHEN<\/h3>\n<p>Brusttasche mit Rei\u00dfverschluss<br \/>\nVordertaschen mit Rei\u00dfverschl\u00fcssen<\/p>\n<h3>ABSCHLUSS<\/h3>\n<p>Verl\u00e4ngerter R\u00fccken, Elastisches Band im unteren Saum<br \/>\n\u00c4rmelb\u00fcndchen mit Gummizug<\/p>\n","protected":false},"excerpt":{"rendered":"<p>Zweifarbige Jacke aus anti-pilling Fleece Material. Sie hat Funktionen wie zwei ger\u00e4umige Vordertaschen mit Rei\u00dfverschluss, einen verl\u00e4ngerten\u00a0R\u00fccken, Rei\u00dfverschl\u00fcsse vorne und an der Brusttasche mit Reflexdetails. STOFF 100 % Polyester, Microfleece, 260 g\/m\u00b2 DETAILS Fleecegef\u00fctterter Kragen FRONTVERSCHLUSS Robuster Rei\u00dfverschluss aus Kunststoff TASCHEN Brusttasche mit Rei\u00dfverschluss Vordertaschen mit Rei\u00dfverschl\u00fcssen ABSCHLUSS Verl\u00e4ngerter R\u00fccken, Elastisches Band im unteren Saum [&hellip;]<\/p>\n","protected":false},"featured_media":1052,"comment_status":"closed","ping_status":"closed","template":"","meta":[],"product_brand":[],"product_cat":[338],"product_tag":[364,363,340,362],"class_list":{"0":"post-1051","1":"product","2":"type-product","3":"status-publish","4":"has-post-thumbnail","6":"product_cat-workwear","7":"product_tag-364","8":"product_tag-anti-pilling-fleece","9":"product_tag-blacklaeder","10":"product_tag-fleecejacke","12":"first","13":"instock","14":"taxable","15":"shipping-taxable","16":"purchasable","17":"product-type-simple"},"jetpack_sharing_enabled":true,"_links":{"self":[{"href":"https:\/\/audio-tools.at\/index.php\/wp-json\/wp\/v2\/product\/1051","targetHints":{"allow":["GET"]}}],"collection":[{"href":"https:\/\/audio-tools.at\/index.php\/wp-json\/wp\/v2\/product"}],"about":[{"href":"https:\/\/audio-tools.at\/index.php\/wp-json\/wp\/v2\/types\/product"}],"replies":[{"embeddable":true,"href":"https:\/\/audio-tools.at\/index.php\/wp-json\/wp\/v2\/comments?post=1051"}],"wp:featuredmedia":[{"embeddable":true,"href":"https:\/\/audio-tools.at\/index.php\/wp-json\/wp\/v2\/media\/1052"}],"wp:attachment":[{"href":"https:\/\/audio-tools.at\/index.php\/wp-json\/wp\/v2\/media?parent=1051"}],"wp:term":[{"taxonomy":"product_brand","embeddable":true,"href":"https:\/\/audio-tools.at\/index.php\/wp-json\/wp\/v2\/product_brand?post=1051"},{"taxonomy":"product_cat","embeddable":true,"href":"https:\/\/audio-tools.at\/index.php\/wp-json\/wp\/v2\/product_cat?post=1051"},{"taxonomy":"product_tag","embeddable":true,"href":"https:\/\/audio-tools.at\/index.php\/wp-json\/wp\/v2\/product_tag?post=1051"}],"curies":[{"name":"wp","href":"https:\/\/api.w.org\/{rel}","templated":true}]}}