{"id":1055,"date":"2020-11-29T17:36:36","date_gmt":"2020-11-29T17:36:36","guid":{"rendered":"https:\/\/audio-tools.at\/?post_type=product&#038;p=1055"},"modified":"2024-01-24T18:04:30","modified_gmt":"2024-01-24T18:04:30","slug":"blacklaeder-shell-jacke-4790","status":"publish","type":"product","link":"https:\/\/audio-tools.at\/index.php\/produkt\/blacklaeder-shell-jacke-4790\/","title":{"rendered":"Blaklader Shell Jacke 4790"},"content":{"rendered":"<p>Shell Jacke mit verschwei\u00dften N\u00e4hten und wind- und wasserdichtem Obermaterial, das vor Wind, Regen und \u00e4u\u00dferem Verschlei\u00df sch\u00fctzt.\u00a0Die Shell Jacke integriert sich mit anderen Kleidungslagen, indem sie Feuchtigkeit ableitet.\u00a0Kordelzug und Stopper am Abschluss.\u00a0Abnehmbare Kapuze mit Meshfutter. Funktionelle Taschen\u00a0einschlie\u00dflich Innentasche und innenliegender\u00a0Handytasche.\u00a0Verl\u00e4ngerter R\u00fccken f\u00fcr guten Sitz. Zertifiziert nach\u00a0EN 343,\u00a0Klasse 3,3.<\/p>\n<h3>ZERTIFIZIERUNG<\/h3>\n<p>Nicht High Vis zertifiziert<\/p>\n<h3>STOFF<\/h3>\n<p>100% Polyester, Oxford, beschichtet, wasserdicht 15.000 mm, winddicht, atmungsaktiv 4.000 g\/m\u00b2\/24h, Ret 8,5, 200g\/m\u00b2<\/p>\n<h3>INNENFUTTER<\/h3>\n<p>Meshfutter<\/p>\n<h3>FUNKTIONALIT\u00c4T<\/h3>\n<p>Wind- &amp; wasserdichtes Material mit Atmungsaktivit\u00e4t, verschwei\u00dfte N\u00e4hte<\/p>\n<h3>DETAILS<\/h3>\n<p>Abnehmbare, verstellbare Kapuze, Abnehmbare Kapuze mit Meshfutter<br \/>\nRei\u00dfverschluss im Futter, f\u00fcr einfache Textilveredelung<br \/>\nAufdruck auf der Brust<\/p>\n<h3>FRONTVERSCHLUSS<\/h3>\n<p>Rei\u00dfverschluss aus Kunststoff<\/p>\n<h3>TASCHEN<\/h3>\n<p>Brusttasche mit Rei\u00dfverschluss<br \/>\nVordertaschen mit Rei\u00dfverschl\u00fcssen<br \/>\nInnentasche mit Rei\u00dfverschluss<\/p>\n<h3>ABSCHLUSS<\/h3>\n<p>Verstellbarer Bund mit Kordelzug<br \/>\nInnenb\u00fcndchen mit Daumenloch, Verstellbare \u00c4rmelb\u00fcndchen<\/p>\n<h3>REFLEX<\/h3>\n<p>Reflex-Druck an den \u00c4rmeln und Kapuze<\/p>\n<p>Gr\u00f6\u00dfen: XS, S, M, L, XL, XXL, XXXL, 4XL<\/p>\n","protected":false},"excerpt":{"rendered":"<p>Shell Jacke mit verschwei\u00dften N\u00e4hten und wind- und wasserdichtem Obermaterial, das vor Wind, Regen und \u00e4u\u00dferem Verschlei\u00df sch\u00fctzt.\u00a0Die Shell Jacke integriert sich mit anderen Kleidungslagen, indem sie Feuchtigkeit ableitet.\u00a0Kordelzug und Stopper am Abschluss.\u00a0Abnehmbare Kapuze mit Meshfutter. Funktionelle Taschen\u00a0einschlie\u00dflich Innentasche und innenliegender\u00a0Handytasche.\u00a0Verl\u00e4ngerter R\u00fccken f\u00fcr guten Sitz. Zertifiziert nach\u00a0EN 343,\u00a0Klasse 3,3. ZERTIFIZIERUNG Nicht High Vis zertifiziert STOFF [&hellip;]<\/p>\n","protected":false},"featured_media":1056,"comment_status":"closed","ping_status":"closed","template":"","meta":[],"product_brand":[],"product_cat":[338],"product_tag":[369,366,365,367,368],"class_list":{"0":"post-1055","1":"product","2":"type-product","3":"status-publish","4":"has-post-thumbnail","6":"product_cat-workwear","7":"product_tag-atmungsaktiv","8":"product_tag-blacklaeder-4790","9":"product_tag-shelljacke","10":"product_tag-wasserdicht","11":"product_tag-winddicht","13":"first","14":"instock","15":"taxable","16":"shipping-taxable","17":"purchasable","18":"product-type-simple"},"jetpack_sharing_enabled":true,"_links":{"self":[{"href":"https:\/\/audio-tools.at\/index.php\/wp-json\/wp\/v2\/product\/1055","targetHints":{"allow":["GET"]}}],"collection":[{"href":"https:\/\/audio-tools.at\/index.php\/wp-json\/wp\/v2\/product"}],"about":[{"href":"https:\/\/audio-tools.at\/index.php\/wp-json\/wp\/v2\/types\/product"}],"replies":[{"embeddable":true,"href":"https:\/\/audio-tools.at\/index.php\/wp-json\/wp\/v2\/comments?post=1055"}],"wp:featuredmedia":[{"embeddable":true,"href":"https:\/\/audio-tools.at\/index.php\/wp-json\/wp\/v2\/media\/1056"}],"wp:attachment":[{"href":"https:\/\/audio-tools.at\/index.php\/wp-json\/wp\/v2\/media?parent=1055"}],"wp:term":[{"taxonomy":"product_brand","embeddable":true,"href":"https:\/\/audio-tools.at\/index.php\/wp-json\/wp\/v2\/product_brand?post=1055"},{"taxonomy":"product_cat","embeddable":true,"href":"https:\/\/audio-tools.at\/index.php\/wp-json\/wp\/v2\/product_cat?post=1055"},{"taxonomy":"product_tag","embeddable":true,"href":"https:\/\/audio-tools.at\/index.php\/wp-json\/wp\/v2\/product_tag?post=1055"}],"curies":[{"name":"wp","href":"https:\/\/api.w.org\/{rel}","templated":true}]}}