{"id":1061,"date":"2020-12-01T09:23:57","date_gmt":"2020-12-01T09:23:57","guid":{"rendered":"https:\/\/audio-tools.at\/?post_type=product&#038;p=1061"},"modified":"2020-12-02T07:11:59","modified_gmt":"2020-12-02T07:11:59","slug":"etherma-solamagic-d2-2000-arc-na-dunkelstrahler","status":"publish","type":"product","link":"https:\/\/audio-tools.at\/index.php\/produkt\/etherma-solamagic-d2-2000-arc-na-dunkelstrahler\/","title":{"rendered":"Etherma Solamagic D2 2000 ARC NA Dunkelstrahler"},"content":{"rendered":"<p>Integrierter 3-Stufen Funkdimmer<\/p>\n<p>Leistung: 2000W<\/p>\n<p>Farbe: Nano-Anthrazit<\/p>\n<p>Der SOLAMAGIC\u00ae D2 ist ein leistungsstarker Premium-Dunkelstrahler mit 2000W. Der Dunkelstrahler ist f\u00fcr den Einsatz sowohl<br \/>\nim gesch\u00fctzten Aussenbereich als auch als Zusatzheizung in Winterg\u00e4rten oder Pavillions geeignet. Der D2 ist in zwei Ausf\u00fchrungen<br \/>\nerh\u00e4ltlich &#8211; als D2 BT mit integrierter Bluetooth Steuerung und als D2<br \/>\nARC mit integrierter Funk-Steuerung. Der D2 BT kann bequem per<br \/>\nBluetooth 4.1 \u00fcber eine App via Smartphone oder Tablet sowie mit dem<br \/>\nBT-Handsender gesteuert und gedimmt werden, der D2 ARC mit dem<br \/>\nFunk-Handsender (bitte separat bestellen).<\/p>\n<p>+ Innovatives &#8222;NO GLARE&#8220; Heizelement<br \/>\n+ Neues Schnellmontagesystem<br \/>\n+ In 3 Stufen dimmbar (33 % \/ 66 % \/ 100 %)<br \/>\n+ LED Anzeige f\u00fcr Dimmstufen<br \/>\n+ Mit Handsender regelbar<br \/>\n+ Bei Bluetooth 4.1 Steuerung auch per App \u00fcber Tablet<br \/>\noder Smartphone<\/p>\n","protected":false},"excerpt":{"rendered":"\n","protected":false},"featured_media":1062,"comment_status":"closed","ping_status":"closed","template":"","meta":[],"product_brand":[],"product_cat":[87],"product_tag":[371,373,374,372,370],"class_list":{"0":"post-1061","1":"product","2":"type-product","3":"status-publish","4":"has-post-thumbnail","6":"product_cat-tools","7":"product_tag-dunkelstrahler","8":"product_tag-etherma","9":"product_tag-funkdimmer","10":"product_tag-infrarotstrahler","11":"product_tag-solid-s2","13":"first","14":"instock","15":"taxable","16":"shipping-taxable","17":"purchasable","18":"product-type-simple"},"jetpack_sharing_enabled":true,"_links":{"self":[{"href":"https:\/\/audio-tools.at\/index.php\/wp-json\/wp\/v2\/product\/1061","targetHints":{"allow":["GET"]}}],"collection":[{"href":"https:\/\/audio-tools.at\/index.php\/wp-json\/wp\/v2\/product"}],"about":[{"href":"https:\/\/audio-tools.at\/index.php\/wp-json\/wp\/v2\/types\/product"}],"replies":[{"embeddable":true,"href":"https:\/\/audio-tools.at\/index.php\/wp-json\/wp\/v2\/comments?post=1061"}],"wp:featuredmedia":[{"embeddable":true,"href":"https:\/\/audio-tools.at\/index.php\/wp-json\/wp\/v2\/media\/1062"}],"wp:attachment":[{"href":"https:\/\/audio-tools.at\/index.php\/wp-json\/wp\/v2\/media?parent=1061"}],"wp:term":[{"taxonomy":"product_brand","embeddable":true,"href":"https:\/\/audio-tools.at\/index.php\/wp-json\/wp\/v2\/product_brand?post=1061"},{"taxonomy":"product_cat","embeddable":true,"href":"https:\/\/audio-tools.at\/index.php\/wp-json\/wp\/v2\/product_cat?post=1061"},{"taxonomy":"product_tag","embeddable":true,"href":"https:\/\/audio-tools.at\/index.php\/wp-json\/wp\/v2\/product_tag?post=1061"}],"curies":[{"name":"wp","href":"https:\/\/api.w.org\/{rel}","templated":true}]}}