{"id":1124,"date":"2020-12-02T16:11:26","date_gmt":"2020-12-02T16:11:26","guid":{"rendered":"https:\/\/audio-tools.at\/?post_type=product&#038;p=1124"},"modified":"2024-01-24T18:03:24","modified_gmt":"2024-01-24T18:03:24","slug":"blaklaeder-service-arbeitshose-stretch-1459","status":"publish","type":"product","link":"https:\/\/audio-tools.at\/index.php\/produkt\/blaklaeder-service-arbeitshose-stretch-1459\/","title":{"rendered":"Blakl\u00e4der Service Arbeitshose Stretch 1459"},"content":{"rendered":"<p>Service Arbeitshose mit Stretch-Eins\u00e4tzen an sorgf\u00e4ltig ausgew\u00e4hlten Stellen und vorgeformten Beinen f\u00fcr optimale Beweglichkeit und Komfort. Das Material besteht aus CORDURA\u00ae Nyco, ein robuster Stoff, der die CORDURA\u00ae Best\u00e4ndigkeit und den Komfort der Baumwolle kombiniert.<\/p>\n<h3>STOFF<\/h3>\n<p>75% Baumwolle, 25% Polyamid, CORDURA\u00ae Nyco, 250g\/m\u00b2<\/p>\n<h3>FUNKTIONALIT\u00c4T<\/h3>\n<p>Stretch-Eins\u00e4tze im Schritt, den Knien und am Ges\u00e4\u00df<br \/>\nBesonders ergonomisch geformte Hosenbeine<\/p>\n<h3>DETAILS<\/h3>\n<p>Kunststoff-Rei\u00dfverschluss im Schritt<br \/>\nD-Ring am Bund<\/p>\n<h3>TASCHEN<\/h3>\n<p>Ges\u00e4\u00dftaschen<br \/>\nBeintaschen mit Balg, Rei\u00dfverschluss, Stift- und Messertasche<br \/>\nSeitentaschen<br \/>\nHandytasche innen<\/p>\n<h3>ABSCHLUSS<\/h3>\n<p>Verl\u00e4ngerungsm\u00f6glichkeit am Beinsaum<\/p>\n<p>Gr\u00f6\u00dfen: C44, C46, C48, C50, C52, C54, C56, C58, C60, C62, D21, D22, D23, D24, D25, D26, D27, D28, D29, D30, D31<\/p>\n","protected":false},"excerpt":{"rendered":"<p>Service Arbeitshose mit Stretch-Eins\u00e4tzen an sorgf\u00e4ltig ausgew\u00e4hlten Stellen und vorgeformten Beinen f\u00fcr optimale Beweglichkeit und Komfort. Das Material besteht aus CORDURA\u00ae Nyco, ein robuster Stoff, der die CORDURA\u00ae Best\u00e4ndigkeit und den Komfort der Baumwolle kombiniert. STOFF 75% Baumwolle, 25% Polyamid, CORDURA\u00ae Nyco, 250g\/m\u00b2 FUNKTIONALIT\u00c4T Stretch-Eins\u00e4tze im Schritt, den Knien und am Ges\u00e4\u00df Besonders ergonomisch geformte [&hellip;]<\/p>\n","protected":false},"featured_media":1125,"comment_status":"closed","ping_status":"closed","template":"","meta":[],"product_brand":[],"product_cat":[338],"product_tag":[378,375,379,376,377],"class_list":{"0":"post-1124","1":"product","2":"type-product","3":"status-publish","4":"has-post-thumbnail","6":"product_cat-workwear","7":"product_tag-arbeitshose","8":"product_tag-blaklaeder","9":"product_tag-cordura-nyco","10":"product_tag-service-arbeitshose","11":"product_tag-stretch-arbeitshose","13":"first","14":"instock","15":"taxable","16":"shipping-taxable","17":"purchasable","18":"product-type-simple"},"jetpack_sharing_enabled":true,"_links":{"self":[{"href":"https:\/\/audio-tools.at\/index.php\/wp-json\/wp\/v2\/product\/1124","targetHints":{"allow":["GET"]}}],"collection":[{"href":"https:\/\/audio-tools.at\/index.php\/wp-json\/wp\/v2\/product"}],"about":[{"href":"https:\/\/audio-tools.at\/index.php\/wp-json\/wp\/v2\/types\/product"}],"replies":[{"embeddable":true,"href":"https:\/\/audio-tools.at\/index.php\/wp-json\/wp\/v2\/comments?post=1124"}],"wp:featuredmedia":[{"embeddable":true,"href":"https:\/\/audio-tools.at\/index.php\/wp-json\/wp\/v2\/media\/1125"}],"wp:attachment":[{"href":"https:\/\/audio-tools.at\/index.php\/wp-json\/wp\/v2\/media?parent=1124"}],"wp:term":[{"taxonomy":"product_brand","embeddable":true,"href":"https:\/\/audio-tools.at\/index.php\/wp-json\/wp\/v2\/product_brand?post=1124"},{"taxonomy":"product_cat","embeddable":true,"href":"https:\/\/audio-tools.at\/index.php\/wp-json\/wp\/v2\/product_cat?post=1124"},{"taxonomy":"product_tag","embeddable":true,"href":"https:\/\/audio-tools.at\/index.php\/wp-json\/wp\/v2\/product_tag?post=1124"}],"curies":[{"name":"wp","href":"https:\/\/api.w.org\/{rel}","templated":true}]}}