{"id":1127,"date":"2020-12-02T16:19:24","date_gmt":"2020-12-02T16:19:24","guid":{"rendered":"https:\/\/audio-tools.at\/?post_type=product&#038;p=1127"},"modified":"2024-01-24T17:41:33","modified_gmt":"2024-01-24T17:41:33","slug":"blaklaeder-service-arbeitshose-1456","status":"publish","type":"product","link":"https:\/\/audio-tools.at\/index.php\/produkt\/blaklaeder-service-arbeitshose-1456\/","title":{"rendered":"Blakl\u00e4der Service Arbeitshose 1456"},"content":{"rendered":"<p>Flexible und starke Service\/Transport Arbeitshose geeignet f\u00fcr verschiedene Situationen, die Komfort und Bewegungsfreiheit erfordern. Diese Hose hat eine elastische Taille durch Gummizug mit leicht engerer Passform und sie hat Stretch Eins\u00e4tze f\u00fcr bessere Flexibilit\u00e4t. Die verst\u00e4rkten Knie mit CORDURA\u00ae Stretch Stoff erh\u00f6hen die Haltbarkeit noch mehr. Die Hose hat zwei Ges\u00e4\u00dftaschen, Balgtaschen vorne und eine Beintasche zum Verstauen von Dokumenten. Kontrastfarben an Rei\u00dfverschluss und N\u00e4hten verbessern den Gesamteindruck. Schwarze Reflexdetails geben dem Kleidungsst\u00fcck bessere Sichtbarkeit.<\/p>\n<p>STOFF<br \/>\n65% Polyester, 35% Baumwolle, feingewebt , 166g\/m\u00b2<br \/>\nFUNKTIONALIT\u00c4T<br \/>\nStretch Stoff \u00fcber der Vorderseite, an der Passe, an der Vorder- und R\u00fcckseite der Knie und im Schritt<br \/>\nBesonders ergonomisch geformte Hosenbeine<br \/>\nVERST\u00c4RKUNG<br \/>\nCORDURA\u00ae-verst\u00e4rkt an den Knien<br \/>\nDETAILS<br \/>\nKunststoff-Rei\u00dfverschluss im Schritt<br \/>\nMetallknopf<br \/>\nGummizug an der Taille<br \/>\nD-Ring<br \/>\nTASCHEN<br \/>\nGes\u00e4\u00dftaschen<br \/>\nBeintaschen mit Balg, Rei\u00dfverschluss, Stift- und Messertasche<br \/>\nDokumententasche<br \/>\nSeitentaschen<br \/>\nHandytasche innen<br \/>\nABSCHLUSS<br \/>\nBeinabschluss mit CORDURA\u00ae-Verst\u00e4rkung<br \/>\nREFLEX<br \/>\nReflektierende Details am Bein<\/p>\n<p>Gr\u00f6\u00dfen: C44, C46, C48, C50, C52, C54, C56, C58, C60, C62, D21, D22, D23, D24, D25, D26, D27, D28, D29, D30<\/p>\n<p>&nbsp;<\/p>\n","protected":false},"excerpt":{"rendered":"<p>Flexible und starke Service\/Transport Arbeitshose geeignet f\u00fcr verschiedene Situationen, die Komfort und Bewegungsfreiheit erfordern. Diese Hose hat eine elastische Taille durch Gummizug mit leicht engerer Passform und sie hat Stretch Eins\u00e4tze f\u00fcr bessere Flexibilit\u00e4t. Die verst\u00e4rkten Knie mit CORDURA\u00ae Stretch Stoff erh\u00f6hen die Haltbarkeit noch mehr. Die Hose hat zwei Ges\u00e4\u00dftaschen, Balgtaschen vorne und eine [&hellip;]<\/p>\n","protected":false},"featured_media":1128,"comment_status":"closed","ping_status":"closed","template":"","meta":[],"product_brand":[],"product_cat":[338],"product_tag":[378,380,376],"class_list":{"0":"post-1127","1":"product","2":"type-product","3":"status-publish","4":"has-post-thumbnail","6":"product_cat-workwear","7":"product_tag-arbeitshose","8":"product_tag-blaklaeder-1456","9":"product_tag-service-arbeitshose","11":"first","12":"instock","13":"taxable","14":"shipping-taxable","15":"purchasable","16":"product-type-simple"},"jetpack_sharing_enabled":true,"_links":{"self":[{"href":"https:\/\/audio-tools.at\/index.php\/wp-json\/wp\/v2\/product\/1127","targetHints":{"allow":["GET"]}}],"collection":[{"href":"https:\/\/audio-tools.at\/index.php\/wp-json\/wp\/v2\/product"}],"about":[{"href":"https:\/\/audio-tools.at\/index.php\/wp-json\/wp\/v2\/types\/product"}],"replies":[{"embeddable":true,"href":"https:\/\/audio-tools.at\/index.php\/wp-json\/wp\/v2\/comments?post=1127"}],"wp:featuredmedia":[{"embeddable":true,"href":"https:\/\/audio-tools.at\/index.php\/wp-json\/wp\/v2\/media\/1128"}],"wp:attachment":[{"href":"https:\/\/audio-tools.at\/index.php\/wp-json\/wp\/v2\/media?parent=1127"}],"wp:term":[{"taxonomy":"product_brand","embeddable":true,"href":"https:\/\/audio-tools.at\/index.php\/wp-json\/wp\/v2\/product_brand?post=1127"},{"taxonomy":"product_cat","embeddable":true,"href":"https:\/\/audio-tools.at\/index.php\/wp-json\/wp\/v2\/product_cat?post=1127"},{"taxonomy":"product_tag","embeddable":true,"href":"https:\/\/audio-tools.at\/index.php\/wp-json\/wp\/v2\/product_tag?post=1127"}],"curies":[{"name":"wp","href":"https:\/\/api.w.org\/{rel}","templated":true}]}}