{"id":1130,"date":"2020-12-02T16:25:55","date_gmt":"2020-12-02T16:25:55","guid":{"rendered":"https:\/\/audio-tools.at\/?post_type=product&#038;p=1130"},"modified":"2024-01-24T18:01:43","modified_gmt":"2024-01-24T18:01:43","slug":"blaklaeder-service-arbeitshose-denim-stretch-1439","status":"publish","type":"product","link":"https:\/\/audio-tools.at\/index.php\/produkt\/blaklaeder-service-arbeitshose-denim-stretch-1439\/","title":{"rendered":"Blakl\u00e4der Service Arbeitshose Denim Stretch 1439"},"content":{"rendered":"<p>Service Arbeitshose mit leicht engerer Passform aus einem strapazierf\u00e4higen CORDURA\u00ae Denim Stretch Stoff. Ideal f\u00fcr die Arbeit in der Automobilindustrie mit hohen Anforderungen an Flexibilit\u00e4t und Funktionen. Die Hose ist abriebbest\u00e4ndig und der Stoff ist stark und flexibel. Intelligente Taschen, eine gute Passform mit tailliertem Schnitt, vorgeformte Beine und schwarze Reflexstreifen, um die Sichtbarkeit sicher zu stellen. Innenliegende Kniepolstertaschen. Das Kleidungsst\u00fcck ist vorgewaschen f\u00fcr ein weicheres Gef\u00fchl.<\/p>\n<h3>TOFF<\/h3>\n<p>55% Baumwolle, 15% Polyamid, 30% Polyester, Denim, beschichtet, CORDURA\u00ae Denim, Stretch, 340 g\/m\u00b2<\/p>\n<h3>W\u00c4SCHE<\/h3>\n<p>Kleidungsst\u00fcck vorgewaschen<\/p>\n<h3>FUNKTIONALIT\u00c4T<\/h3>\n<p>2-Wege-Stretch, Kratzfrei<br \/>\nBesonders ergonomisch geformte Hosenbeine<\/p>\n<h3>DETAILS<\/h3>\n<p>Metall-Rei\u00dfverschluss im Schritt<br \/>\nVerdeckte Kn\u00f6pfe<br \/>\nSchrittnaht als Zweifachnaht<br \/>\nBl\u00e5kl\u00e4der-Stick hinten<\/p>\n<h3>TASCHEN<\/h3>\n<p>Ges\u00e4\u00dftaschen<br \/>\nBeintasche mit Balg, Stifttasche und Handytasche innen aus Mesh, Beintasche mit Stift- und Messertasche, innenliegende Zollstocktasche<br \/>\nSeitentaschen<br \/>\nKniepolstertaschen innenliegend<br \/>\nM\u00fcnzfach<\/p>\n<h3>REFLEX<\/h3>\n<p>Reflektierende Details am Bein<\/p>\n<p>Gr\u00f6\u00dfen: C44 &#8211; C62, D84 &#8211; D124<\/p>\n","protected":false},"excerpt":{"rendered":"<p>Service Arbeitshose mit leicht engerer Passform aus einem strapazierf\u00e4higen CORDURA\u00ae Denim Stretch Stoff. Ideal f\u00fcr die Arbeit in der Automobilindustrie mit hohen Anforderungen an Flexibilit\u00e4t und Funktionen. Die Hose ist abriebbest\u00e4ndig und der Stoff ist stark und flexibel. Intelligente Taschen, eine gute Passform mit tailliertem Schnitt, vorgeformte Beine und schwarze Reflexstreifen, um die Sichtbarkeit sicher [&hellip;]<\/p>\n","protected":false},"featured_media":1131,"comment_status":"closed","ping_status":"closed","template":"","meta":[],"product_brand":[],"product_cat":[338],"product_tag":[375,383,381,382],"class_list":{"0":"post-1130","1":"product","2":"type-product","3":"status-publish","4":"has-post-thumbnail","6":"product_cat-workwear","7":"product_tag-blaklaeder","8":"product_tag-cordura","9":"product_tag-denim-arbeitshose","10":"product_tag-stretch","12":"first","13":"instock","14":"taxable","15":"shipping-taxable","16":"purchasable","17":"product-type-simple"},"jetpack_sharing_enabled":true,"_links":{"self":[{"href":"https:\/\/audio-tools.at\/index.php\/wp-json\/wp\/v2\/product\/1130","targetHints":{"allow":["GET"]}}],"collection":[{"href":"https:\/\/audio-tools.at\/index.php\/wp-json\/wp\/v2\/product"}],"about":[{"href":"https:\/\/audio-tools.at\/index.php\/wp-json\/wp\/v2\/types\/product"}],"replies":[{"embeddable":true,"href":"https:\/\/audio-tools.at\/index.php\/wp-json\/wp\/v2\/comments?post=1130"}],"wp:featuredmedia":[{"embeddable":true,"href":"https:\/\/audio-tools.at\/index.php\/wp-json\/wp\/v2\/media\/1131"}],"wp:attachment":[{"href":"https:\/\/audio-tools.at\/index.php\/wp-json\/wp\/v2\/media?parent=1130"}],"wp:term":[{"taxonomy":"product_brand","embeddable":true,"href":"https:\/\/audio-tools.at\/index.php\/wp-json\/wp\/v2\/product_brand?post=1130"},{"taxonomy":"product_cat","embeddable":true,"href":"https:\/\/audio-tools.at\/index.php\/wp-json\/wp\/v2\/product_cat?post=1130"},{"taxonomy":"product_tag","embeddable":true,"href":"https:\/\/audio-tools.at\/index.php\/wp-json\/wp\/v2\/product_tag?post=1130"}],"curies":[{"name":"wp","href":"https:\/\/api.w.org\/{rel}","templated":true}]}}