{"id":1133,"date":"2020-12-02T16:36:25","date_gmt":"2020-12-02T16:36:25","guid":{"rendered":"https:\/\/audio-tools.at\/?post_type=product&#038;p=1133"},"modified":"2024-01-24T18:00:36","modified_gmt":"2024-01-24T18:00:36","slug":"blaklaeder-service-arbeitshose-mit-stretch-1495","status":"publish","type":"product","link":"https:\/\/audio-tools.at\/index.php\/produkt\/blaklaeder-service-arbeitshose-mit-stretch-1495\/","title":{"rendered":"Blakl\u00e4der Service Arbeitshose mit Stretch 1495"},"content":{"rendered":"<p>Robuste und funktionelle Ripstop Service Arbeitshose. F\u00fcr einen optimalen Schnitt und perfekten Tragekomfort hat die Bundhose Stretch-Eins\u00e4tze an den Waden und im Schritt, so wie von oben zu f\u00fcllende Kniepolstertaschen aus CORDURA\u00ae-Stretch. Sorgf\u00e4ltig gew\u00e4hlte Details, wie zum Beispiel, diskrete Reflexpaspeln, Handytasche aus leichtem Netzfutter, Zollstocktasche und ein praktischer Messerhalter machen diese Bundhose zu einem passenden Begleiter im Arbeitsalltag.<\/p>\n<h3>STOFF<\/h3>\n<p>60% Baumwolle, 40% Polyester, Ripstop 250g\/m\u00b2<\/p>\n<h3>FUNKTIONALIT\u00c4T<\/h3>\n<p>Stretch-Eins\u00e4tze im Schritt, an der Wade und Kniepolstertasche<br \/>\nBesonders ergonomisch geformte Hosenbeine<\/p>\n<h3>VERST\u00c4RKUNG<\/h3>\n<p>Cordura\u00ae Stretch-verst\u00e4rkte Knietaschen<\/p>\n<h3>DETAILS<\/h3>\n<p>Kunststoff-Rei\u00dfverschluss im Schritt<br \/>\nHammerschlaufe an der Seite<br \/>\nVerdeckte Kn\u00f6pfe<br \/>\nD-Ring<\/p>\n<h3>TASCHEN<\/h3>\n<p>Ges\u00e4\u00dftaschen<br \/>\nBeintasche mit Balg, Stifttasche und Handytasche innen aus Mesh<br \/>\nSeitentaschen<br \/>\nKniepolstertaschen &#8211; oben mit Abdeckung und Klettverschluss. Stretchmaterial an Au\u00dfen- und Innenseite f\u00fcr eine bessere ergonomische Passform<br \/>\nZollstocktasche mit Messerhalter und Stifttasche<\/p>\n<h3>ABSCHLUSS<\/h3>\n<p>Verstellbare Beinabschl\u00fcsse mit Kn\u00f6pfen<\/p>\n<h3>REFLEX<\/h3>\n<p>Reflektierende Details<\/p>\n<p>Gr\u00f6\u00dfen: C44 &#8211; C68, D84 &#8211; D136<\/p>\n<p>&nbsp;<\/p>\n","protected":false},"excerpt":{"rendered":"<p>Robuste und funktionelle Ripstop Service Arbeitshose. F\u00fcr einen optimalen Schnitt und perfekten Tragekomfort hat die Bundhose Stretch-Eins\u00e4tze an den Waden und im Schritt, so wie von oben zu f\u00fcllende Kniepolstertaschen aus CORDURA\u00ae-Stretch. Sorgf\u00e4ltig gew\u00e4hlte Details, wie zum Beispiel, diskrete Reflexpaspeln, Handytasche aus leichtem Netzfutter, Zollstocktasche und ein praktischer Messerhalter machen diese Bundhose zu einem passenden [&hellip;]<\/p>\n","protected":false},"featured_media":1134,"comment_status":"closed","ping_status":"closed","template":"","meta":[],"product_brand":[],"product_cat":[338],"product_tag":[385,386,384,376],"class_list":{"0":"post-1133","1":"product","2":"type-product","3":"status-publish","4":"has-post-thumbnail","6":"product_cat-workwear","7":"product_tag-blaklaeder-1495","8":"product_tag-bundhose","9":"product_tag-ripstop-arbeitshose","10":"product_tag-service-arbeitshose","12":"first","13":"instock","14":"taxable","15":"shipping-taxable","16":"purchasable","17":"product-type-simple"},"jetpack_sharing_enabled":true,"_links":{"self":[{"href":"https:\/\/audio-tools.at\/index.php\/wp-json\/wp\/v2\/product\/1133","targetHints":{"allow":["GET"]}}],"collection":[{"href":"https:\/\/audio-tools.at\/index.php\/wp-json\/wp\/v2\/product"}],"about":[{"href":"https:\/\/audio-tools.at\/index.php\/wp-json\/wp\/v2\/types\/product"}],"replies":[{"embeddable":true,"href":"https:\/\/audio-tools.at\/index.php\/wp-json\/wp\/v2\/comments?post=1133"}],"wp:featuredmedia":[{"embeddable":true,"href":"https:\/\/audio-tools.at\/index.php\/wp-json\/wp\/v2\/media\/1134"}],"wp:attachment":[{"href":"https:\/\/audio-tools.at\/index.php\/wp-json\/wp\/v2\/media?parent=1133"}],"wp:term":[{"taxonomy":"product_brand","embeddable":true,"href":"https:\/\/audio-tools.at\/index.php\/wp-json\/wp\/v2\/product_brand?post=1133"},{"taxonomy":"product_cat","embeddable":true,"href":"https:\/\/audio-tools.at\/index.php\/wp-json\/wp\/v2\/product_cat?post=1133"},{"taxonomy":"product_tag","embeddable":true,"href":"https:\/\/audio-tools.at\/index.php\/wp-json\/wp\/v2\/product_tag?post=1133"}],"curies":[{"name":"wp","href":"https:\/\/api.w.org\/{rel}","templated":true}]}}