{"id":1142,"date":"2020-12-02T17:34:16","date_gmt":"2020-12-02T17:34:16","guid":{"rendered":"https:\/\/audio-tools.at\/?post_type=product&#038;p=1142"},"modified":"2024-01-24T17:56:22","modified_gmt":"2024-01-24T17:56:22","slug":"blaklaeder-handwerker-arbeitshose-1555","status":"publish","type":"product","link":"https:\/\/audio-tools.at\/index.php\/produkt\/blaklaeder-handwerker-arbeitshose-1555\/","title":{"rendered":"Blakl\u00e4der Handwerker Arbeitshose 1555"},"content":{"rendered":"<p>Funktionelle und komfortable Handwerker Arbeitshose mit leicht zug\u00e4nglichen Taschen, einschlie\u00dflich Handytasche aus Stretch Material, die f\u00fcr die meisten Handys geeignet ist.\u00a0Kniepolstertaschen aus CORDURA\u00ae Stretch Stoff f\u00fcr optimale Passform und Haltbarkeit. Zwei Ges\u00e4\u00dftaschen mit Balg und eine Hammerschlaufe f\u00fcr Hammerhalter, so wie eine verst\u00e4rkte Zollstocktasche, Stifttasche und Messerhalter.\u00a0Vorgeformte Beine bieten eine ausgezeichnete Passform.<\/p>\n<h3>STOFF<\/h3>\n<p>65% Polyester, 35% Baumwolle, K\u00f6per, 300g\/m\u00b2<\/p>\n<h3>VERST\u00c4RKUNG<\/h3>\n<p>CORDURA\u00ae Verst\u00e4rkung an den Ges\u00e4\u00dftaschen, Cordura\u00ae Stretch-verst\u00e4rkte Knietaschen<\/p>\n<h3>DETAILS<\/h3>\n<p>Kunststoff-Rei\u00dfverschluss im Schritt<br \/>\nZwei G\u00fcrtelschlaufen an den Seiten mit einem Knopf f\u00fcr eine Hammerschlaufe, eine G\u00fcrtelschlaufe mit D-Ring vorne. Breite G\u00fcrtelschlaufe hinten<br \/>\nMetallkn\u00f6pfe<br \/>\nInnenbeinnaht mit 3-fach-Naht<br \/>\nAbnehmbare Ausweistasche<\/p>\n<h3>TASCHEN<\/h3>\n<p>Ges\u00e4\u00dftaschen mit Balg verst\u00e4rkt<br \/>\nBeintasche mit Balg, Stifttasche, flexibler Handytasche und zwei gro\u00dfen Taschen &#8211; eine mit Rei\u00dfverschluss und abnehmbarer Ausweistasche<br \/>\nSeitentaschen<br \/>\nKniepolstertaschen<br \/>\nNageltaschen &#8211; mit Werkzeugschlaufen, k\u00f6nnen in die Vordertaschen geschoben werden<br \/>\nVerst\u00e4rkte Zollstocktasche mit Messerhalter und Stifttasche<\/p>\n<p>Gr\u00f6\u00dfen: C44 &#8211; C62, C146 &#8211; C156, D84 &#8211; D124<\/p>\n","protected":false},"excerpt":{"rendered":"<p>Funktionelle und komfortable Handwerker Arbeitshose mit leicht zug\u00e4nglichen Taschen, einschlie\u00dflich Handytasche aus Stretch Material, die f\u00fcr die meisten Handys geeignet ist.\u00a0Kniepolstertaschen aus CORDURA\u00ae Stretch Stoff f\u00fcr optimale Passform und Haltbarkeit. Zwei Ges\u00e4\u00dftaschen mit Balg und eine Hammerschlaufe f\u00fcr Hammerhalter, so wie eine verst\u00e4rkte Zollstocktasche, Stifttasche und Messerhalter.\u00a0Vorgeformte Beine bieten eine ausgezeichnete Passform. STOFF 65% Polyester, [&hellip;]<\/p>\n","protected":false},"featured_media":1143,"comment_status":"closed","ping_status":"closed","template":"","meta":[],"product_brand":[],"product_cat":[338],"product_tag":[378,394,393],"class_list":{"0":"post-1142","1":"product","2":"type-product","3":"status-publish","4":"has-post-thumbnail","6":"product_cat-workwear","7":"product_tag-arbeitshose","8":"product_tag-blaklaesder-1555","9":"product_tag-handwerker-hose","11":"first","12":"instock","13":"taxable","14":"shipping-taxable","15":"purchasable","16":"product-type-simple"},"jetpack_sharing_enabled":true,"_links":{"self":[{"href":"https:\/\/audio-tools.at\/index.php\/wp-json\/wp\/v2\/product\/1142","targetHints":{"allow":["GET"]}}],"collection":[{"href":"https:\/\/audio-tools.at\/index.php\/wp-json\/wp\/v2\/product"}],"about":[{"href":"https:\/\/audio-tools.at\/index.php\/wp-json\/wp\/v2\/types\/product"}],"replies":[{"embeddable":true,"href":"https:\/\/audio-tools.at\/index.php\/wp-json\/wp\/v2\/comments?post=1142"}],"wp:featuredmedia":[{"embeddable":true,"href":"https:\/\/audio-tools.at\/index.php\/wp-json\/wp\/v2\/media\/1143"}],"wp:attachment":[{"href":"https:\/\/audio-tools.at\/index.php\/wp-json\/wp\/v2\/media?parent=1142"}],"wp:term":[{"taxonomy":"product_brand","embeddable":true,"href":"https:\/\/audio-tools.at\/index.php\/wp-json\/wp\/v2\/product_brand?post=1142"},{"taxonomy":"product_cat","embeddable":true,"href":"https:\/\/audio-tools.at\/index.php\/wp-json\/wp\/v2\/product_cat?post=1142"},{"taxonomy":"product_tag","embeddable":true,"href":"https:\/\/audio-tools.at\/index.php\/wp-json\/wp\/v2\/product_tag?post=1142"}],"curies":[{"name":"wp","href":"https:\/\/api.w.org\/{rel}","templated":true}]}}