{"id":1144,"date":"2020-12-02T17:45:51","date_gmt":"2020-12-02T17:45:51","guid":{"rendered":"https:\/\/audio-tools.at\/?post_type=product&#038;p=1144"},"modified":"2024-01-24T17:55:14","modified_gmt":"2024-01-24T17:55:14","slug":"blaklaeder-industrie-arbeitshose-stretch-mit-kniepolstertaschen-1448","status":"publish","type":"product","link":"https:\/\/audio-tools.at\/index.php\/produkt\/blaklaeder-industrie-arbeitshose-stretch-mit-kniepolstertaschen-1448\/","title":{"rendered":"Blakl\u00e4der Industrie Arbeitshose Stretch mit Kniepolstertaschen 1448"},"content":{"rendered":"<p>Diese Hose ist Teil der neuen Industriekollektion aus Stretch von Bl\u00e5kl\u00e4der. Geeignet f\u00fcr die Industriew\u00e4sche, ist diese kratzerresistente Hose komplett aus 2-Wege-Stretch Stoff gefertigt und hat einen elastischen Bund, der f\u00fcr noch mehr Tragekomfort sorgt. Zu den verdeckten Eigenschaften geh\u00f6ren eine Zollstock-Innentasche, eine Sicherheitstasche mit Rei\u00dfverschluss und Druckkn\u00f6pfe, die diese \u00e4u\u00dferst zuverl\u00e4ssige Hose f\u00fcr das Arbeiten in Umgebungen mit empfindlichen Oberfl\u00e4chen pr\u00e4destiniert. Reflexstreifen sorgen bei Bedarf f\u00fcr zus\u00e4tzliche Sichtbarkeit.<\/p>\n<h3>STOFF<\/h3>\n<p>63% Polyester, 33% Baumwolle, 4% Elastofin, K\u00f6per, Stretch, 245 g\/m\u00b2<\/p>\n<h3>W\u00c4SCHE<\/h3>\n<p>Industriew\u00e4sche, EN ISO 15797<\/p>\n<h3>FUNKTIONALIT\u00c4T<\/h3>\n<p>2-Wege-Stretch, Kratzfrei<br \/>\nBesonders ergonomisch geformte Hosenbeine<\/p>\n<h3>DETAILS<\/h3>\n<p>Kunststoff-Rei\u00dfverschluss im Schritt<br \/>\nMetall-Druckkn\u00f6pfe, Verdeckte Kn\u00f6pfe<br \/>\nGummizug an der Taille<br \/>\nInnenbeinnaht mit 3-fach-Naht<br \/>\nD-Ring<\/p>\n<h3>TASCHEN<\/h3>\n<p>Ges\u00e4\u00dftasche, eine mit Patte<br \/>\nBeintaschen mit Balg und Patte, versteckte Metallkn\u00f6pfe<br \/>\nInnenliegende Tasche mit versteckter Rei\u00dfverschlusstasche<br \/>\nAu\u00dfenliegende Kniepolstertaschen<br \/>\nHandytasche innen<br \/>\nZollstocktasche innen<\/p>\n<h3>REFLEX<\/h3>\n<p>Reflektierende Details am Bein<\/p>\n<p>Gr\u00f6\u00dfen: C44 C68, C144 &#8211; C158, D84 &#8211; D136<\/p>\n","protected":false},"excerpt":{"rendered":"<p>Diese Hose ist Teil der neuen Industriekollektion aus Stretch von Bl\u00e5kl\u00e4der. Geeignet f\u00fcr die Industriew\u00e4sche, ist diese kratzerresistente Hose komplett aus 2-Wege-Stretch Stoff gefertigt und hat einen elastischen Bund, der f\u00fcr noch mehr Tragekomfort sorgt. Zu den verdeckten Eigenschaften geh\u00f6ren eine Zollstock-Innentasche, eine Sicherheitstasche mit Rei\u00dfverschluss und Druckkn\u00f6pfe, die diese \u00e4u\u00dferst zuverl\u00e4ssige Hose f\u00fcr das [&hellip;]<\/p>\n","protected":false},"featured_media":1145,"comment_status":"closed","ping_status":"closed","template":"","meta":[],"product_brand":[],"product_cat":[338],"product_tag":[397,395,396,377],"class_list":{"0":"post-1144","1":"product","2":"type-product","3":"status-publish","4":"has-post-thumbnail","6":"product_cat-workwear","7":"product_tag-blaklaeder-1448","8":"product_tag-industrie-arbeitshose","9":"product_tag-kniepolstertaschen","10":"product_tag-stretch-arbeitshose","12":"first","13":"instock","14":"taxable","15":"shipping-taxable","16":"purchasable","17":"product-type-simple"},"jetpack_sharing_enabled":true,"_links":{"self":[{"href":"https:\/\/audio-tools.at\/index.php\/wp-json\/wp\/v2\/product\/1144","targetHints":{"allow":["GET"]}}],"collection":[{"href":"https:\/\/audio-tools.at\/index.php\/wp-json\/wp\/v2\/product"}],"about":[{"href":"https:\/\/audio-tools.at\/index.php\/wp-json\/wp\/v2\/types\/product"}],"replies":[{"embeddable":true,"href":"https:\/\/audio-tools.at\/index.php\/wp-json\/wp\/v2\/comments?post=1144"}],"wp:featuredmedia":[{"embeddable":true,"href":"https:\/\/audio-tools.at\/index.php\/wp-json\/wp\/v2\/media\/1145"}],"wp:attachment":[{"href":"https:\/\/audio-tools.at\/index.php\/wp-json\/wp\/v2\/media?parent=1144"}],"wp:term":[{"taxonomy":"product_brand","embeddable":true,"href":"https:\/\/audio-tools.at\/index.php\/wp-json\/wp\/v2\/product_brand?post=1144"},{"taxonomy":"product_cat","embeddable":true,"href":"https:\/\/audio-tools.at\/index.php\/wp-json\/wp\/v2\/product_cat?post=1144"},{"taxonomy":"product_tag","embeddable":true,"href":"https:\/\/audio-tools.at\/index.php\/wp-json\/wp\/v2\/product_tag?post=1144"}],"curies":[{"name":"wp","href":"https:\/\/api.w.org\/{rel}","templated":true}]}}