{"id":1148,"date":"2020-12-02T17:51:46","date_gmt":"2020-12-02T17:51:46","guid":{"rendered":"https:\/\/audio-tools.at\/?post_type=product&#038;p=1148"},"modified":"2024-01-24T17:53:53","modified_gmt":"2024-01-24T17:53:53","slug":"blaklaeder-service-arbeitshose-4-wege-stretch-1422","status":"publish","type":"product","link":"https:\/\/audio-tools.at\/index.php\/produkt\/blaklaeder-service-arbeitshose-4-wege-stretch-1422\/","title":{"rendered":"Blakl\u00e4der Service Arbeitshose 4-Wege-Stretch 1422"},"content":{"rendered":"<p>Kratzerresistente Service Arbeitshose aus bequemer 4-Wege-Stretch Faser, die sowohl bei der Arbeit als auch in der Freizeit im Freien getragen werden kann. Die Hose hat eine schlankere Passform und sieht enger aus, was heute bei vielen Tr\u00e4gern beliebt ist. Der elastische Bund sorgt f\u00fcr zus\u00e4tzlichen Komfort. Der Saum ist verstellbar und der Netzeinsatz an der R\u00fcckseite der Knie sorgt f\u00fcr eine erh\u00f6hte Bel\u00fcftung. Unbequeme Arbeitstage sind nur noch eine entfernte Erinnerung.<\/p>\n<h3>STOFF<\/h3>\n<p>92% Polyamid, 8% Elastan, doppelt gewebt, 4-Wege-Stretch, 230 g\/m\u00b2<\/p>\n<h3>FUNKTIONALIT\u00c4T<\/h3>\n<p>4-Wege-Stretch, Kratzfrei, Mesh-Einsatz an der Kniekehle<br \/>\nBesonders ergonomisch geformte Hosenbeine<\/p>\n<h3>VERST\u00c4RKUNG<\/h3>\n<p>CORDURA\u00ae-verst\u00e4rkte Taschen, CORDURA\u00ae-verst\u00e4rkte Beinenden<\/p>\n<h3>DETAILS<\/h3>\n<p>Kunststoff-Rei\u00dfverschluss im Schritt<br \/>\nMetallkn\u00f6pfe, Verdeckte Kn\u00f6pfe<br \/>\nGummizug an der Taille, D-Ring am Bund<br \/>\nGute Oberfl\u00e4chen f\u00fcr Veredelung<\/p>\n<h3>TASCHEN<\/h3>\n<p>Oberschenkeltasche mit Rei\u00dfverschluss, Beintasche links mit Patte und verdecktem Magnetknopf und innenliegender Handytasche aus Mesh<br \/>\nInnenliegende Tasche mit versteckter Rei\u00dfverschlusstasche<br \/>\nZollstocktasche mit Messer- und Stifttasche<\/p>\n<h3>ABSCHLUSS<\/h3>\n<p>Verstellbare Beinabschl\u00fcsse mit Kn\u00f6pfen, Gummizug am Beinabschluss<\/p>\n<h3>REFLEX<\/h3>\n<p>Schwarz reflektierende Details<\/p>\n<p>Gr\u00f6\u00dfen: C44 &#8211; C62, C146 &#8211; C156, D84 &#8211; D124<\/p>\n","protected":false},"excerpt":{"rendered":"<p>Kratzerresistente Service Arbeitshose aus bequemer 4-Wege-Stretch Faser, die sowohl bei der Arbeit als auch in der Freizeit im Freien getragen werden kann. Die Hose hat eine schlankere Passform und sieht enger aus, was heute bei vielen Tr\u00e4gern beliebt ist. Der elastische Bund sorgt f\u00fcr zus\u00e4tzlichen Komfort. Der Saum ist verstellbar und der Netzeinsatz an der [&hellip;]<\/p>\n","protected":false},"featured_media":1149,"comment_status":"closed","ping_status":"closed","template":"","meta":[],"product_brand":[],"product_cat":[338],"product_tag":[399,378,400,398,401],"class_list":{"0":"post-1148","1":"product","2":"type-product","3":"status-publish","4":"has-post-thumbnail","6":"product_cat-workwear","7":"product_tag-4-wege-stretch","8":"product_tag-arbeitshose","9":"product_tag-blaklaeder-1422","10":"product_tag-kratzresistente-hose","11":"product_tag-service-hose","13":"first","14":"instock","15":"taxable","16":"shipping-taxable","17":"purchasable","18":"product-type-simple"},"jetpack_sharing_enabled":true,"_links":{"self":[{"href":"https:\/\/audio-tools.at\/index.php\/wp-json\/wp\/v2\/product\/1148","targetHints":{"allow":["GET"]}}],"collection":[{"href":"https:\/\/audio-tools.at\/index.php\/wp-json\/wp\/v2\/product"}],"about":[{"href":"https:\/\/audio-tools.at\/index.php\/wp-json\/wp\/v2\/types\/product"}],"replies":[{"embeddable":true,"href":"https:\/\/audio-tools.at\/index.php\/wp-json\/wp\/v2\/comments?post=1148"}],"wp:featuredmedia":[{"embeddable":true,"href":"https:\/\/audio-tools.at\/index.php\/wp-json\/wp\/v2\/media\/1149"}],"wp:attachment":[{"href":"https:\/\/audio-tools.at\/index.php\/wp-json\/wp\/v2\/media?parent=1148"}],"wp:term":[{"taxonomy":"product_brand","embeddable":true,"href":"https:\/\/audio-tools.at\/index.php\/wp-json\/wp\/v2\/product_brand?post=1148"},{"taxonomy":"product_cat","embeddable":true,"href":"https:\/\/audio-tools.at\/index.php\/wp-json\/wp\/v2\/product_cat?post=1148"},{"taxonomy":"product_tag","embeddable":true,"href":"https:\/\/audio-tools.at\/index.php\/wp-json\/wp\/v2\/product_tag?post=1148"}],"curies":[{"name":"wp","href":"https:\/\/api.w.org\/{rel}","templated":true}]}}