{"id":1151,"date":"2020-12-02T17:58:03","date_gmt":"2020-12-02T17:58:03","guid":{"rendered":"https:\/\/audio-tools.at\/?post_type=product&#038;p=1151"},"modified":"2024-01-24T17:52:55","modified_gmt":"2024-01-24T17:52:55","slug":"blaklaeder-handwerker-arbeitshose-4-wege-stretch-1522","status":"publish","type":"product","link":"https:\/\/audio-tools.at\/index.php\/produkt\/blaklaeder-handwerker-arbeitshose-4-wege-stretch-1522\/","title":{"rendered":"Blakl\u00e4der Handwerker Arbeitshose 4-Wege-Stretch 1522"},"content":{"rendered":"<p>Die Handwerkerhose besteht aus einem leichten 4-Wege-Stretch Stoff, der den ultimativen Komfort liefert. Die Hose ist schmaler geschnitten und sieht enger aus. Der elastische Bund bietet den ganzen Tag Komfort. Die Hose besitzt von oben zu f\u00fcllende CORDURA\u00ae-Stretch Kniepolstertaschen, Holstertaschen, eine davon mit Rei\u00dfverschluss, Ges\u00e4\u00dftaschen mit Balg, eine davon mit Rei\u00dfverschluss, eine Zollstocktasche und eine Schlaufe f\u00fcr Hammerhalter an beiden Seiten. Der Mesh-Einsatz an den Kniekehlen bietet eine bessere Bel\u00fcftung, die an langen und anstrengenden Tagen sehr willkommen ist.<\/p>\n<h3>STOFF<\/h3>\n<p>92% Polyamid, 8% Elastan, doppelt gewebt, 4-Wege-Stretch, 230 g\/m\u00b2<\/p>\n<h3>FUNKTIONALIT\u00c4T<\/h3>\n<p>4-Wege-Stretch<\/p>\n<h3>VERST\u00c4RKUNG<\/h3>\n<p>CORDURA\u00ae-Verst\u00e4rkung an H\u00e4ngetaschen, Ges\u00e4\u00dftaschen, Zollstocktasche, Beintaschen, Knien und unterem Rand, Cordura\u00ae Stretch-verst\u00e4rkte Knietaschen<\/p>\n<h3>DETAILS<\/h3>\n<p>Kunststoff-Rei\u00dfverschluss im Schritt<br \/>\nBreite Schlaufe hinten, Zwei Schlaufen an den Seiten mit einem Knopf f\u00fcr Hammerhalter<br \/>\nMetallkn\u00f6pfe<br \/>\nMesserhalter mit Knopf<br \/>\nD-Ring am Bund<br \/>\nSchrittnaht als Zweifachnaht<br \/>\nAbnehmbare Ausweistasche<\/p>\n<h3>TASCHEN<\/h3>\n<p>Ges\u00e4\u00dftaschen mit Balg verst\u00e4rkt<br \/>\nBeintasche mit Balg, Patte und Stifttasche, Zusatztasche, Handytasche und Ausweistasche<br \/>\nSeitentaschen<br \/>\nAu\u00dfenliegende Kniepolstertaschen, Stretch-Material Innen und Au\u00dfen f\u00fcr einen besseren ergonomischen Sitz<br \/>\nTaschen mit Balg, Stift- und Messertasche. Patte mit verstecktem Magnetknopf<br \/>\nNageltaschen &#8211; mit Werkzeughaltern und extra Tasche mit Rei\u00dfverschluss<br \/>\nVerst\u00e4rkte Zollstocktasche mit Messerhalter und Stifttasche<\/p>\n<h3>ABSCHLUSS<\/h3>\n<p>Beinabschluss mit CORDURA\u00ae-Verst\u00e4rkung, Verstellbare Beinabschl\u00fcsse mit Klettverschluss, Gummizug am Beinabschluss<\/p>\n<h3>REFLEX<\/h3>\n<p>Reflektierende Details am Bein<\/p>\n<p>Gr\u00f6\u00dfen: C44 &#8211; C62, C146 &#8211; C156, D88 &#8211; D124<\/p>\n","protected":false},"excerpt":{"rendered":"<p>Die Handwerkerhose besteht aus einem leichten 4-Wege-Stretch Stoff, der den ultimativen Komfort liefert. Die Hose ist schmaler geschnitten und sieht enger aus. Der elastische Bund bietet den ganzen Tag Komfort. Die Hose besitzt von oben zu f\u00fcllende CORDURA\u00ae-Stretch Kniepolstertaschen, Holstertaschen, eine davon mit Rei\u00dfverschluss, Ges\u00e4\u00dftaschen mit Balg, eine davon mit Rei\u00dfverschluss, eine Zollstocktasche und eine [&hellip;]<\/p>\n","protected":false},"featured_media":1152,"comment_status":"closed","ping_status":"closed","template":"","meta":[],"product_brand":[],"product_cat":[338],"product_tag":[378,403,402,382],"class_list":{"0":"post-1151","1":"product","2":"type-product","3":"status-publish","4":"has-post-thumbnail","6":"product_cat-workwear","7":"product_tag-arbeitshose","8":"product_tag-blaklaeder-1522","9":"product_tag-handwerker-arbeitshose","10":"product_tag-stretch","12":"first","13":"instock","14":"taxable","15":"shipping-taxable","16":"purchasable","17":"product-type-simple"},"jetpack_sharing_enabled":true,"_links":{"self":[{"href":"https:\/\/audio-tools.at\/index.php\/wp-json\/wp\/v2\/product\/1151","targetHints":{"allow":["GET"]}}],"collection":[{"href":"https:\/\/audio-tools.at\/index.php\/wp-json\/wp\/v2\/product"}],"about":[{"href":"https:\/\/audio-tools.at\/index.php\/wp-json\/wp\/v2\/types\/product"}],"replies":[{"embeddable":true,"href":"https:\/\/audio-tools.at\/index.php\/wp-json\/wp\/v2\/comments?post=1151"}],"wp:featuredmedia":[{"embeddable":true,"href":"https:\/\/audio-tools.at\/index.php\/wp-json\/wp\/v2\/media\/1152"}],"wp:attachment":[{"href":"https:\/\/audio-tools.at\/index.php\/wp-json\/wp\/v2\/media?parent=1151"}],"wp:term":[{"taxonomy":"product_brand","embeddable":true,"href":"https:\/\/audio-tools.at\/index.php\/wp-json\/wp\/v2\/product_brand?post=1151"},{"taxonomy":"product_cat","embeddable":true,"href":"https:\/\/audio-tools.at\/index.php\/wp-json\/wp\/v2\/product_cat?post=1151"},{"taxonomy":"product_tag","embeddable":true,"href":"https:\/\/audio-tools.at\/index.php\/wp-json\/wp\/v2\/product_tag?post=1151"}],"curies":[{"name":"wp","href":"https:\/\/api.w.org\/{rel}","templated":true}]}}