{"id":1169,"date":"2020-12-06T09:13:58","date_gmt":"2020-12-06T09:13:58","guid":{"rendered":"https:\/\/audio-tools.at\/?post_type=product&#038;p=1169"},"modified":"2022-09-27T18:27:40","modified_gmt":"2022-09-27T18:27:40","slug":"midas-mr-18-digitalmischpult","status":"publish","type":"product","link":"https:\/\/audio-tools.at\/index.php\/produkt\/midas-mr-18-digitalmischpult\/","title":{"rendered":"MiDAS MR 18 Digitalmischpult"},"content":{"rendered":"<h5>18-Input Digital Mixer for iPad\/Android Tablets with 16 Midas PRO Preamps, Integrated Wifi Module and Multi-Channel USB Audio Interface<\/h5>\n<ul class=\"prod-features\">\n<li>6 MIDAS PRO Mikrofon-Vorverst\u00e4rker<\/li>\n<li>integriertes Wi-Fi-Modul und Mehrkanal-USB-Audio-Interface<\/li>\n<li>\u00fcber iOS- oder Android tabletgesteuerter 18-fach Digitalmixer f\u00fcr Studio und Live-Anwendung<\/li>\n<li>eingebauter Tri-Mode Wi-Fi Router f\u00fcr direkten Betrieb &#8211; kein externer Router erforderlich<\/li>\n<li>18 x 18 Kanal<\/li>\n<li>bidirektionale USB2.0-Schnittstelle<\/li>\n<li>Dugan-style Auto-Mixing verwaltet automatisch Mikrofonverst\u00e4rkung<\/li>\n<li>4 DSPs<\/li>\n<li>ULTRANET-Konnektivit\u00e4t f\u00fcr P-16 Personal Monitoring System<\/li>\n<li>6 Aux- und Main-LR-Busse<\/li>\n<li>DSP und 6-Band-Parametrik- oder 31-Band-Grafik-EQ<\/li>\n<li>6 XLR-Aux-Ausg\u00e4nge und 2 XLR-Main Ausg\u00e4nge plus K\u00f6pfhorerausgang<\/li>\n<li>40 Bit Digitalsignalverarbeitung<\/li>\n<li>kostenlose iOS-, Android- und PC\/Mac\/Linux-Apps f\u00fcr Fernbedienung \u00fcber Ethernet, LAN oder Wi-Fi<\/li>\n<li>MIDI In \/ Out erm\u00f6glicht die Ansteuerung des Mixers \u00fcber MIDI-Ger\u00e4te oder die Verwendung als USB-MIDI-Interface<\/li>\n<li>kostenloser Download k\u00fcnftiger Firmware Updates, inkl. neue FX &#8222;Plug Ins&#8220;, auf midasconsoles.com<\/li>\n<li>automatisches Universalschaltnetzteil<\/li>\n<li>H\u00f6he: 3 HE<\/li>\n<li>Abmessungen (B x T x H) 333 x 149 x 140 mm<\/li>\n<li>Abmessungen ohne Seitenteile: 311 x 132 x 150 mm<\/li>\n<li>Einbautiefe 114 mm<\/li>\n<li>Gewicht 3,9 kg<\/li>\n<li>inkl. Rackmounts und Rack Bumpers<\/li>\n<\/ul>\n","protected":false},"excerpt":{"rendered":"\n","protected":false},"featured_media":1170,"comment_status":"closed","ping_status":"closed","template":"","meta":[],"product_brand":[],"product_cat":[29],"product_tag":[412,415,414,416],"class_list":{"0":"post-1169","1":"product","2":"type-product","3":"status-publish","4":"has-post-thumbnail","6":"product_cat-mixer","7":"product_tag-digitalmixer","8":"product_tag-midas-mic-preamps","9":"product_tag-midas-mr-18","10":"product_tag-wifi-integriert","12":"first","13":"instock","14":"taxable","15":"shipping-taxable","16":"product-type-simple"},"jetpack_sharing_enabled":true,"_links":{"self":[{"href":"https:\/\/audio-tools.at\/index.php\/wp-json\/wp\/v2\/product\/1169","targetHints":{"allow":["GET"]}}],"collection":[{"href":"https:\/\/audio-tools.at\/index.php\/wp-json\/wp\/v2\/product"}],"about":[{"href":"https:\/\/audio-tools.at\/index.php\/wp-json\/wp\/v2\/types\/product"}],"replies":[{"embeddable":true,"href":"https:\/\/audio-tools.at\/index.php\/wp-json\/wp\/v2\/comments?post=1169"}],"wp:featuredmedia":[{"embeddable":true,"href":"https:\/\/audio-tools.at\/index.php\/wp-json\/wp\/v2\/media\/1170"}],"wp:attachment":[{"href":"https:\/\/audio-tools.at\/index.php\/wp-json\/wp\/v2\/media?parent=1169"}],"wp:term":[{"taxonomy":"product_brand","embeddable":true,"href":"https:\/\/audio-tools.at\/index.php\/wp-json\/wp\/v2\/product_brand?post=1169"},{"taxonomy":"product_cat","embeddable":true,"href":"https:\/\/audio-tools.at\/index.php\/wp-json\/wp\/v2\/product_cat?post=1169"},{"taxonomy":"product_tag","embeddable":true,"href":"https:\/\/audio-tools.at\/index.php\/wp-json\/wp\/v2\/product_tag?post=1169"}],"curies":[{"name":"wp","href":"https:\/\/api.w.org\/{rel}","templated":true}]}}