{"id":1182,"date":"2020-12-07T20:22:14","date_gmt":"2020-12-07T20:22:14","guid":{"rendered":"https:\/\/audio-tools.at\/?post_type=product&#038;p=1182"},"modified":"2025-07-03T04:37:21","modified_gmt":"2025-07-03T04:37:21","slug":"yamaha-mg-16-xu-mischpult","status":"publish","type":"product","link":"https:\/\/audio-tools.at\/index.php\/produkt\/yamaha-mg-16-xu-mischpult\/","title":{"rendered":"Yamaha MG 16 XU Mischpult"},"content":{"rendered":"<ul>\n<li>16-Kanal Mischpult Konsole<\/li>\n<li>Max. 10 Mikrofon- \/ 16 Line-Eing\u00e4nge (8 mono + 4 stereo)<\/li>\n<li>4 GROUP Busse + 1 Stereo Bus<\/li>\n<li>4 AUX (inkl. FX)<\/li>\n<li>\u201cD-PRE\u201d Mikrofonvorverst\u00e4rker mit invertierter Darlington Schaltung<\/li>\n<li>1-Knopf Kompressoren<\/li>\n<li>SPX Prozessor mit 24 hochwertigen Effektprogrammen<\/li>\n<li>USB Schnittstelle mit 2 Ein- \/ 2 Ausg\u00e4ngen (24-bit \/ 192kHz)<\/li>\n<li>Kompatibel mit dem iPad (Version 2 oder h\u00f6her) \u00fcber das Apple iPad Camera Connection Kit \/ Lightning auf USB Kabel<\/li>\n<li>Cubase AI DAW Software Download Version im Lieferumfang<\/li>\n<li>PAD Schalter bei Mono-Eing\u00e4ngen<\/li>\n<li>+48V Phantomspeisung<\/li>\n<li>XLR Ausg\u00e4nge<\/li>\n<li>Internes Universal Netzteil<\/li>\n<li>Rack Mount Kit im Lieferumfang<\/li>\n<li>Metallgeh\u00e4use<\/li>\n<li>Ma\u00dfe (B\u00d7H\u00d7T): 444 mm x 130 mm x 500 mm<\/li>\n<li>Gewicht: 6.8 kg<\/li>\n<\/ul>\n","protected":false},"excerpt":{"rendered":"<p>16-Kanal Mischpult Konsole Max. 10 Mikrofon- \/ 16 Line-Eing\u00e4nge (8 mono + 4 stereo) 4 GROUP Busse + 1 Stereo Bus 4 AUX (inkl. FX) \u201cD-PRE\u201d Mikrofonvorverst\u00e4rker mit invertierter Darlington Schaltung 1-Knopf Kompressoren SPX Prozessor mit 24 hochwertigen Effektprogrammen USB Schnittstelle mit 2 Ein- \/ 2 Ausg\u00e4ngen (24-bit \/ 192kHz) Kompatibel mit dem iPad (Version [&hellip;]<\/p>\n","protected":false},"featured_media":1183,"comment_status":"closed","ping_status":"closed","template":"","meta":[],"product_brand":[],"product_cat":[29],"product_tag":[432,433,431],"class_list":{"0":"post-1182","1":"product","2":"type-product","3":"status-publish","4":"has-post-thumbnail","6":"product_cat-mixer","7":"product_tag-16-kanal-mischpult","8":"product_tag-analog-mixer","9":"product_tag-yamaha-mg16xu","11":"first","12":"instock","13":"taxable","14":"shipping-taxable","15":"product-type-simple"},"jetpack_sharing_enabled":true,"_links":{"self":[{"href":"https:\/\/audio-tools.at\/index.php\/wp-json\/wp\/v2\/product\/1182","targetHints":{"allow":["GET"]}}],"collection":[{"href":"https:\/\/audio-tools.at\/index.php\/wp-json\/wp\/v2\/product"}],"about":[{"href":"https:\/\/audio-tools.at\/index.php\/wp-json\/wp\/v2\/types\/product"}],"replies":[{"embeddable":true,"href":"https:\/\/audio-tools.at\/index.php\/wp-json\/wp\/v2\/comments?post=1182"}],"wp:featuredmedia":[{"embeddable":true,"href":"https:\/\/audio-tools.at\/index.php\/wp-json\/wp\/v2\/media\/1183"}],"wp:attachment":[{"href":"https:\/\/audio-tools.at\/index.php\/wp-json\/wp\/v2\/media?parent=1182"}],"wp:term":[{"taxonomy":"product_brand","embeddable":true,"href":"https:\/\/audio-tools.at\/index.php\/wp-json\/wp\/v2\/product_brand?post=1182"},{"taxonomy":"product_cat","embeddable":true,"href":"https:\/\/audio-tools.at\/index.php\/wp-json\/wp\/v2\/product_cat?post=1182"},{"taxonomy":"product_tag","embeddable":true,"href":"https:\/\/audio-tools.at\/index.php\/wp-json\/wp\/v2\/product_tag?post=1182"}],"curies":[{"name":"wp","href":"https:\/\/api.w.org\/{rel}","templated":true}]}}