{"id":1184,"date":"2020-12-11T10:29:03","date_gmt":"2020-12-11T10:29:03","guid":{"rendered":"https:\/\/audio-tools.at\/?post_type=product&#038;p=1184"},"modified":"2023-05-16T11:25:11","modified_gmt":"2023-05-16T11:25:11","slug":"qsc-e-112-passiv-box","status":"publish","type":"product","link":"https:\/\/audio-tools.at\/index.php\/produkt\/qsc-e-112-passiv-box\/","title":{"rendered":"QSC E 112 Passiv Box"},"content":{"rendered":"<p class=\"bodytext\">Der E112 ist ein trapezf\u00f6rmiger 2-Wege-Lautsprecher. In ihm kommt ein 12-Zoll-Tieft\u00f6ner mit Aluminiumgusskorb und 3-Zoll-Schwingspule zum Einsatz. Das 15 mm starke, aus 11 Schichten bestehende Multiplexgeh\u00e4use bietet ausreichend Volumen f\u00fcr eine Basswiedergabe bis 65 Hz. Damit ist dieser Lautsprecher eine hervorragende Wahl f\u00fcr Anwendungen, bei denen aus Platz- oder Budgetgr\u00fcnden ein Subwoofer nicht in Frage kommt. Durch den DMT-Abstrahlwinkel von 85\u00b0 eignet er sich perfekt f\u00fcr mittlere und mittel-lange Distanzen.<\/p>\n<p class=\"bodytext\">Die Lautsprecher der E Serie liefern in Verbindung mit jeder hochwertigen, professionellen Endstufe gute Ergebnisse \u2013 aber als Komponente des E Series Entertainment Systems bieten sie noch gr\u00f6\u00dfere Leistung und vielf\u00e4ltigere Optionen. Bei heutigen Aktivlautsprechern sorgt eine sorgf\u00e4ltig abgestimmte digitale Signalverarbeitung (DSP) f\u00fcr h\u00f6here Leistungsniveaus. Wenn Sie Lautsprecher der E Serie in Verbindung mit\u00a0<a href=\"https:\/\/www.qsc.com\/de\/live-sound\/produkte\/endstufen\/gxd-serie\/\" target=\"_blank\" rel=\"noopener\">GXD<\/a>&#8211; oder\u00a0<a href=\"https:\/\/www.qsc.com\/de\/live-sound\/produkte\/endstufen\/pld-serie\/\" target=\"_blank\" rel=\"noopener\">PLD<\/a>-Endstufen oder mit einem digitalen Mischpult der QSC\u00a0<a href=\"https:\/\/www.qsc.com\/de\/live-sound\/produkte\/touchmix-mixer\/\" target=\"_blank\" rel=\"noopener\">TouchMix<\/a>-Reihe verwenden, profitieren Sie ebenfalls von den Vorteilen fortschrittlichster DSP-Technologie. QSC hat f\u00fcr diese drei Plattformen zur E-Serie passende DSP-Konfigurationen entwickelt. Sie unterst\u00fctzen eine Vielzahl von Anwendungen: Livebeschallung (mit und ohne Subwoofer), B\u00fchnenmonitore, Tanzmusik und Karaoke.<\/p>\n<ul>\n<li>Hohe Leistung, professionelle Klangqualit\u00e4t bei 400 Watt Dauerleistung<\/li>\n<li>E Serie Entertainment System \u2013 erweiterte digitale Signalverarbeitungs-Konfigurationen\/-Optionen bei Verwendung in Verbindung mit den Endstufen der\u00a0<a href=\"https:\/\/www.qsc.com\/de\/live-sound\/produkte\/endstufen\/gxd-serie\/\" target=\"_blank\" rel=\"noopener\">GXD<\/a>&#8211; oder der\u00a0<a href=\"https:\/\/www.qsc.com\/de\/live-sound\/produkte\/endstufen\/pld-serie\/\" target=\"_blank\" rel=\"noopener\">PLD<\/a>-Serie oder mit Digitalmischpulten der\u00a0<a href=\"https:\/\/www.qsc.com\/de\/live-sound\/produkte\/touchmix-mixer\/\" target=\"_blank\" rel=\"noopener\">TouchMix<\/a>-Serie von QSC.<\/li>\n<li>DSP-Konfigurationen f\u00fcr das E Series Entertainment System sind f\u00fcr die PLD-, CXD- und GXD-Endstufen verf\u00fcgbar:\n<ul>\n<li>Wenn Sie PLD- oder CXD-Endstufen verwenden, nutzen Sie bitte die\u00a0<a href=\"https:\/\/www.qsc.com\/de\/live-sound\/produkte\/endstufen\/amplifier-navigator\/\" target=\"_blank\" rel=\"noopener\">Amplifier Navigator Software<\/a>.<\/li>\n<li>Wenn Sie GXD-Endstufen verwenden, nutzen Sie bitte den\u00a0<a href=\"https:\/\/www.qsc.com\/resources\/software-and-firmware\/gxd-firmware-updater\/\" target=\"_blank\" rel=\"noopener noreferrer\">GXD Firmware Updater<\/a>.<\/li>\n<\/ul>\n<\/li>\n<\/ul>\n<ul>\n<li>Robuster Strukturlack in roadtauglicher Qualit\u00e4t<\/li>\n<li>Schaumstoffkaschiertes Stahlgitter<\/li>\n<li>U-B\u00fcgel und M10 Rigging-Kit f\u00fcr Festinstallation lieferbar<\/li>\n<li>Hochst\u00e4nderflansch mit zwei Winkelpositionen<\/li>\n<\/ul>\n<table class=\"stripped\" border=\"0\" cellspacing=\"0\" cellpadding=\"0\">\n<tbody>\n<tr>\n<td>Configuration<\/td>\n<td>1 \u00d7 12-inch, 2-way, non-powered<\/td>\n<\/tr>\n<tr>\n<td>Frequency Response (-6 dB)<\/td>\n<td>64 Hz \u2013 20 kHz<\/td>\n<\/tr>\n<tr>\n<td>Frequency Range\u00a0(-10 dB)<\/td>\n<td>46 Hz \u2013 20 kHz<\/td>\n<\/tr>\n<tr>\n<td>Power capacity<sup>1<\/sup>: continuous\/peak<\/td>\n<td>400 W \/ 1600 W<\/td>\n<\/tr>\n<tr>\n<td>Sensitivity<\/td>\n<td>96 dB, 1 W @ 1 m<\/td>\n<\/tr>\n<tr>\n<td>Coverage Angle<\/td>\n<td>85\u00b0\u00a0conical DMT<\/td>\n<\/tr>\n<tr>\n<td>Output<sup>2<\/sup>\u00a0(peak SPL @ 1m)<\/td>\n<td>128 dB<\/td>\n<\/tr>\n<tr>\n<td>\n<p class=\"bodytext\">Drivers<\/p>\n<p>LF<\/p>\n<p>HF<\/td>\n<td>305 mm (12 in) driver with 76 mm (3 in) voice coil<\/p>\n<p>25 mm (1 in) exit, 45 mm (1.75 in) voice coil,\u00a0compression driver<\/td>\n<\/tr>\n<tr>\n<td>Nominal Impedance<\/td>\n<td>8\u03a9<\/td>\n<\/tr>\n<tr>\n<td>Cross-over<\/td>\n<td>Full range only, 1.8 kHz<\/td>\n<\/tr>\n<tr>\n<td>Input Connections<\/td>\n<td>2 \u00d7 NL4, 1 \u00d7 barrier strip<\/td>\n<\/tr>\n<tr>\n<td>Enclosure<\/td>\n<td>Trapezoidal, plywood, black texture paint finish. Two side-mounted handles. Perforated, powder-coated steel grille with foam lining.<\/td>\n<\/tr>\n<tr>\n<td>Speaker Dimensions<br \/>\n(W\u00d7H\u00d7D)<\/td>\n<td>360 \u00d7 616 \u00d7 371 mm<br \/>\n14.2 \u00d7 24.2 \u00d7 14.6 in<\/td>\n<\/tr>\n<tr>\n<td>Carton Dimensions<br \/>\n(W\u00d7H\u00d7D)<\/td>\n<td>\n<p class=\"bodytext\">460 \u00d7 460 \u00d7 712 mm<br \/>\n18 \u00d7 18 \u00d7 28 in<\/p>\n<\/td>\n<\/tr>\n<tr>\n<td>Net Speaker Weight<\/td>\n<td>23 kg \/ 51 lb<\/td>\n<\/tr>\n<\/tbody>\n<\/table>\n","protected":false},"excerpt":{"rendered":"<p>Der E112 ist ein trapezf\u00f6rmiger 2-Wege-Lautsprecher. In ihm kommt ein 12-Zoll-Tieft\u00f6ner mit Aluminiumgusskorb und 3-Zoll-Schwingspule zum Einsatz. Das 15 mm starke, aus 11 Schichten bestehende Multiplexgeh\u00e4use bietet ausreichend Volumen f\u00fcr eine Basswiedergabe bis 65 Hz. Damit ist dieser Lautsprecher eine hervorragende Wahl f\u00fcr Anwendungen, bei denen aus Platz- oder Budgetgr\u00fcnden ein Subwoofer nicht in Frage [&hellip;]<\/p>\n","protected":false},"featured_media":1185,"comment_status":"closed","ping_status":"closed","template":"","meta":[],"product_brand":[],"product_cat":[22,177],"product_tag":[435,434],"class_list":{"0":"post-1184","1":"product","2":"type-product","3":"status-publish","4":"has-post-thumbnail","6":"product_cat-speaker","7":"product_cat-speaker-passiv","8":"product_tag-lautsprecher-passiv","9":"product_tag-qsc-e112","11":"first","12":"instock","13":"taxable","14":"shipping-taxable","15":"purchasable","16":"product-type-simple"},"jetpack_sharing_enabled":true,"_links":{"self":[{"href":"https:\/\/audio-tools.at\/index.php\/wp-json\/wp\/v2\/product\/1184","targetHints":{"allow":["GET"]}}],"collection":[{"href":"https:\/\/audio-tools.at\/index.php\/wp-json\/wp\/v2\/product"}],"about":[{"href":"https:\/\/audio-tools.at\/index.php\/wp-json\/wp\/v2\/types\/product"}],"replies":[{"embeddable":true,"href":"https:\/\/audio-tools.at\/index.php\/wp-json\/wp\/v2\/comments?post=1184"}],"wp:featuredmedia":[{"embeddable":true,"href":"https:\/\/audio-tools.at\/index.php\/wp-json\/wp\/v2\/media\/1185"}],"wp:attachment":[{"href":"https:\/\/audio-tools.at\/index.php\/wp-json\/wp\/v2\/media?parent=1184"}],"wp:term":[{"taxonomy":"product_brand","embeddable":true,"href":"https:\/\/audio-tools.at\/index.php\/wp-json\/wp\/v2\/product_brand?post=1184"},{"taxonomy":"product_cat","embeddable":true,"href":"https:\/\/audio-tools.at\/index.php\/wp-json\/wp\/v2\/product_cat?post=1184"},{"taxonomy":"product_tag","embeddable":true,"href":"https:\/\/audio-tools.at\/index.php\/wp-json\/wp\/v2\/product_tag?post=1184"}],"curies":[{"name":"wp","href":"https:\/\/api.w.org\/{rel}","templated":true}]}}