{"id":1186,"date":"2020-12-11T10:32:26","date_gmt":"2020-12-11T10:32:26","guid":{"rendered":"https:\/\/audio-tools.at\/?post_type=product&#038;p=1186"},"modified":"2023-05-16T11:26:54","modified_gmt":"2023-05-16T11:26:54","slug":"qsc-e-110-passiv-box","status":"publish","type":"product","link":"https:\/\/audio-tools.at\/index.php\/produkt\/qsc-e-110-passiv-box\/","title":{"rendered":"QSC E 110 Passiv Box"},"content":{"rendered":"<p class=\"bodytext\">Der E110 ist ein kompakter 2-Wege-Lautsprecher. In seinem \u2013 ebenso als B\u00fchnenmonitor wie f\u00fcr die Front-PA geeigneten \u2013 Mehrzweckgeh\u00e4use befindet sich ein 10-Zoll-Tieft\u00f6ner mit Gusskorb und 2,5-Zoll-Schwingspule. Das DMT-Design (Directivity Matched Transition) von QSC sorgt f\u00fcr einen Abstrahlwinkel von 85\u00b0. Bei der Verwendung als B\u00fchnenmonitor wird der E110 mit einem Winkel von 55\u00b0 aufgestellt, sodass er auch auf einer kleinen B\u00fchne den K\u00fcnstler direkt anstrahlt.<\/p>\n<p class=\"bodytext\">Die Lautsprecher der E Serie liefern in Verbindung mit jeder hochwertigen, professionellen Endstufe gute Ergebnisse \u2013 aber als Komponente des E Series Entertainment Systems bieten sie noch gr\u00f6\u00dfere Leistung und vielf\u00e4ltigere Optionen. Bei heutigen Aktivlautsprechern sorgt eine sorgf\u00e4ltig abgestimmte digitale Signalverarbeitung (DSP) f\u00fcr h\u00f6here Leistungsniveaus. Wenn Sie Lautsprecher der E Serie in Verbindung mit\u00a0<a href=\"https:\/\/www.qsc.com\/de\/live-sound\/produkte\/endstufen\/gxd-serie\/\" target=\"_blank\" rel=\"noopener\">GXD<\/a>&#8211; oder\u00a0<a href=\"https:\/\/www.qsc.com\/de\/live-sound\/produkte\/endstufen\/pld-serie\/\" target=\"_blank\" rel=\"noopener\">PLD<\/a>-Endstufen oder mit einem digitalen Mischpult der QSC\u00a0<a href=\"https:\/\/www.qsc.com\/de\/live-sound\/produkte\/touchmix-mixer\/\" target=\"_blank\" rel=\"noopener\">TouchMix<\/a>-Reihe verwenden, profitieren Sie ebenfalls von den Vorteilen fortschrittlichster DSP-Technologie. QSC hat f\u00fcr diese drei Plattformen zur E-Serie passende DSP-Konfigurationen entwickelt.<\/p>\n<ul>\n<li>Hohe Leistung, professionelle Klangqualit\u00e4t bei 300 Watt Dauerleistung<\/li>\n<li>E Serie Entertainment System \u2013 erweiterte digitale Signalverarbeitungs-Konfigurationen\/-Optionen bei Verwendung in Verbindung mit den Endstufen der\u00a0<a href=\"https:\/\/www.qsc.com\/de\/live-sound\/produkte\/endstufen\/gxd-serie\/\" target=\"_blank\" rel=\"noopener\">GXD<\/a>&#8211; oder der\u00a0<a href=\"https:\/\/www.qsc.com\/de\/live-sound\/produkte\/endstufen\/pld-serie\/\" target=\"_blank\" rel=\"noopener\">PLD<\/a>-Serie oder mit Digitalmischpulten der\u00a0<a href=\"https:\/\/www.qsc.com\/de\/live-sound\/produkte\/touchmix-mixer\/\" target=\"_blank\" rel=\"noopener\">TouchMix<\/a>-Serie von QSC.<\/li>\n<li>DSP-Konfigurationen f\u00fcr das E Series Entertainment System sind f\u00fcr die PLD-, CXD- und GXD-Endstufen verf\u00fcgbar:\n<ul>\n<li>Wenn Sie PLD- oder CXD-Endstufen verwenden, nutzen Sie bitte die\u00a0<a href=\"https:\/\/www.qsc.com\/de\/live-sound\/produkte\/endstufen\/amplifier-navigator\/\" target=\"_blank\" rel=\"noopener\">Amplifier Navigator Software<\/a>.<\/li>\n<li>Wenn Sie GXD-Endstufen verwenden, nutzen Sie bitte den\u00a0<a href=\"https:\/\/www.qsc.com\/resources\/software-and-firmware\/gxd-firmware-updater\/\" target=\"_blank\" rel=\"noopener noreferrer\">GXD Firmware Updater<\/a>.<\/li>\n<\/ul>\n<\/li>\n<\/ul>\n<ul>\n<li>Robuster Strukturlack in roadtauglicher Qualit\u00e4t<\/li>\n<li>Schaumstoffkaschiertes Stahlgitter<\/li>\n<li>E10 geeignet f\u00fcr Front-PA und als B\u00fchnenmonitor<\/li>\n<li>U-B\u00fcgel und M8 Rigging-Kit f\u00fcr Festinstallation lieferbar<\/li>\n<li>Hochst\u00e4nderflansch mit zwei Winkelpositionen<\/li>\n<\/ul>\n<table class=\"stripped\" border=\"0\" cellspacing=\"0\" cellpadding=\"0\">\n<tbody>\n<tr>\n<td>Configuration<\/td>\n<td>1 \u00d7 10-inch, 2-way, non-powered<\/td>\n<\/tr>\n<tr>\n<td>Frequency Response (-6 dB)<\/td>\n<td>68Hz \u2013 20kHz<\/td>\n<\/tr>\n<tr>\n<td>Frequency Range (-10 dB)<\/td>\n<td>50Hz &#8211; 20kHz<\/td>\n<\/tr>\n<tr>\n<td>Power capacity\u00b2: continuous\/peak<\/td>\n<td>300 W \/ 1200 W<\/td>\n<\/tr>\n<tr>\n<td>Sensitivity<\/td>\n<td>95 dB, 1 W @ 1 m<\/td>\n<\/tr>\n<tr>\n<td>Coverage Angle<\/td>\n<td>85\u00b0\u00a0conical DMT<\/td>\n<\/tr>\n<tr>\n<td>Output<sup>1<\/sup>\u00a0(Peak SPL @ 1m)<\/td>\n<td>126 dB<\/td>\n<\/tr>\n<tr>\n<td>\n<p class=\"bodytext\">Drivers<\/p>\n<p>LF<\/p>\n<p>HF<\/td>\n<td>254 mm (10 in) driver with 64 mm (2.5 in) voice coil;<\/p>\n<p>25 mm (1 in) exit, 45 mm (1.75 in) voice coil,\u00a0compression driver<\/td>\n<\/tr>\n<tr>\n<td>Nominal Impedance<\/td>\n<td>8\u03a9<\/td>\n<\/tr>\n<tr>\n<td>Cross-over<\/td>\n<td>Full-range only, 1.8 kHz<\/td>\n<\/tr>\n<tr>\n<td>Input Connections<\/td>\n<td>2 \u00d7 NL4, 1 \u00d7 barrier strip<\/td>\n<\/tr>\n<tr>\n<td>Enclosure<\/td>\n<td>Multi-angle plywood, black texture paint finish. One top-mounted handle. Perforated, powder-coated steel grille with foam lining.<\/td>\n<\/tr>\n<tr>\n<td>Mounting and suspension<\/td>\n<td>9 \u00d7 M8 suspension points, dual angle, 35 mm pole-socket<\/td>\n<\/tr>\n<tr>\n<td>Speaker Dimensions<br \/>\n(W\u00d7H\u00d7D)<\/td>\n<td>330 \u00d7 560 \u00d7 330 mm<br \/>\n13 \u00d7 22 \u00d7 13 in<\/td>\n<\/tr>\n<tr>\n<td>Carton Dimensions (H\u00d7W\u00d7D)<\/td>\n<td>430 \u00d7 430 \u00d7 660 mm<br \/>\n17 \u00d7 17 \u00d7 26 in<\/td>\n<\/tr>\n<tr>\n<td>Net speaker weight<\/td>\n<td>20 kg \/ 44 lb<\/td>\n<\/tr>\n<\/tbody>\n<\/table>\n","protected":false},"excerpt":{"rendered":"<p>Der E110 ist ein kompakter 2-Wege-Lautsprecher. In seinem \u2013 ebenso als B\u00fchnenmonitor wie f\u00fcr die Front-PA geeigneten \u2013 Mehrzweckgeh\u00e4use befindet sich ein 10-Zoll-Tieft\u00f6ner mit Gusskorb und 2,5-Zoll-Schwingspule. Das DMT-Design (Directivity Matched Transition) von QSC sorgt f\u00fcr einen Abstrahlwinkel von 85\u00b0. Bei der Verwendung als B\u00fchnenmonitor wird der E110 mit einem Winkel von 55\u00b0 aufgestellt, sodass [&hellip;]<\/p>\n","protected":false},"featured_media":1185,"comment_status":"closed","ping_status":"closed","template":"","meta":[],"product_brand":[],"product_cat":[22,177],"product_tag":[437,436],"class_list":{"0":"post-1186","1":"product","2":"type-product","3":"status-publish","4":"has-post-thumbnail","6":"product_cat-speaker","7":"product_cat-speaker-passiv","8":"product_tag-passiv-box","9":"product_tag-qsc-e110","11":"first","12":"instock","13":"taxable","14":"shipping-taxable","15":"purchasable","16":"product-type-simple"},"jetpack_sharing_enabled":true,"_links":{"self":[{"href":"https:\/\/audio-tools.at\/index.php\/wp-json\/wp\/v2\/product\/1186","targetHints":{"allow":["GET"]}}],"collection":[{"href":"https:\/\/audio-tools.at\/index.php\/wp-json\/wp\/v2\/product"}],"about":[{"href":"https:\/\/audio-tools.at\/index.php\/wp-json\/wp\/v2\/types\/product"}],"replies":[{"embeddable":true,"href":"https:\/\/audio-tools.at\/index.php\/wp-json\/wp\/v2\/comments?post=1186"}],"wp:featuredmedia":[{"embeddable":true,"href":"https:\/\/audio-tools.at\/index.php\/wp-json\/wp\/v2\/media\/1185"}],"wp:attachment":[{"href":"https:\/\/audio-tools.at\/index.php\/wp-json\/wp\/v2\/media?parent=1186"}],"wp:term":[{"taxonomy":"product_brand","embeddable":true,"href":"https:\/\/audio-tools.at\/index.php\/wp-json\/wp\/v2\/product_brand?post=1186"},{"taxonomy":"product_cat","embeddable":true,"href":"https:\/\/audio-tools.at\/index.php\/wp-json\/wp\/v2\/product_cat?post=1186"},{"taxonomy":"product_tag","embeddable":true,"href":"https:\/\/audio-tools.at\/index.php\/wp-json\/wp\/v2\/product_tag?post=1186"}],"curies":[{"name":"wp","href":"https:\/\/api.w.org\/{rel}","templated":true}]}}