{"id":1194,"date":"2020-12-19T20:20:00","date_gmt":"2020-12-19T20:20:00","guid":{"rendered":"https:\/\/audio-tools.at\/?post_type=product&#038;p=1194"},"modified":"2024-01-24T17:50:40","modified_gmt":"2024-01-24T17:50:40","slug":"blaklader-guertel-schwarz-403400009900","status":"publish","type":"product","link":"https:\/\/audio-tools.at\/index.php\/produkt\/blaklader-guertel-schwarz-403400009900\/","title":{"rendered":"Blaklader G\u00fcrtel Schwarz 403400009900"},"content":{"rendered":"<p>Einstellbarer G\u00fcrtel mit Metallschnalle. Erh\u00e4ltlich in verschiedenen Farben, bieten Ihnen die M\u00f6glichkeit Ihre Arbeitsbekleidung und Ihre Firma hervor zu heben.<\/p>\n","protected":false},"excerpt":{"rendered":"<p>Einstellbarer G\u00fcrtel mit Metallschnalle. Erh\u00e4ltlich in verschiedenen Farben, bieten Ihnen die M\u00f6glichkeit Ihre Arbeitsbekleidung und Ihre Firma hervor zu heben.<\/p>\n","protected":false},"featured_media":1195,"comment_status":"closed","ping_status":"closed","template":"","meta":[],"product_brand":[],"product_cat":[338],"product_tag":[442],"class_list":{"0":"post-1194","1":"product","2":"type-product","3":"status-publish","4":"has-post-thumbnail","6":"product_cat-workwear","7":"product_tag-guertel","9":"first","10":"instock","11":"taxable","12":"shipping-taxable","13":"purchasable","14":"product-type-simple"},"jetpack_sharing_enabled":true,"_links":{"self":[{"href":"https:\/\/audio-tools.at\/index.php\/wp-json\/wp\/v2\/product\/1194","targetHints":{"allow":["GET"]}}],"collection":[{"href":"https:\/\/audio-tools.at\/index.php\/wp-json\/wp\/v2\/product"}],"about":[{"href":"https:\/\/audio-tools.at\/index.php\/wp-json\/wp\/v2\/types\/product"}],"replies":[{"embeddable":true,"href":"https:\/\/audio-tools.at\/index.php\/wp-json\/wp\/v2\/comments?post=1194"}],"wp:featuredmedia":[{"embeddable":true,"href":"https:\/\/audio-tools.at\/index.php\/wp-json\/wp\/v2\/media\/1195"}],"wp:attachment":[{"href":"https:\/\/audio-tools.at\/index.php\/wp-json\/wp\/v2\/media?parent=1194"}],"wp:term":[{"taxonomy":"product_brand","embeddable":true,"href":"https:\/\/audio-tools.at\/index.php\/wp-json\/wp\/v2\/product_brand?post=1194"},{"taxonomy":"product_cat","embeddable":true,"href":"https:\/\/audio-tools.at\/index.php\/wp-json\/wp\/v2\/product_cat?post=1194"},{"taxonomy":"product_tag","embeddable":true,"href":"https:\/\/audio-tools.at\/index.php\/wp-json\/wp\/v2\/product_tag?post=1194"}],"curies":[{"name":"wp","href":"https:\/\/api.w.org\/{rel}","templated":true}]}}