{"id":1196,"date":"2020-12-19T20:25:03","date_gmt":"2020-12-19T20:25:03","guid":{"rendered":"https:\/\/audio-tools.at\/?post_type=product&#038;p=1196"},"modified":"2024-01-24T17:49:37","modified_gmt":"2024-01-24T17:49:37","slug":"blaklader-regenjacke-level-1-430120009900","status":"publish","type":"product","link":"https:\/\/audio-tools.at\/index.php\/produkt\/blaklader-regenjacke-level-1-430120009900\/","title":{"rendered":"Blaklader Regenjacke Level 1 430120009900"},"content":{"rendered":"<p>Eine Regenjacke f\u00fcr all jene mit Arbeitsaufgaben, die leichte und sanfte Regenkleidung erfordern. Sie ist wind- und wasserdicht und hat veschwei\u00dfte N\u00e4hte, sowie eine abnehmbare und verstellbare Kapuze. Die Jacke hat eine Tropfkante am Bund mit einem Ablauf am R\u00fccken und ist mit leicht zug\u00e4nglichen Vordertaschen (eine mit D-Ring) versehen. Der Frontverschluss hat einen verdeckten Zwei-Wege Rei\u00dfverschluss, der bis zum Sturmknopf am Kragen reicht und verstellbare \u00c4rmel mit Klettverschluss. Die Jacke hat Reflexstreifen am \u00c4rmel und am R\u00fccken. Sie ist zertifiziert nach EN 343, Klasse 3.1, Schutzkleidung vor schlechtem Wetter. Die Farben 4600 und 9900 wurden aktualisiert. Das alte Modell wird solange der Vorrat reicht, ausgeliefert.<\/p>\n","protected":false},"excerpt":{"rendered":"<p>Eine Regenjacke f\u00fcr all jene mit Arbeitsaufgaben, die leichte und sanfte Regenkleidung erfordern. Sie ist wind- und wasserdicht und hat veschwei\u00dfte N\u00e4hte, sowie eine abnehmbare und verstellbare Kapuze. Die Jacke hat eine Tropfkante am Bund mit einem Ablauf am R\u00fccken und ist mit leicht zug\u00e4nglichen Vordertaschen (eine mit D-Ring) versehen. Der Frontverschluss hat einen verdeckten [&hellip;]<\/p>\n","protected":false},"featured_media":1197,"comment_status":"closed","ping_status":"closed","template":"","meta":[],"product_brand":[],"product_cat":[338],"product_tag":[375,443],"class_list":{"0":"post-1196","1":"product","2":"type-product","3":"status-publish","4":"has-post-thumbnail","6":"product_cat-workwear","7":"product_tag-blaklaeder","8":"product_tag-regenjacke","10":"first","11":"instock","12":"taxable","13":"shipping-taxable","14":"purchasable","15":"product-type-simple"},"jetpack_sharing_enabled":true,"_links":{"self":[{"href":"https:\/\/audio-tools.at\/index.php\/wp-json\/wp\/v2\/product\/1196","targetHints":{"allow":["GET"]}}],"collection":[{"href":"https:\/\/audio-tools.at\/index.php\/wp-json\/wp\/v2\/product"}],"about":[{"href":"https:\/\/audio-tools.at\/index.php\/wp-json\/wp\/v2\/types\/product"}],"replies":[{"embeddable":true,"href":"https:\/\/audio-tools.at\/index.php\/wp-json\/wp\/v2\/comments?post=1196"}],"wp:featuredmedia":[{"embeddable":true,"href":"https:\/\/audio-tools.at\/index.php\/wp-json\/wp\/v2\/media\/1197"}],"wp:attachment":[{"href":"https:\/\/audio-tools.at\/index.php\/wp-json\/wp\/v2\/media?parent=1196"}],"wp:term":[{"taxonomy":"product_brand","embeddable":true,"href":"https:\/\/audio-tools.at\/index.php\/wp-json\/wp\/v2\/product_brand?post=1196"},{"taxonomy":"product_cat","embeddable":true,"href":"https:\/\/audio-tools.at\/index.php\/wp-json\/wp\/v2\/product_cat?post=1196"},{"taxonomy":"product_tag","embeddable":true,"href":"https:\/\/audio-tools.at\/index.php\/wp-json\/wp\/v2\/product_tag?post=1196"}],"curies":[{"name":"wp","href":"https:\/\/api.w.org\/{rel}","templated":true}]}}