{"id":1199,"date":"2020-12-19T20:32:09","date_gmt":"2020-12-19T20:32:09","guid":{"rendered":"https:\/\/audio-tools.at\/?post_type=product&#038;p=1199"},"modified":"2024-01-24T17:48:30","modified_gmt":"2024-01-24T17:48:30","slug":"blaklader-funktionsjacke-gefuettert-schwarz-489019779900","status":"publish","type":"product","link":"https:\/\/audio-tools.at\/index.php\/produkt\/blaklader-funktionsjacke-gefuettert-schwarz-489019779900\/","title":{"rendered":"Blaklader Funktionsjacke Gef\u00fcttert schwarz 489019779900"},"content":{"rendered":"<p>Eine leichte Winterjacke mit Mesh-Futter, die perfekt bei k\u00fchlerem Wetter zu tragen ist. Wind- und wasserdicht mit Atmungsaktivit\u00e4t und versiegelten N\u00e4hten. Diese zweifarbige Jacke mit Kontrastfarben an den Seiten ist mit einer abnehmbaren Kapuze und auffallenden Reflexdetails ausgestattet. Mit ihrem funktionellen Design ist sie zertifiziert nach EN 343 &#8211; Schutzkleidung gegen Regen.<\/p>\n<h3>STOFF<\/h3>\n<p>100% Polyester, Oxford, beschichtet, wasserdicht 15.000 mm, winddicht, atmungsaktiv 4.000 g\/m\u00b2\/24h, Ret 8,5, 200g\/m\u00b2<\/p>\n<h3>INNENFUTTER<\/h3>\n<p>Steppfutter im Arm, Air-Mesh-Futter<\/p>\n<h3>FUNKTIONALIT\u00c4T<\/h3>\n<p>Wind- &amp; wasserdichtes Material mit Atmungsaktivit\u00e4t, verschwei\u00dfte N\u00e4hte<\/p>\n<h3>DETAILS<\/h3>\n<p>Abnehmbare und verstellbare Kapuze mit Meshfutter<br \/>\nRei\u00dfverschluss im Futter, f\u00fcr einfache Textilveredelung<br \/>\nLogo-Aufdruck auf der Brust, Aufdruck auf den \u00c4rmeln<\/p>\n<h3>FRONTVERSCHLUSS<\/h3>\n<p>Rei\u00dfverschluss aus Kunststoff<\/p>\n<h3>TASCHEN<\/h3>\n<p>Brusttaschen mit Rei\u00dfverschluss<br \/>\nVordertaschen mit Rei\u00dfverschl\u00fcssen<\/p>\n<h3>ABSCHLUSS<\/h3>\n<p>Verstellbarer Bund mit Kordelzug<br \/>\nInnenb\u00fcndchen mit Daumenloch, Verstellbare \u00c4rmelb\u00fcndchen<\/p>\n<h3>REFLEX<\/h3>\n<p>Reflex-Druck an den \u00c4rmeln und Kapuze<\/p>\n","protected":false},"excerpt":{"rendered":"<p>Eine leichte Winterjacke mit Mesh-Futter, die perfekt bei k\u00fchlerem Wetter zu tragen ist. Wind- und wasserdicht mit Atmungsaktivit\u00e4t und versiegelten N\u00e4hten. Diese zweifarbige Jacke mit Kontrastfarben an den Seiten ist mit einer abnehmbaren Kapuze und auffallenden Reflexdetails ausgestattet. Mit ihrem funktionellen Design ist sie zertifiziert nach EN 343 &#8211; Schutzkleidung gegen Regen. STOFF 100% Polyester, [&hellip;]<\/p>\n","protected":false},"featured_media":1200,"comment_status":"closed","ping_status":"closed","template":"","meta":[],"product_brand":[],"product_cat":[338],"product_tag":[447,445,446,444],"class_list":{"0":"post-1199","1":"product","2":"type-product","3":"status-publish","4":"has-post-thumbnail","6":"product_cat-workwear","7":"product_tag-blaklader-4890","8":"product_tag-funktionsjacke","9":"product_tag-gefuetterte-jacke","10":"product_tag-winterjacke","12":"first","13":"instock","14":"taxable","15":"shipping-taxable","16":"purchasable","17":"product-type-simple"},"jetpack_sharing_enabled":true,"_links":{"self":[{"href":"https:\/\/audio-tools.at\/index.php\/wp-json\/wp\/v2\/product\/1199","targetHints":{"allow":["GET"]}}],"collection":[{"href":"https:\/\/audio-tools.at\/index.php\/wp-json\/wp\/v2\/product"}],"about":[{"href":"https:\/\/audio-tools.at\/index.php\/wp-json\/wp\/v2\/types\/product"}],"replies":[{"embeddable":true,"href":"https:\/\/audio-tools.at\/index.php\/wp-json\/wp\/v2\/comments?post=1199"}],"wp:featuredmedia":[{"embeddable":true,"href":"https:\/\/audio-tools.at\/index.php\/wp-json\/wp\/v2\/media\/1200"}],"wp:attachment":[{"href":"https:\/\/audio-tools.at\/index.php\/wp-json\/wp\/v2\/media?parent=1199"}],"wp:term":[{"taxonomy":"product_brand","embeddable":true,"href":"https:\/\/audio-tools.at\/index.php\/wp-json\/wp\/v2\/product_brand?post=1199"},{"taxonomy":"product_cat","embeddable":true,"href":"https:\/\/audio-tools.at\/index.php\/wp-json\/wp\/v2\/product_cat?post=1199"},{"taxonomy":"product_tag","embeddable":true,"href":"https:\/\/audio-tools.at\/index.php\/wp-json\/wp\/v2\/product_tag?post=1199"}],"curies":[{"name":"wp","href":"https:\/\/api.w.org\/{rel}","templated":true}]}}