{"id":1202,"date":"2020-12-19T20:36:23","date_gmt":"2020-12-19T20:36:23","guid":{"rendered":"https:\/\/audio-tools.at\/?post_type=product&#038;p=1202"},"modified":"2024-01-24T17:47:27","modified_gmt":"2024-01-24T17:47:27","slug":"blaklader-poloshirt-330510359900","status":"publish","type":"product","link":"https:\/\/audio-tools.at\/index.php\/produkt\/blaklader-poloshirt-330510359900\/","title":{"rendered":"Blaklader Poloshirt 330510359900"},"content":{"rendered":"<p>Ein Polo-Shirt ist perfekt f\u00fcr die Arbeit oder die bewusst legere Wahl f\u00fcrs Wochenende. Details sind Brusttasche und Rippkragen.<\/p>\n<h3>STOFF<\/h3>\n<p>100% Baumwolle, Polo-Strick, 220 g\/m\u00b2<\/p>\n<h3>DETAILS<\/h3>\n<p>Halsausschnitt mit Kn\u00f6pfen<br \/>\nGerippter Kragen<br \/>\nVerst\u00e4rkte Schultern\u00e4hte, Verst\u00e4rkte Halsn\u00e4hte<\/p>\n<h3>TASCHEN<\/h3>\n<p>Brusttasche<\/p>\n<h3>ABSCHLUSS<\/h3>\n<p>Rippstrickb\u00fcndchen<\/p>\n","protected":false},"excerpt":{"rendered":"<p>Ein Polo-Shirt ist perfekt f\u00fcr die Arbeit oder die bewusst legere Wahl f\u00fcrs Wochenende. Details sind Brusttasche und Rippkragen. STOFF 100% Baumwolle, Polo-Strick, 220 g\/m\u00b2 DETAILS Halsausschnitt mit Kn\u00f6pfen Gerippter Kragen Verst\u00e4rkte Schultern\u00e4hte, Verst\u00e4rkte Halsn\u00e4hte TASCHEN Brusttasche ABSCHLUSS Rippstrickb\u00fcndchen<\/p>\n","protected":false},"featured_media":1203,"comment_status":"closed","ping_status":"closed","template":"","meta":[],"product_brand":[],"product_cat":[338],"product_tag":[449,448],"class_list":{"0":"post-1202","1":"product","2":"type-product","3":"status-publish","4":"has-post-thumbnail","6":"product_cat-workwear","7":"product_tag-blaklader-polo","8":"product_tag-poloshirt","10":"first","11":"instock","12":"taxable","13":"shipping-taxable","14":"purchasable","15":"product-type-simple"},"jetpack_sharing_enabled":true,"_links":{"self":[{"href":"https:\/\/audio-tools.at\/index.php\/wp-json\/wp\/v2\/product\/1202","targetHints":{"allow":["GET"]}}],"collection":[{"href":"https:\/\/audio-tools.at\/index.php\/wp-json\/wp\/v2\/product"}],"about":[{"href":"https:\/\/audio-tools.at\/index.php\/wp-json\/wp\/v2\/types\/product"}],"replies":[{"embeddable":true,"href":"https:\/\/audio-tools.at\/index.php\/wp-json\/wp\/v2\/comments?post=1202"}],"wp:featuredmedia":[{"embeddable":true,"href":"https:\/\/audio-tools.at\/index.php\/wp-json\/wp\/v2\/media\/1203"}],"wp:attachment":[{"href":"https:\/\/audio-tools.at\/index.php\/wp-json\/wp\/v2\/media?parent=1202"}],"wp:term":[{"taxonomy":"product_brand","embeddable":true,"href":"https:\/\/audio-tools.at\/index.php\/wp-json\/wp\/v2\/product_brand?post=1202"},{"taxonomy":"product_cat","embeddable":true,"href":"https:\/\/audio-tools.at\/index.php\/wp-json\/wp\/v2\/product_cat?post=1202"},{"taxonomy":"product_tag","embeddable":true,"href":"https:\/\/audio-tools.at\/index.php\/wp-json\/wp\/v2\/product_tag?post=1202"}],"curies":[{"name":"wp","href":"https:\/\/api.w.org\/{rel}","templated":true}]}}