{"id":1290,"date":"2021-01-25T16:37:06","date_gmt":"2021-01-25T16:37:06","guid":{"rendered":"https:\/\/audio-tools.at\/?post_type=product&#038;p=1290"},"modified":"2021-01-25T16:37:06","modified_gmt":"2021-01-25T16:37:06","slug":"audio-technica-at-2035-grossmembran-kondensator-mikrofon","status":"publish","type":"product","link":"https:\/\/audio-tools.at\/index.php\/produkt\/audio-technica-at-2035-grossmembran-kondensator-mikrofon\/","title":{"rendered":"Audio Technica AT 2035 Gro\u00dfmembran Kondensator Mikrofon"},"content":{"rendered":"<p>F\u00fcr anspruchsvolle Anwendungen im Homerecording, Projektstudio sowie im professionellen Studio oder bei Live-Veranstaltungen entwickelt, liefert das AT2035 eine au\u00dfergew\u00f6hnliche Detailvielfalt bei geringstem Rauschen. Dank seines in die B\u00e4sse erweiterten Frequenzgangs bietet das AT2035 einen vollen, satten Klang und kann auch mit extrem hohem Schalldruck problemlos umgehen.<\/p>\n<p>Gro\u00dfmembran f\u00fcr weichen, nat\u00fcrlichen Klang und geringes Eigenrauschen.<\/p>\n<p>Hohe Schalldruckvertr\u00e4glichkeit und ein gro\u00dfer Dynamikumfang.<\/p>\n<p>Ma\u00dfgefertigte Schwingungsd\u00e4mpfer liefern eine \u00fcberragende Abschirmung.<\/p>\n<p>Zuschaltbares 80 Hz Hochpassfilter und 10 dB Pad (D\u00e4mpfung).<\/p>\n<p>Nieren-Richtcharakteristik isolierte Aufnahme der gew\u00fcnschten Klangquelle.<\/p>\n<p>AT8458 Mikrofonspinne.<\/p>\n","protected":false},"excerpt":{"rendered":"\n","protected":false},"featured_media":1291,"comment_status":"closed","ping_status":"closed","template":"","meta":[],"product_brand":[],"product_cat":[31,193],"product_tag":[464,462,463,231,465],"class_list":{"0":"post-1290","1":"product","2":"type-product","3":"status-publish","4":"has-post-thumbnail","6":"product_cat-micros","7":"product_cat-audio-technica","8":"product_tag-at2035","9":"product_tag-audio-technica-at-2035","10":"product_tag-grossmembran-kondensator-mikro","11":"product_tag-streaming-mikro","12":"product_tag-studio-mikro","14":"first","15":"instock","16":"sale","17":"taxable","18":"shipping-taxable","19":"purchasable","20":"product-type-simple"},"jetpack_sharing_enabled":true,"_links":{"self":[{"href":"https:\/\/audio-tools.at\/index.php\/wp-json\/wp\/v2\/product\/1290","targetHints":{"allow":["GET"]}}],"collection":[{"href":"https:\/\/audio-tools.at\/index.php\/wp-json\/wp\/v2\/product"}],"about":[{"href":"https:\/\/audio-tools.at\/index.php\/wp-json\/wp\/v2\/types\/product"}],"replies":[{"embeddable":true,"href":"https:\/\/audio-tools.at\/index.php\/wp-json\/wp\/v2\/comments?post=1290"}],"wp:featuredmedia":[{"embeddable":true,"href":"https:\/\/audio-tools.at\/index.php\/wp-json\/wp\/v2\/media\/1291"}],"wp:attachment":[{"href":"https:\/\/audio-tools.at\/index.php\/wp-json\/wp\/v2\/media?parent=1290"}],"wp:term":[{"taxonomy":"product_brand","embeddable":true,"href":"https:\/\/audio-tools.at\/index.php\/wp-json\/wp\/v2\/product_brand?post=1290"},{"taxonomy":"product_cat","embeddable":true,"href":"https:\/\/audio-tools.at\/index.php\/wp-json\/wp\/v2\/product_cat?post=1290"},{"taxonomy":"product_tag","embeddable":true,"href":"https:\/\/audio-tools.at\/index.php\/wp-json\/wp\/v2\/product_tag?post=1290"}],"curies":[{"name":"wp","href":"https:\/\/api.w.org\/{rel}","templated":true}]}}