{"id":1321,"date":"2021-02-17T13:50:15","date_gmt":"2021-02-17T13:50:15","guid":{"rendered":"https:\/\/audio-tools.at\/?post_type=product&#038;p=1321"},"modified":"2021-02-17T13:50:15","modified_gmt":"2021-02-17T13:50:15","slug":"ld-hpa-6-kopfhoererverstaerker","status":"publish","type":"product","link":"https:\/\/audio-tools.at\/index.php\/produkt\/ld-hpa-6-kopfhoererverstaerker\/","title":{"rendered":"LD HPA 6 Kopfh\u00f6rerverst\u00e4rker"},"content":{"rendered":"<p><b>LDHPA6 6-Kanal-Kopfh\u00f6rerverst\u00e4rker zur Rackmontage<\/b><\/p>\n<p>Der LD Systems HPA 6 ist ein extrem flexibler 1HE 19&#8243;-Kopfh\u00f6rerverst\u00e4rker mit sechs vollst\u00e4ndig unabh\u00e4ngigen Kan\u00e4len und vielen Funktionen f\u00fcr unterschiedlichste Anwendungen im Pro-Audio-Bereich.<\/p>\n<p>Jeder Kanal bietet eine 6,35 mm TRS-Kopfh\u00f6rerbuchse mit Pegelregler, Mono\/Stereo-Schalter, dedizierten Mute-Tasten f\u00fcr Links und Rechts sowie einem 6,35 mm TRS-Aux-Eingang mit Main\/Aux-Mischregler f\u00fcr das Zumischen zus\u00e4tzlicher Audioquellen. Jeder Kanal ist zudem mit einer vierstufigen LED-Pegelanzeige f\u00fcr die optische Pegelkontrolle ausgestattet. Auf der R\u00fcckseite bietet jeder Kanal zwei 6,35 mm Klinkenausg\u00e4ngen (TRS), sodass sich insgesamt bis zu 18 Kopfh\u00f6rer anschlie\u00dfen lassen.<\/p>\n<p>In der Main-Sektion des HPA 6 befindet sich der Gesamtpegelregler mit einer achtstufigen LED-Pegelanzeige sowie ein 6,35 mm Klinkeneingang (TRS), wor\u00fcber allen Kan\u00e4len global eine zus\u00e4tzliche Audioquelle zugemischt werden kann. Auf der R\u00fcckseite befinden sich die Haupt-Stereoeing\u00e4nge im XLR und 6,35 mm Klinkenformat und die Stereo-Ausg\u00e4nge, \u00fcber die sich mehrere Ger\u00e4te in Reihe schalten lassen.<\/p>\n","protected":false},"excerpt":{"rendered":"<p>LDHPA6 6-Kanal-Kopfh\u00f6rerverst\u00e4rker zur Rackmontage Der LD Systems HPA 6 ist ein extrem flexibler 1HE 19&#8243;-Kopfh\u00f6rerverst\u00e4rker mit sechs vollst\u00e4ndig unabh\u00e4ngigen Kan\u00e4len und vielen Funktionen f\u00fcr unterschiedlichste Anwendungen im Pro-Audio-Bereich. Jeder Kanal bietet eine 6,35 mm TRS-Kopfh\u00f6rerbuchse mit Pegelregler, Mono\/Stereo-Schalter, dedizierten Mute-Tasten f\u00fcr Links und Rechts sowie einem 6,35 mm TRS-Aux-Eingang mit Main\/Aux-Mischregler f\u00fcr das Zumischen zus\u00e4tzlicher [&hellip;]<\/p>\n","protected":false},"featured_media":1322,"comment_status":"closed","ping_status":"closed","template":"","meta":[],"product_brand":[],"product_cat":[19],"product_tag":[484,483,482,481],"class_list":{"0":"post-1321","1":"product","2":"type-product","3":"status-publish","4":"has-post-thumbnail","6":"product_cat-headphone","7":"product_tag-headphone-amp","8":"product_tag-kopfhoererverstaerker","9":"product_tag-ld-hpa-6","10":"product_tag-ld-systems","12":"first","13":"instock","14":"sale","15":"taxable","16":"shipping-taxable","17":"purchasable","18":"product-type-simple"},"jetpack_sharing_enabled":true,"_links":{"self":[{"href":"https:\/\/audio-tools.at\/index.php\/wp-json\/wp\/v2\/product\/1321","targetHints":{"allow":["GET"]}}],"collection":[{"href":"https:\/\/audio-tools.at\/index.php\/wp-json\/wp\/v2\/product"}],"about":[{"href":"https:\/\/audio-tools.at\/index.php\/wp-json\/wp\/v2\/types\/product"}],"replies":[{"embeddable":true,"href":"https:\/\/audio-tools.at\/index.php\/wp-json\/wp\/v2\/comments?post=1321"}],"wp:featuredmedia":[{"embeddable":true,"href":"https:\/\/audio-tools.at\/index.php\/wp-json\/wp\/v2\/media\/1322"}],"wp:attachment":[{"href":"https:\/\/audio-tools.at\/index.php\/wp-json\/wp\/v2\/media?parent=1321"}],"wp:term":[{"taxonomy":"product_brand","embeddable":true,"href":"https:\/\/audio-tools.at\/index.php\/wp-json\/wp\/v2\/product_brand?post=1321"},{"taxonomy":"product_cat","embeddable":true,"href":"https:\/\/audio-tools.at\/index.php\/wp-json\/wp\/v2\/product_cat?post=1321"},{"taxonomy":"product_tag","embeddable":true,"href":"https:\/\/audio-tools.at\/index.php\/wp-json\/wp\/v2\/product_tag?post=1321"}],"curies":[{"name":"wp","href":"https:\/\/api.w.org\/{rel}","templated":true}]}}