{"id":1328,"date":"2021-03-03T09:41:56","date_gmt":"2021-03-03T09:41:56","guid":{"rendered":"https:\/\/audio-tools.at\/?post_type=product&#038;p=1328"},"modified":"2021-03-03T09:41:57","modified_gmt":"2021-03-03T09:41:57","slug":"audio-technica-at-2020-usb-usb-kondensatormikrofon-mit-richtcharakteristik-niere","status":"publish","type":"product","link":"https:\/\/audio-tools.at\/index.php\/produkt\/audio-technica-at-2020-usb-usb-kondensatormikrofon-mit-richtcharakteristik-niere\/","title":{"rendered":"Audio Technica AT 2020 USB + USB-Kondensatormikrofon mit Richtcharakteristik Niere"},"content":{"rendered":"<p>Das AT2020USB+ ist mit einem USB-Audiointerface ausgestattet um Musik oder andere Klangquellen direkt mit Ihrer favorisierten Recordingsoftware aufzunehmen. Das Mikrofon bietet den preisgekr\u00f6nten Klang des AT2020. Mit einer Sprachverst\u00e4ndlichkeit in Studioqualit\u00e4t eignet es sich perfekt f\u00fcr S\u00e4nger\/Songwriter, Podcaster, Au\u00dfen- und Sprachaufnahmen und Home Recording<\/p>\n<ul>\n<li>Hochqualitativer A\/D-Wandler mit 16-Bit, 44,1\/48 kHz Sampling Rate f\u00fcr hervorragenden Klang<\/li>\n<li>Regelbarer Kopfh\u00f6rerausgang erm\u00f6glicht Monitoring des Mikrofonsignals ohne Delay<\/li>\n<li>Mischen von Playback und aktuellem Mikrofonsignal m\u00f6glich<\/li>\n<li>Interner high-output Kopfh\u00f6rerverst\u00e4rker bietet einen lauten, klaren und detailreichen Sound<\/li>\n<li>Glatter, weitreichender Frequenzgang ideal f\u00fcr Podcasting, Home Recording und Sprachaufnahmen<\/li>\n<li>Ein dreibeiniges Tischstativ mit einklappbaren Beinen sorgt f\u00fcr sicheren Stand und einfachen Transport<\/li>\n<\/ul>\n<table id=\"product-attribute-specs-table\" class=\"c-table c-table--spec js-expandable-table__table\">\n<tbody>\n<tr class=\"\">\n<th scope=\"row\">Mikrofonelement<\/th>\n<td>Elektret<\/td>\n<\/tr>\n<tr class=\"\">\n<th scope=\"row\">Richtcharakteristik<\/th>\n<td>Niere<\/td>\n<\/tr>\n<tr class=\"\">\n<th scope=\"row\">Frequenzbereich<\/th>\n<td>20 &#8211; 20.000 Hz<\/td>\n<\/tr>\n<tr class=\"\">\n<th scope=\"row\">Trittschallfilter<\/th>\n<td>USB (5V DC), Lightning (3,3 V DC)<\/td>\n<\/tr>\n<tr class=\"\">\n<th scope=\"row\">Stromversorgung<\/th>\n<td>USB (5 V DC)<\/td>\n<\/tr>\n<\/tbody>\n<\/table>\n","protected":false},"excerpt":{"rendered":"\n","protected":false},"featured_media":1329,"comment_status":"closed","ping_status":"closed","template":"","meta":[],"product_brand":[],"product_cat":[31,193,71],"product_tag":[485,227,230,232],"class_list":{"0":"post-1328","1":"product","2":"type-product","3":"status-publish","4":"has-post-thumbnail","6":"product_cat-micros","7":"product_cat-audio-technica","8":"product_cat-home-office","9":"product_tag-audio-technica-at-2020-usb","10":"product_tag-home-office-mikro","11":"product_tag-recording-mikro","12":"product_tag-usb-mikro","14":"first","15":"instock","16":"sale","17":"taxable","18":"shipping-taxable","19":"purchasable","20":"product-type-simple"},"jetpack_sharing_enabled":true,"_links":{"self":[{"href":"https:\/\/audio-tools.at\/index.php\/wp-json\/wp\/v2\/product\/1328","targetHints":{"allow":["GET"]}}],"collection":[{"href":"https:\/\/audio-tools.at\/index.php\/wp-json\/wp\/v2\/product"}],"about":[{"href":"https:\/\/audio-tools.at\/index.php\/wp-json\/wp\/v2\/types\/product"}],"replies":[{"embeddable":true,"href":"https:\/\/audio-tools.at\/index.php\/wp-json\/wp\/v2\/comments?post=1328"}],"wp:featuredmedia":[{"embeddable":true,"href":"https:\/\/audio-tools.at\/index.php\/wp-json\/wp\/v2\/media\/1329"}],"wp:attachment":[{"href":"https:\/\/audio-tools.at\/index.php\/wp-json\/wp\/v2\/media?parent=1328"}],"wp:term":[{"taxonomy":"product_brand","embeddable":true,"href":"https:\/\/audio-tools.at\/index.php\/wp-json\/wp\/v2\/product_brand?post=1328"},{"taxonomy":"product_cat","embeddable":true,"href":"https:\/\/audio-tools.at\/index.php\/wp-json\/wp\/v2\/product_cat?post=1328"},{"taxonomy":"product_tag","embeddable":true,"href":"https:\/\/audio-tools.at\/index.php\/wp-json\/wp\/v2\/product_tag?post=1328"}],"curies":[{"name":"wp","href":"https:\/\/api.w.org\/{rel}","templated":true}]}}