{"id":1330,"date":"2021-03-07T10:54:37","date_gmt":"2021-03-07T10:54:37","guid":{"rendered":"https:\/\/audio-tools.at\/?post_type=product&#038;p=1330"},"modified":"2021-03-07T10:54:38","modified_gmt":"2021-03-07T10:54:38","slug":"yamaha-yvc-200-tragbares-speakerphone-usb-und-bluetooth","status":"publish","type":"product","link":"https:\/\/audio-tools.at\/index.php\/produkt\/yamaha-yvc-200-tragbares-speakerphone-usb-und-bluetooth\/","title":{"rendered":"Yamaha YVC 200 Tragbares Speakerphone (USB und Bluetooth)"},"content":{"rendered":"<ul>\n<li>DSPs von Yamaha in Profiqualit\u00e4t<\/li>\n<li>Super-Breitband-Audio (Fs 32\u00a0kHz) mit sattem, klarem Klang<\/li>\n<li>Mikrofon mit 360-Grad-Aufnahmebereich (maximaler Radius 2\u00a0m)<\/li>\n<li>Maximale Lautst\u00e4rke 88\u00a0dB<\/li>\n<li>USB-Anschluss f\u00fcr Laptops<\/li>\n<li>Bluetooth\/NFC-Anschl\u00fcsse f\u00fcr Smartphones und Tablets<\/li>\n<li>Der wiederaufladbare Akku h\u00e4lt bis zu 10\u00a0Stunden (oder l\u00e4nger mit USB)<\/li>\n<li>Kopfh\u00f6rerausgang f\u00fcr Gespr\u00e4che ohne Mith\u00f6rer<\/li>\n<li>Benutzerfreundliche Tasten mit Ber\u00fchrungssensor<\/li>\n<\/ul>\n<table class=\"table table-bordered\">\n<tbody>\n<tr>\n<td class=\"spectable-colnumber-0\">USB 2.0 Full Speed (Micro-B), Bluetooth, NFC (Near Field Communication), 3.5 mm headset jack (Stereo OUT\/Monaural IN)<\/td>\n<\/tr>\n<tr>\n<th class=\"active\" colspan=\"2\" scope=\"row\">Power consumption (max)<\/th>\n<td class=\"spectable-colnumber-0\">2.5 W<\/td>\n<\/tr>\n<tr>\n<th class=\"active\" colspan=\"2\" scope=\"row\">Power source<\/th>\n<td class=\"spectable-colnumber-0\">Lithium-ion rechargeable battery (Continuous usage time: approx. 10 hours, 3.6 V\/2250 mAh\/8.1 Wh (typ.)), USB bus powered<\/td>\n<\/tr>\n<tr>\n<th class=\"active\" colspan=\"2\" scope=\"row\">Battery<\/th>\n<td class=\"spectable-colnumber-0\">Charging time (during standby): Approximately 4 hours (80%), Charging time (during operation): 8 hours (100%), Approximately 6 hours (80%), 12 hours (100%)<\/td>\n<\/tr>\n<tr>\n<th class=\"active\" colspan=\"2\" scope=\"row\">Dimensions<\/th>\n<td class=\"spectable-colnumber-0\">140 (W) \u00d7 43 (H) \u00d7 140 (D) mm (5.51 (W) x 1.69 (H) x 5.51 (D) in)<\/td>\n<\/tr>\n<tr>\n<th class=\"active\" colspan=\"2\" scope=\"row\">Supported OS<\/th>\n<td class=\"spectable-colnumber-0\">Windows 10 (32 bit\/64 bit), Windows 8.1 (32 bit\/64 bit), Windows 7 (32 bit\/64 bit), macOS 10.14, macOS 10.13, macOS 10.12<\/td>\n<\/tr>\n<tr class=\"active\">\n<th colspan=\"3\" aria-hidden=\"true\">Basics<\/th>\n<\/tr>\n<tr>\n<th class=\"active\" colspan=\"2\" scope=\"row\">Operating environment<\/th>\n<td class=\"spectable-colnumber-0\">Temperature: 0 &#8211; 40\u00b0 C (32 &#8211; 104\u00b0 F), Humidity: 20 &#8211; 85% (no condensation)<\/td>\n<\/tr>\n<tr>\n<th class=\"active\" colspan=\"2\" scope=\"row\">Gewicht<\/th>\n<td class=\"spectable-colnumber-0\">0.28 kg (0.6 lbs)<\/td>\n<\/tr>\n<tr>\n<th class=\"active\" colspan=\"2\" scope=\"row\">Accessories<\/th>\n<td class=\"spectable-colnumber-0\">USB cable 1 m (3.3 ft.), Quick Start Guide, Safety brochure, Carrying case<\/td>\n<\/tr>\n<tr>\n<th class=\"active\" colspan=\"2\" scope=\"row\">Other<\/th>\n<td class=\"spectable-colnumber-0\">Auto standby energy-saving Function (when powered by battery only),Firmware update (transferred from a PC\/Mac through USB), Security Slot<\/td>\n<\/tr>\n<tr class=\"active\">\n<th colspan=\"3\" aria-hidden=\"true\">Audio<\/th>\n<\/tr>\n<tr>\n<th class=\"active\" colspan=\"2\" scope=\"row\">Microphones<\/th>\n<td class=\"spectable-colnumber-0\">Omnidirectional microphone x 1<\/td>\n<\/tr>\n<tr>\n<th class=\"active\" colspan=\"2\" scope=\"row\">Lautsprecher<\/th>\n<td class=\"spectable-colnumber-0\">45 mm Full-range speaker x 1<\/td>\n<\/tr>\n<tr>\n<th class=\"active\" colspan=\"2\" scope=\"row\">Maximum volume<\/th>\n<td class=\"spectable-colnumber-0\">Momentary maximum: 88 dB (0.5 m)<\/td>\n<\/tr>\n<tr>\n<th class=\"active\" colspan=\"2\" scope=\"row\">Frequency bandwidth<\/th>\n<td class=\"spectable-colnumber-0\">For sound pickup: 150 Hz &#8211; 16,000 Hz, For playback: 200 Hz &#8211; 16,000 Hz<\/td>\n<\/tr>\n<tr>\n<th class=\"active\" colspan=\"2\" scope=\"row\">Signal processing<\/th>\n<td class=\"spectable-colnumber-0\">Adaptive echo canceller, Noise reduction, Automatic gain control, Human Voice Activity Detection (HVAD)<\/td>\n<\/tr>\n<\/tbody>\n<\/table>\n","protected":false},"excerpt":{"rendered":"\n","protected":false},"featured_media":1331,"comment_status":"closed","ping_status":"closed","template":"","meta":[],"product_brand":[],"product_cat":[71],"product_tag":[371,487,488,486],"class_list":{"0":"post-1330","1":"product","2":"type-product","3":"status-publish","4":"has-post-thumbnail","6":"product_cat-home-office","7":"product_tag-dunkelstrahler","8":"product_tag-tragbares-speakerphone","9":"product_tag-usb-freisprecheinrichtung","10":"product_tag-yamaha-yvc-200","12":"first","13":"instock","14":"sale","15":"taxable","16":"shipping-taxable","17":"purchasable","18":"product-type-simple"},"jetpack_sharing_enabled":true,"_links":{"self":[{"href":"https:\/\/audio-tools.at\/index.php\/wp-json\/wp\/v2\/product\/1330","targetHints":{"allow":["GET"]}}],"collection":[{"href":"https:\/\/audio-tools.at\/index.php\/wp-json\/wp\/v2\/product"}],"about":[{"href":"https:\/\/audio-tools.at\/index.php\/wp-json\/wp\/v2\/types\/product"}],"replies":[{"embeddable":true,"href":"https:\/\/audio-tools.at\/index.php\/wp-json\/wp\/v2\/comments?post=1330"}],"wp:featuredmedia":[{"embeddable":true,"href":"https:\/\/audio-tools.at\/index.php\/wp-json\/wp\/v2\/media\/1331"}],"wp:attachment":[{"href":"https:\/\/audio-tools.at\/index.php\/wp-json\/wp\/v2\/media?parent=1330"}],"wp:term":[{"taxonomy":"product_brand","embeddable":true,"href":"https:\/\/audio-tools.at\/index.php\/wp-json\/wp\/v2\/product_brand?post=1330"},{"taxonomy":"product_cat","embeddable":true,"href":"https:\/\/audio-tools.at\/index.php\/wp-json\/wp\/v2\/product_cat?post=1330"},{"taxonomy":"product_tag","embeddable":true,"href":"https:\/\/audio-tools.at\/index.php\/wp-json\/wp\/v2\/product_tag?post=1330"}],"curies":[{"name":"wp","href":"https:\/\/api.w.org\/{rel}","templated":true}]}}