{"id":1358,"date":"2021-03-22T12:25:51","date_gmt":"2021-03-22T12:25:51","guid":{"rendered":"https:\/\/audio-tools.at\/?post_type=product&#038;p=1358"},"modified":"2021-03-22T12:40:58","modified_gmt":"2021-03-22T12:40:58","slug":"km-stromverteiler-19-7-fach-28672","status":"publish","type":"product","link":"https:\/\/audio-tools.at\/index.php\/produkt\/km-stromverteiler-19-7-fach-28672\/","title":{"rendered":"k&#038;m Stromverteiler 19&#8243; 7-fach 28672"},"content":{"rendered":"<p>1 HE Stromverteilereinheit f\u00fcr 19&#8243; Schr\u00e4nke und Racks. Die Steckdosenleiste hat einen Netzschalter auf der Frontseite und 7 St\u00fcck Steckdosen auf der R\u00fcckseite. Die Ausgangsleistung betr\u00e4gt 3500 Watt. Dank der beidseitig abnehmbaren Montagewinkel kann die Steckdosenleiste in verschiedenen Richtungen installiert werden.<\/p>\n<table class=\"product--properties-table\">\n<tbody>\n<tr class=\"product--properties-row\">\n<td class=\"product--properties-label is--bold\">Anschluss:<\/td>\n<td class=\"product--properties-value\">Stromkabel 2 m<\/td>\n<\/tr>\n<tr class=\"product--properties-row\">\n<td class=\"product--properties-label is--bold\">Ausf\u00fchrung:<\/td>\n<td class=\"product--properties-value\">schwarz<\/td>\n<\/tr>\n<tr class=\"product--properties-row\">\n<td class=\"product--properties-label is--bold\">Besonderheit:<\/td>\n<td class=\"product--properties-value\">max. 3500 W Gesamtanschlussleistung unter normalen Anschlussbedingungen<\/td>\n<\/tr>\n<tr class=\"product--properties-row\">\n<td class=\"product--properties-label is--bold\">EAN:<\/td>\n<td class=\"product--properties-value\">4016842116249<\/td>\n<\/tr>\n<tr class=\"product--properties-row\">\n<td class=\"product--properties-label is--bold\">elektr. Anschlussdaten:<\/td>\n<td class=\"product--properties-value\">220 V &#8211; 250 V~ 50Hz &#8211; 60Hz<\/td>\n<\/tr>\n<tr class=\"product--properties-row\">\n<td class=\"product--properties-label is--bold\">Gewicht:<\/td>\n<td class=\"product--properties-value\">0,75 kg<\/td>\n<\/tr>\n<tr class=\"product--properties-row\">\n<td class=\"product--properties-label is--bold\">H\u00f6he (HE):<\/td>\n<td class=\"product--properties-value\">1 HE<\/td>\n<\/tr>\n<tr class=\"product--properties-row\">\n<td class=\"product--properties-label is--bold\">Material:<\/td>\n<td class=\"product--properties-value\">Kunststoff<\/td>\n<\/tr>\n<tr class=\"product--properties-row\">\n<td class=\"product--properties-label is--bold\">Netzschalter:<\/td>\n<td class=\"product--properties-value\">Ja<\/td>\n<\/tr>\n<tr class=\"product--properties-row\">\n<td class=\"product--properties-label is--bold\">Steckdosen:<\/td>\n<td class=\"product--properties-value\">7 St\u00fcck auf der R\u00fcckseite<\/td>\n<\/tr>\n<tr class=\"product--properties-row\">\n<td class=\"product--properties-label is--bold\">Stecker:<\/td>\n<td class=\"product--properties-value\">Schuko<\/td>\n<\/tr>\n<\/tbody>\n<\/table>\n","protected":false},"excerpt":{"rendered":"<p>1 HE Stromverteilereinheit f\u00fcr 19&#8243; Schr\u00e4nke und Racks. Die Steckdosenleiste hat einen Netzschalter auf der Frontseite und 7 St\u00fcck Steckdosen auf der R\u00fcckseite. Die Ausgangsleistung betr\u00e4gt 3500 Watt. Dank der beidseitig abnehmbaren Montagewinkel kann die Steckdosenleiste in verschiedenen Richtungen installiert werden. Anschluss: Stromkabel 2 m Ausf\u00fchrung: schwarz Besonderheit: max. 3500 W Gesamtanschlussleistung unter normalen Anschlussbedingungen [&hellip;]<\/p>\n","protected":false},"featured_media":1359,"comment_status":"closed","ping_status":"closed","template":"","meta":[],"product_brand":[],"product_cat":[87],"product_tag":[493,492,489,490,491],"class_list":{"0":"post-1358","1":"product","2":"type-product","3":"status-publish","4":"has-post-thumbnail","6":"product_cat-tools","7":"product_tag-19-steckdosenleiste","8":"product_tag-7fach-steckdosenleiste","9":"product_tag-km-28672","10":"product_tag-km-steckdosenleiste","11":"product_tag-powerbox","13":"first","14":"instock","15":"sale","16":"taxable","17":"shipping-taxable","18":"purchasable","19":"product-type-simple"},"jetpack_sharing_enabled":true,"_links":{"self":[{"href":"https:\/\/audio-tools.at\/index.php\/wp-json\/wp\/v2\/product\/1358","targetHints":{"allow":["GET"]}}],"collection":[{"href":"https:\/\/audio-tools.at\/index.php\/wp-json\/wp\/v2\/product"}],"about":[{"href":"https:\/\/audio-tools.at\/index.php\/wp-json\/wp\/v2\/types\/product"}],"replies":[{"embeddable":true,"href":"https:\/\/audio-tools.at\/index.php\/wp-json\/wp\/v2\/comments?post=1358"}],"wp:featuredmedia":[{"embeddable":true,"href":"https:\/\/audio-tools.at\/index.php\/wp-json\/wp\/v2\/media\/1359"}],"wp:attachment":[{"href":"https:\/\/audio-tools.at\/index.php\/wp-json\/wp\/v2\/media?parent=1358"}],"wp:term":[{"taxonomy":"product_brand","embeddable":true,"href":"https:\/\/audio-tools.at\/index.php\/wp-json\/wp\/v2\/product_brand?post=1358"},{"taxonomy":"product_cat","embeddable":true,"href":"https:\/\/audio-tools.at\/index.php\/wp-json\/wp\/v2\/product_cat?post=1358"},{"taxonomy":"product_tag","embeddable":true,"href":"https:\/\/audio-tools.at\/index.php\/wp-json\/wp\/v2\/product_tag?post=1358"}],"curies":[{"name":"wp","href":"https:\/\/api.w.org\/{rel}","templated":true}]}}