{"id":1362,"date":"2021-03-22T12:48:24","date_gmt":"2021-03-22T12:48:24","guid":{"rendered":"https:\/\/audio-tools.at\/?post_type=product&#038;p=1362"},"modified":"2021-03-22T12:48:25","modified_gmt":"2021-03-22T12:48:25","slug":"km-19-stromverteiler-7fach-28674-mit-schalter","status":"publish","type":"product","link":"https:\/\/audio-tools.at\/index.php\/produkt\/km-19-stromverteiler-7fach-28674-mit-schalter\/","title":{"rendered":"k&#038;m 19&#8243; Stromverteiler 7fach 28674 mit Schalter"},"content":{"rendered":"<p>1 HE Stromverteilereinheit f\u00fcr 19&#8243; Schr\u00e4nke und Racks. Die Steckdosenleiste hat einen Netzschalter und 7 St\u00fcck Steckdosen auf der Frontseite. Die Ausgangsleistung betr\u00e4gt 3500 Watt. Dank der beidseitig abnehmbaren Montagewinkel kann die Steckdosenleiste in verschiedenen Richtungen installiert werden<\/p>\n<table class=\"product--properties-table\">\n<tbody>\n<tr class=\"product--properties-row\">\n<td class=\"product--properties-label is--bold\">Anschluss:<\/td>\n<td class=\"product--properties-value\">Stromkabel 2 m<\/td>\n<\/tr>\n<tr class=\"product--properties-row\">\n<td class=\"product--properties-label is--bold\">Ausf\u00fchrung:<\/td>\n<td class=\"product--properties-value\">schwarz<\/td>\n<\/tr>\n<tr class=\"product--properties-row\">\n<td class=\"product--properties-label is--bold\">Besonderheit:<\/td>\n<td class=\"product--properties-value\">max. 3500 W Gesamtanschlussleistung unter normalen Anschlussbedingungen<\/td>\n<\/tr>\n<tr class=\"product--properties-row\">\n<td class=\"product--properties-label is--bold\">EAN:<\/td>\n<td class=\"product--properties-value\">4016842116263<\/td>\n<\/tr>\n<tr class=\"product--properties-row\">\n<td class=\"product--properties-label is--bold\">elektr. Anschlussdaten:<\/td>\n<td class=\"product--properties-value\">220 V &#8211; 250 V~ 50Hz &#8211; 60Hz<\/td>\n<\/tr>\n<tr class=\"product--properties-row\">\n<td class=\"product--properties-label is--bold\">Gewicht:<\/td>\n<td class=\"product--properties-value\">0,75 kg<\/td>\n<\/tr>\n<tr class=\"product--properties-row\">\n<td class=\"product--properties-label is--bold\">H\u00f6he (HE):<\/td>\n<td class=\"product--properties-value\">1 HE<\/td>\n<\/tr>\n<tr class=\"product--properties-row\">\n<td class=\"product--properties-label is--bold\">Material:<\/td>\n<td class=\"product--properties-value\">Kunststoff<\/td>\n<\/tr>\n<tr class=\"product--properties-row\">\n<td class=\"product--properties-label is--bold\">Netzschalter:<\/td>\n<td class=\"product--properties-value\">Ja<\/td>\n<\/tr>\n<tr class=\"product--properties-row\">\n<td class=\"product--properties-label is--bold\">Steckdosen:<\/td>\n<td class=\"product--properties-value\">7 St\u00fcck auf der Frontseite<\/td>\n<\/tr>\n<tr class=\"product--properties-row\">\n<td class=\"product--properties-label is--bold\">Stecker:<\/td>\n<td class=\"product--properties-value\">Schuko<\/td>\n<\/tr>\n<\/tbody>\n<\/table>\n","protected":false},"excerpt":{"rendered":"<p>1 HE Stromverteilereinheit f\u00fcr 19&#8243; Schr\u00e4nke und Racks. Die Steckdosenleiste hat einen Netzschalter und 7 St\u00fcck Steckdosen auf der Frontseite. Die Ausgangsleistung betr\u00e4gt 3500 Watt. Dank der beidseitig abnehmbaren Montagewinkel kann die Steckdosenleiste in verschiedenen Richtungen installiert werden Anschluss: Stromkabel 2 m Ausf\u00fchrung: schwarz Besonderheit: max. 3500 W Gesamtanschlussleistung unter normalen Anschlussbedingungen EAN: 4016842116263 elektr. [&hellip;]<\/p>\n","protected":false},"featured_media":1363,"comment_status":"closed","ping_status":"closed","template":"","meta":[],"product_brand":[],"product_cat":[87],"product_tag":[503,502,499,501,500,498],"class_list":{"0":"post-1362","1":"product","2":"type-product","3":"status-publish","4":"has-post-thumbnail","6":"product_cat-tools","7":"product_tag-19-stromverteiler-mit-on-off-schalter","8":"product_tag-502","9":"product_tag-km-28674","10":"product_tag-powerbox-19","11":"product_tag-steckdosenleiste-19","12":"product_tag-stromverteiler-19","14":"first","15":"instock","16":"sale","17":"taxable","18":"shipping-taxable","19":"purchasable","20":"product-type-simple"},"jetpack_sharing_enabled":true,"_links":{"self":[{"href":"https:\/\/audio-tools.at\/index.php\/wp-json\/wp\/v2\/product\/1362","targetHints":{"allow":["GET"]}}],"collection":[{"href":"https:\/\/audio-tools.at\/index.php\/wp-json\/wp\/v2\/product"}],"about":[{"href":"https:\/\/audio-tools.at\/index.php\/wp-json\/wp\/v2\/types\/product"}],"replies":[{"embeddable":true,"href":"https:\/\/audio-tools.at\/index.php\/wp-json\/wp\/v2\/comments?post=1362"}],"wp:featuredmedia":[{"embeddable":true,"href":"https:\/\/audio-tools.at\/index.php\/wp-json\/wp\/v2\/media\/1363"}],"wp:attachment":[{"href":"https:\/\/audio-tools.at\/index.php\/wp-json\/wp\/v2\/media?parent=1362"}],"wp:term":[{"taxonomy":"product_brand","embeddable":true,"href":"https:\/\/audio-tools.at\/index.php\/wp-json\/wp\/v2\/product_brand?post=1362"},{"taxonomy":"product_cat","embeddable":true,"href":"https:\/\/audio-tools.at\/index.php\/wp-json\/wp\/v2\/product_cat?post=1362"},{"taxonomy":"product_tag","embeddable":true,"href":"https:\/\/audio-tools.at\/index.php\/wp-json\/wp\/v2\/product_tag?post=1362"}],"curies":[{"name":"wp","href":"https:\/\/api.w.org\/{rel}","templated":true}]}}