{"id":1364,"date":"2021-03-26T15:24:42","date_gmt":"2021-03-26T15:24:42","guid":{"rendered":"https:\/\/audio-tools.at\/?post_type=product&#038;p=1364"},"modified":"2024-01-24T17:45:29","modified_gmt":"2024-01-24T17:45:29","slug":"blaklaeder-elite-sicherheitsstiefel-s3","status":"publish","type":"product","link":"https:\/\/audio-tools.at\/index.php\/produkt\/blaklaeder-elite-sicherheitsstiefel-s3\/","title":{"rendered":"Blakl\u00e4der Elite Sicherheitsstiefel S3"},"content":{"rendered":"<p>Sicherheitsstiefel aus Leder aus der Elite Kollektion von Bl\u00e5kl\u00e4der, der h\u00e4lt, was er verspricht. Dieser kn\u00f6chelhohe Stiefel der Spitzenklasse garantiert eine sehr hohe Haltbarkeit und vor allem den notwendigen Schutz. Die Kn\u00f6chelpartie in weicher Polsterung sorgt f\u00fcr hohe Stabilit\u00e4t, w\u00e4hrend die Zehenkappe aus Aluminium, die weiche durchtrittsichere Zwischensohle und die extra TPU-gesch\u00fctzten Zehen- und Fersenteile Sicherheit garantieren. Die Innensohle bietet eine anatomische Unterst\u00fctzung und besteht aus weichem PU-Material, das mit Textil \u00fcberzogen ist und eine gute Feuchtigkeitsaufnahme aufweist.\u00a0Reflektierende Fl\u00e4chen befinden sich an der Ferse und an der Seite. Bestens geeignet f\u00fcr Arbeiten im Freien in den Bereichen Bau, Transport, Wartung, Reparatur und Maschinenbedienung.<\/p>\n<h3>HAUPTEIGENSCHAFTEN<\/h3>\n<p>EN ISO 20345: 2011<\/p>\n<h3>OBERTEIL<\/h3>\n<p>\u00d6l-behandeltes Leder<\/p>\n<h3>PASSFORM<\/h3>\n<p>Breit<\/p>\n<h3>DURCHTRITTSCHUTZ-MATERIAL<\/h3>\n<p>Textil<\/p>\n<h3>ZEHENSCHUTZKAPPEN-MATERIAL<\/h3>\n<p>Aluminium<\/p>\n<h3>FUNKTIONALIT\u00c4T<\/h3>\n<p>Antistatische Eigenschaften, ESD gepr\u00fcft (genehmigt mit IEC 61340-5-1), Fersenverst\u00e4rkung, \u00d6l-abweisende Au\u00dfensohle, Gepolsterte Schaftkante, Reflexdetails, Zehenverst\u00e4rkung, Wasserabweisend<\/p>\n<h3>MATERIAL DER INNENSOHLE<\/h3>\n<p>Textil, weiches PU<\/p>\n<h3>MATERIAL DER SOHLE<\/h3>\n<p>PU Zwischensohle, Nylonschaft, Gummi Au\u00dfensohle<\/p>\n<h3>FUTTER<\/h3>\n<p>Polyester<\/p>\n","protected":false},"excerpt":{"rendered":"<p>Sicherheitsstiefel aus Leder aus der Elite Kollektion von Bl\u00e5kl\u00e4der, der h\u00e4lt, was er verspricht. Dieser kn\u00f6chelhohe Stiefel der Spitzenklasse garantiert eine sehr hohe Haltbarkeit und vor allem den notwendigen Schutz. Die Kn\u00f6chelpartie in weicher Polsterung sorgt f\u00fcr hohe Stabilit\u00e4t, w\u00e4hrend die Zehenkappe aus Aluminium, die weiche durchtrittsichere Zwischensohle und die extra TPU-gesch\u00fctzten Zehen- und Fersenteile [&hellip;]<\/p>\n","protected":false},"featured_media":1365,"comment_status":"closed","ping_status":"closed","template":"","meta":[],"product_brand":[],"product_cat":[338],"product_tag":[506,504,507,508,505],"class_list":{"0":"post-1364","1":"product","2":"type-product","3":"status-publish","4":"has-post-thumbnail","6":"product_cat-workwear","7":"product_tag-arbeitsschuhe","8":"product_tag-blaklaeder-elite-s3","9":"product_tag-elite-s3","10":"product_tag-schuhe","11":"product_tag-sicherheitsstiefel","13":"first","14":"instock","15":"taxable","16":"shipping-taxable","17":"purchasable","18":"product-type-simple"},"jetpack_sharing_enabled":true,"_links":{"self":[{"href":"https:\/\/audio-tools.at\/index.php\/wp-json\/wp\/v2\/product\/1364","targetHints":{"allow":["GET"]}}],"collection":[{"href":"https:\/\/audio-tools.at\/index.php\/wp-json\/wp\/v2\/product"}],"about":[{"href":"https:\/\/audio-tools.at\/index.php\/wp-json\/wp\/v2\/types\/product"}],"replies":[{"embeddable":true,"href":"https:\/\/audio-tools.at\/index.php\/wp-json\/wp\/v2\/comments?post=1364"}],"wp:featuredmedia":[{"embeddable":true,"href":"https:\/\/audio-tools.at\/index.php\/wp-json\/wp\/v2\/media\/1365"}],"wp:attachment":[{"href":"https:\/\/audio-tools.at\/index.php\/wp-json\/wp\/v2\/media?parent=1364"}],"wp:term":[{"taxonomy":"product_brand","embeddable":true,"href":"https:\/\/audio-tools.at\/index.php\/wp-json\/wp\/v2\/product_brand?post=1364"},{"taxonomy":"product_cat","embeddable":true,"href":"https:\/\/audio-tools.at\/index.php\/wp-json\/wp\/v2\/product_cat?post=1364"},{"taxonomy":"product_tag","embeddable":true,"href":"https:\/\/audio-tools.at\/index.php\/wp-json\/wp\/v2\/product_tag?post=1364"}],"curies":[{"name":"wp","href":"https:\/\/api.w.org\/{rel}","templated":true}]}}