{"id":1370,"date":"2021-03-31T14:00:59","date_gmt":"2021-03-31T14:00:59","guid":{"rendered":"https:\/\/audio-tools.at\/?post_type=product&#038;p=1370"},"modified":"2024-08-01T09:49:30","modified_gmt":"2024-08-01T09:49:30","slug":"qsc-isa-500-ti-installationsvertaerker","status":"publish","type":"product","link":"https:\/\/audio-tools.at\/index.php\/produkt\/qsc-isa-500-ti-installationsvertaerker\/","title":{"rendered":"QSC ISA 500 Ti Installationsvert\u00e4rker"},"content":{"rendered":"<ul>\n<li>Niederohmige Ausg\u00e4nge sowie getrennte 25-, 70- und 100-Volt-Ausg\u00e4nge f\u00fcr verteilte Audiosysteme<\/li>\n<li>R\u00fcckseitige Gain-Regler f\u00fcr manipulationsgesch\u00fctzten Betrieb; 2-dB-Schritte erm\u00f6glichen schnelle und reproduzierbare Einstellungen.<\/li>\n<li>XLR-Eing\u00e4nge und abnehmbare Euroblock-Eing\u00e4nge<\/li>\n<li>DataPort V2 zur Verwendung mit DPV2-kompatiblem Signalverarbeitungszubeh\u00f6r (XC-3, SF-3, LF-3) und DSP-3\/DSP-4 (mit externem Netzteil)<\/li>\n<li>Unabh\u00e4ngige, abschaltbare Clip-Limiter reduzieren Verzerrung<\/li>\n<li>Einstellbare Hochpassfilter (50 oder 75 Hz) sch\u00fctzen Ihre Lautsprecher und verhindern \u2013 bei minimalen Auswirkungen auf das Programmmaterial \u2013 eine Stromwandlers\u00e4ttigung.<\/li>\n<li>Anzeigen an der Vorderseite f\u00fcr Netz, Signal und Clipping<\/li>\n<li>Abgedeckte Schraubklemmen-Ausg\u00e4nge entsprechend den geltenden Sicherheitsnormen<\/li>\n<li>L\u00fcfter mit automatischer Drehzahlregelung: leise bei normalen Betrieb, maximale K\u00fchlung bei Bedarf<\/li>\n<li>Luftstrom von der R\u00fcck- zur Vorderseite sorgt f\u00fcr konstante K\u00fchlung des Racks.<\/li>\n<li>Betriebsarten: Stereo, Bridge-Mono und Parallel<\/li>\n<li>Umfassende Schutzschaltungen: Gleichstrom, Infraschall, thermische \u00dcberlastung und Kurzschluss<\/li>\n<li>3 Jahre Garantie sowie optional 3 Jahre mit erweitertem Servicevertrag<\/li>\n<\/ul>\n<table class=\"striped\" cellspacing=\"0\" cellpadding=\"0\">\n<thead>\n<tr>\n<td>SPECIFICATIONS<\/td>\n<td><a href=\"https:\/\/www.qsc.com\/de\/systems\/produkte\/endstufen\/endstufen-fuer-die-festinstallation\/isa-serie\/isa280\/\" target=\"_blank\" rel=\"noopener\">ISA280<\/a><\/td>\n<td><a href=\"https:\/\/www.qsc.com\/de\/systems\/produkte\/endstufen\/endstufen-fuer-die-festinstallation\/isa-serie\/isa450\/\" target=\"_blank\" rel=\"noopener\">ISA450<\/a><\/td>\n<td><a href=\"https:\/\/www.qsc.com\/de\/systems\/produkte\/endstufen\/endstufen-fuer-die-festinstallation\/isa-serie\/isa750\/\" target=\"_blank\" rel=\"noopener\">ISA750<\/a><\/td>\n<td><a href=\"https:\/\/www.qsc.com\/de\/systems\/produkte\/endstufen\/endstufen-fuer-die-festinstallation\/isa-serie\/isa1350\/\" target=\"_blank\" rel=\"noopener\">ISA1350<\/a><\/td>\n<td><a href=\"https:\/\/www.qsc.com\/de\/systems\/produkte\/endstufen\/endstufen-fuer-die-festinstallation\/isa-serie\/isa300ti\/\" target=\"_blank\" rel=\"noopener\">ISA300Ti<\/a><\/td>\n<td><a href=\"https:\/\/www.qsc.com\/de\/systems\/produkte\/endstufen\/endstufen-fuer-die-festinstallation\/isa-serie\/isa500ti\/\" target=\"_blank\" rel=\"noopener\">ISA500Ti<\/a><\/td>\n<td><a href=\"https:\/\/www.qsc.com\/de\/systems\/produkte\/endstufen\/endstufen-fuer-die-festinstallation\/isa-serie\/isa800ti\/\" target=\"_blank\" rel=\"noopener\">ISA800Ti<\/a><\/td>\n<\/tr>\n<\/thead>\n<tbody>\n<tr>\n<td><\/td>\n<td class=\"align-center\" colspan=\"7\"><em>OUTPUT POWER PER CHANNEL, STEREO MODE, both channels driven<\/em><\/td>\n<\/tr>\n<tr>\n<td>8\u03a9, 20 Hz\u201320 kHz 0.1% THD<br \/>\n4\u03a9, 20 Hz\u201320 kHz 0.1% THD<br \/>\n2\u03a9 1 kHz 1% THD<\/td>\n<td class=\"align-center\">185 W<br \/>\n280 W<br \/>\n430 W<\/td>\n<td class=\"align-center\">260 W<br \/>\n425 W<br \/>\n700 W<\/td>\n<td class=\"align-center\">450 W<br \/>\n650 W<br \/>\n1200 W<\/td>\n<td class=\"align-center\">800 W<br \/>\n1300 W<br \/>\n2000 W<\/td>\n<td class=\"align-center\">185 W<br \/>\n280 W<br \/>\n430 W<\/td>\n<td class=\"align-center\">260 W<br \/>\n425 W<br \/>\n700 W<\/td>\n<td class=\"align-center\">450 W<br \/>\n650 W<br \/>\n1200 W<\/td>\n<\/tr>\n<tr>\n<td><\/td>\n<td class=\"align-center\" colspan=\"7\"><em>DIRECT POWER PER CHANNEL, STEREO MODE<\/em><\/td>\n<\/tr>\n<tr>\n<td>70V, 20 Hz\u201320 kHz +0\/-0.3 dB 0.5% THD<\/td>\n<td class=\"align-center\">&#8211;<\/td>\n<td class=\"align-center\">&#8211;<\/td>\n<td class=\"align-center\">&#8211;<\/td>\n<td class=\"align-center\">1500 W<\/td>\n<td class=\"align-center\">&#8211;<\/td>\n<td class=\"align-center\">&#8211;<\/td>\n<td class=\"align-center\">&#8211;<\/td>\n<\/tr>\n<tr>\n<td><\/td>\n<td class=\"align-center\" colspan=\"7\"><em>TRANSFORMER-ISOLATED OUTPUT POWER PER CHANNEL, STEREO MODE<\/em><\/td>\n<\/tr>\n<tr>\n<td>70V or 100V, 50 Hz\u201316 kHz 0.5% THD<br \/>\n25V, 50 Hz\u201316 kHz 0.5% THD<\/td>\n<td class=\"align-center\">&#8211;<br \/>\n&#8211;<\/td>\n<td class=\"align-center\">&#8211;<br \/>\n&#8211;<\/td>\n<td class=\"align-center\">&#8211;<br \/>\n&#8211;<\/td>\n<td class=\"align-center\">&#8211;<br \/>\n&#8211;<\/td>\n<td class=\"align-center\">300 W<br \/>\n200 W<\/td>\n<td class=\"align-center\">500 W<br \/>\n300 W<\/td>\n<td class=\"align-center\">800 W<br \/>\n500 W<\/td>\n<\/tr>\n<tr>\n<td><\/td>\n<td class=\"align-center\" colspan=\"7\"><em>OUTPUT POWER, BRIDGED MONO MODE<\/em><\/td>\n<\/tr>\n<tr>\n<td>8\u03a9, 1 kHz 0.1% THD<br \/>\n4\u03a9 1 kHz 1% THD<\/td>\n<td class=\"align-center\">600 W<br \/>\n830 W<\/td>\n<td class=\"align-center\">900 W<br \/>\n1400 W<\/td>\n<td class=\"align-center\">1500 W<br \/>\n2400 W<\/td>\n<td class=\"align-center\">2800 W<br \/>\n4000 W<\/td>\n<td class=\"align-center\">600 W<br \/>\n830 W<\/td>\n<td class=\"align-center\">900 W<br \/>\n1400 W<\/td>\n<td class=\"align-center\">1500 W<br \/>\n2400 W<\/td>\n<\/tr>\n<tr>\n<td><\/td>\n<td class=\"align-center\" colspan=\"7\"><em>TRANSFORMER-ISOLATED OUTPUT POWER, BRIDGED MONO MODE<\/em><\/td>\n<\/tr>\n<tr>\n<td>140V or 200V, 50 Hz-16 kHz 0.5% THD<\/td>\n<td class=\"align-center\">&#8211;<\/td>\n<td class=\"align-center\">&#8211;<\/td>\n<td class=\"align-center\">&#8211;<\/td>\n<td class=\"align-center\">&#8211;<\/td>\n<td class=\"align-center\">600 W<\/td>\n<td class=\"align-center\">1000 W<\/td>\n<td class=\"align-center\">1600 W<\/td>\n<\/tr>\n<tr>\n<td>Signal to Noise (20 Hz-20 kHz)<\/td>\n<td class=\"align-center\" colspan=\"7\">100 dB<\/td>\n<\/tr>\n<tr>\n<td>Distortion (SMPTE-IM)<\/td>\n<td class=\"align-center\">Less than 0.01%<\/td>\n<td class=\"align-center\">Less than 0.01%<\/td>\n<td class=\"align-center\">Less than 0.02%<\/td>\n<td class=\"align-center\">Less than 0.01%<\/td>\n<td class=\"align-center\">Less than 0.01%<\/td>\n<td class=\"align-center\">Less than 0.01%<\/td>\n<td class=\"align-center\">Less than 0.02%<\/td>\n<\/tr>\n<tr>\n<td>Input Sensitivity @ 8 ohms<\/td>\n<td class=\"align-center\">1.15 V<br \/>\n(+3.4 dBu)<\/td>\n<td class=\"align-center\">1.07 V<br \/>\n(+2.8 dBu)<\/td>\n<td class=\"align-center\">1.07 V<br \/>\n(+2.8 dBu)<\/td>\n<td class=\"align-center\">1.24 V<br \/>\n(+4.1 dBu)<\/td>\n<td class=\"align-center\">1.15 V<br \/>\n(+3.4 dBu)<\/td>\n<td class=\"align-center\">1.07 V<br \/>\n(+2.8 dBu)<\/td>\n<td class=\"align-center\">1.07 V<br \/>\n(+2.8 dBu)<\/td>\n<\/tr>\n<tr>\n<td>Maximum Voltage Gain<\/td>\n<td class=\"align-center\">33.4\u00d7<br \/>\n(30.5 dB)<\/td>\n<td class=\"align-center\">44.7\u00d7<br \/>\n(33 dB)<\/td>\n<td class=\"align-center\">56.2\u00d7<br \/>\n(35 dB)<\/td>\n<td class=\"align-center\">64.0\u00d7<br \/>\n(36.1 dB)<\/td>\n<td class=\"align-center\">33.4\u00d7<br \/>\n(30.5 dB)<\/td>\n<td class=\"align-center\">44.7\u00d7<br \/>\n(33 dB)<\/td>\n<td class=\"align-center\">56.2\u00d7<br \/>\n(35 dB)<\/td>\n<\/tr>\n<tr>\n<td>Output Circuitry<\/td>\n<td class=\"align-center\">Class AB<\/td>\n<td class=\"align-center\">Class AB<\/td>\n<td class=\"align-center\">Class H, 2 tier<\/td>\n<td class=\"align-center\">Class H, 3 tier<\/td>\n<td class=\"align-center\">Class AB<\/td>\n<td class=\"align-center\">Class AB<\/td>\n<td class=\"align-center\">Class H, 2 tier<\/td>\n<\/tr>\n<tr>\n<td>THX Approved<\/td>\n<td class=\"align-center\">&#8211;<\/td>\n<td class=\"align-center\">Yes<\/td>\n<td class=\"align-center\">Yes<\/td>\n<td class=\"align-center\">&#8211;<\/td>\n<td class=\"align-center\">&#8211;<\/td>\n<td class=\"align-center\">&#8211;<\/td>\n<td class=\"align-center\">&#8211;<\/td>\n<\/tr>\n<tr>\n<td>Weight &#8211; Net<\/td>\n<td class=\"align-center\">36 lb<br \/>\n(16.3 kg)<\/td>\n<td class=\"align-center\">42 lb<br \/>\n(19 kg)<\/td>\n<td class=\"align-center\">47 lb<br \/>\n(21.3 kg)<\/td>\n<td class=\"align-center\">68 lb<br \/>\n(30.8 kg)<\/td>\n<td class=\"align-center\">44 lb<br \/>\n(20.0 kg)<\/td>\n<td class=\"align-center\">49 lb<br \/>\n(22.3 kg)<\/td>\n<td class=\"align-center\">57 lb<br \/>\n(26 kg)<\/td>\n<\/tr>\n<tr>\n<td>Weight &#8211; Shipping<\/td>\n<td class=\"align-center\">42 lb<br \/>\n(19.1 kg)<\/td>\n<td class=\"align-center\">48 lb<br \/>\n(22 kg)<\/td>\n<td class=\"align-center\">53 lb<br \/>\n(24.0 kg)<\/td>\n<td class=\"align-center\">77 lb<br \/>\n(34.4 kg)<\/td>\n<td class=\"align-center\">50 lb<br \/>\n(22.7 kg)<\/td>\n<td class=\"align-center\">55 lb<br \/>\n(25 kg)<\/td>\n<td class=\"align-center\">63 lb<br \/>\n(28.6 kg)<\/td>\n<\/tr>\n<tr>\n<td><\/td>\n<td class=\"align-center\" colspan=\"7\"><em>ALL MODELS<\/em><\/td>\n<\/tr>\n<tr>\n<td>Distortion (Typical)<br \/>\n20 Hz\u201320 kHz: 10 dB below rated power<br \/>\n1.0 kHz and below: full rated power<\/td>\n<td class=\"align-center\" colspan=\"7\">Less than 0.03% THD, 4 ohms and 8 ohms<\/p>\n<p>Less than 0.03% THD, 4 ohms and 8 ohms<\/td>\n<\/tr>\n<tr>\n<td>Frequency Response<br \/>\n10 dB below rated output power<\/td>\n<td colspan=\"4\">ISA 280, 450, 750 and 1350:<br \/>\n20 Hz\u201320 kHz, +0\/-1 dB; -3 dB points: 5 Hz and 50 kHz<\/td>\n<td colspan=\"3\">ISA 300Ti, 500Ti and 800Ti:<br \/>\nDirect outputs: -3 dB @ 50 Hz, -0.5 dB @ 20 kHz; XF outputs: 50 Hz\u201316 kHz, +1\/-3 dB<\/td>\n<\/tr>\n<tr>\n<td>Damping Factor with 8\u03a9 Load (direct outputs)<\/td>\n<td class=\"align-center\" colspan=\"7\">Greater than 200; ISA 1350 greater than 250<\/td>\n<\/tr>\n<tr>\n<td>Output Regulation (isolated outputs)<\/td>\n<td class=\"align-center\" colspan=\"7\">Less than 1.5 dB<\/td>\n<\/tr>\n<tr>\n<td>Input Impedance<\/td>\n<td class=\"align-center\" colspan=\"7\">10 k\u03a9 unbalanced, 20 k\u03a9 balanced<\/td>\n<\/tr>\n<tr>\n<td>Input Clipping<\/td>\n<td class=\"align-center\" colspan=\"7\">10 V rms (+22 dBu)<\/td>\n<\/tr>\n<tr>\n<td>Cooling<\/td>\n<td class=\"align-center\" colspan=\"7\">Continuously variable speed fan, back-to-front air flow<\/td>\n<\/tr>\n<tr>\n<td>Connectors, each channel<\/td>\n<td class=\"align-center\" colspan=\"7\">Input: Active balanced; 3-pin Euro-style detachable terminal block and XLR (pin 2+)<br \/>\nOutput: Covered barrier strips<br \/>\nDataPort V2: HD-15 connector<\/td>\n<\/tr>\n<tr>\n<td>Controls<\/td>\n<td class=\"align-center\" colspan=\"7\">Front: AC switch<br \/>\nRear: Ch. 1 and Ch. 2 gain knobs, 10-position DIP switch<\/td>\n<\/tr>\n<tr>\n<td>Indicators<\/td>\n<td class=\"align-center\" colspan=\"7\">PWR-ON: Green LED; SIGNAL: Green LED (1 per channel);<br \/>\nCLIP: Red LED (1 per channel)<\/td>\n<\/tr>\n<tr>\n<td>Dimensions (HWD) inches<\/td>\n<td class=\"align-center\" colspan=\"7\">5.25 x 19 x\u00a015.9 \/ 3RU<\/td>\n<\/tr>\n<tr>\n<td>Dimensions (HWD) mm<\/td>\n<td class=\"align-center\" colspan=\"7\">133 x 483 x 400 \/ 3RU<\/td>\n<\/tr>\n<tr>\n<td>Amplifier Protection<\/td>\n<td class=\"align-center\" colspan=\"7\">Full short circuit, open circuit, thermal, ultrasonic, and RF protection;<br \/>\nStable into reactive or mismatched loads<\/td>\n<\/tr>\n<tr>\n<td>Power Requirements<\/td>\n<td class=\"align-center\" colspan=\"7\">120 or 230 VAC, 50\u201360 Hz<\/td>\n<\/tr>\n<tr>\n<td>Load Protection<\/td>\n<td class=\"align-center\" colspan=\"7\">On\/off muting; Triac crowbar: ISA 750, 1350, and 800Ti; AC coupling: ISA 280, 300Ti, 450, and 500Ti<\/td>\n<\/tr>\n<\/tbody>\n<\/table>\n","protected":false},"excerpt":{"rendered":"<p>Niederohmige Ausg\u00e4nge sowie getrennte 25-, 70- und 100-Volt-Ausg\u00e4nge f\u00fcr verteilte Audiosysteme R\u00fcckseitige Gain-Regler f\u00fcr manipulationsgesch\u00fctzten Betrieb; 2-dB-Schritte erm\u00f6glichen schnelle und reproduzierbare Einstellungen. XLR-Eing\u00e4nge und abnehmbare Euroblock-Eing\u00e4nge DataPort V2 zur Verwendung mit DPV2-kompatiblem Signalverarbeitungszubeh\u00f6r (XC-3, SF-3, LF-3) und DSP-3\/DSP-4 (mit externem Netzteil) Unabh\u00e4ngige, abschaltbare Clip-Limiter reduzieren Verzerrung Einstellbare Hochpassfilter (50 oder 75 Hz) sch\u00fctzen Ihre Lautsprecher [&hellip;]<\/p>\n","protected":false},"featured_media":1372,"comment_status":"closed","ping_status":"closed","template":"","meta":[],"product_brand":[],"product_cat":[160],"product_tag":[513,512,161],"class_list":{"0":"post-1370","1":"product","2":"type-product","3":"status-publish","4":"has-post-thumbnail","6":"product_cat-verstaerker","7":"product_tag-installationsendstufe","8":"product_tag-qsc-isa-500-ti","9":"product_tag-verstaerker","11":"first","12":"instock","13":"taxable","14":"shipping-taxable","15":"product-type-simple"},"jetpack_sharing_enabled":true,"_links":{"self":[{"href":"https:\/\/audio-tools.at\/index.php\/wp-json\/wp\/v2\/product\/1370","targetHints":{"allow":["GET"]}}],"collection":[{"href":"https:\/\/audio-tools.at\/index.php\/wp-json\/wp\/v2\/product"}],"about":[{"href":"https:\/\/audio-tools.at\/index.php\/wp-json\/wp\/v2\/types\/product"}],"replies":[{"embeddable":true,"href":"https:\/\/audio-tools.at\/index.php\/wp-json\/wp\/v2\/comments?post=1370"}],"wp:featuredmedia":[{"embeddable":true,"href":"https:\/\/audio-tools.at\/index.php\/wp-json\/wp\/v2\/media\/1372"}],"wp:attachment":[{"href":"https:\/\/audio-tools.at\/index.php\/wp-json\/wp\/v2\/media?parent=1370"}],"wp:term":[{"taxonomy":"product_brand","embeddable":true,"href":"https:\/\/audio-tools.at\/index.php\/wp-json\/wp\/v2\/product_brand?post=1370"},{"taxonomy":"product_cat","embeddable":true,"href":"https:\/\/audio-tools.at\/index.php\/wp-json\/wp\/v2\/product_cat?post=1370"},{"taxonomy":"product_tag","embeddable":true,"href":"https:\/\/audio-tools.at\/index.php\/wp-json\/wp\/v2\/product_tag?post=1370"}],"curies":[{"name":"wp","href":"https:\/\/api.w.org\/{rel}","templated":true}]}}