{"id":1403,"date":"2021-04-22T06:58:40","date_gmt":"2021-04-22T06:58:40","guid":{"rendered":"https:\/\/audio-tools.at\/?post_type=product&#038;p=1403"},"modified":"2021-04-22T06:58:41","modified_gmt":"2021-04-22T06:58:41","slug":"notstromaggregat-fox-p-21-20kva","status":"publish","type":"product","link":"https:\/\/audio-tools.at\/index.php\/produkt\/notstromaggregat-fox-p-21-20kva\/","title":{"rendered":"Notstromaggregat FOX P 21 20kVA"},"content":{"rendered":"<p>FOX P 21 Notstromaggregat 20kVA<\/p>\n<p>1- Industrielle Diesel Motor f\u00fcr Stromaggregat Version mit<br \/>\nUrsprungszeugnis<br \/>\n2- Industrielle b\u00fcrstenlos Generator mit AVR<br \/>\n3- Grundrahmen mit Auffangwanne , Tank mit elektronische<br \/>\nTreibstoffanzeiger<br \/>\n4- Schallged\u00e4mmte Haube aus feuerverzinkte Stahlbleche mit<br \/>\nPulverbesichtigung<br \/>\n5- Schalld\u00e4mmmaterial aus Polyesterfasern mit H\u00f6her<br \/>\nL\u00e4rmreduzierung<br \/>\n6- Abgasleitungen im Geh\u00e4useinnern mit spezielle Matten<br \/>\nMineralfaser<br \/>\n7- Schaltschrank am Board montiert mit integrierte digital<br \/>\nSteuerung<br \/>\n8- Kompaktheit um die Bewegung und Betrieb des Aggregat<br \/>\nEinfach zu machen<\/p>\n<p>Perkins Motor, 404A-22G1<\/p>\n<p>680kg<\/p>\n","protected":false},"excerpt":{"rendered":"<p>FOX P 21 Notstromaggregat 20kVA 1- Industrielle Diesel Motor f\u00fcr Stromaggregat Version mit Ursprungszeugnis 2- Industrielle b\u00fcrstenlos Generator mit AVR 3- Grundrahmen mit Auffangwanne , Tank mit elektronische Treibstoffanzeiger 4- Schallged\u00e4mmte Haube aus feuerverzinkte Stahlbleche mit Pulverbesichtigung 5- Schalld\u00e4mmmaterial aus Polyesterfasern mit H\u00f6her L\u00e4rmreduzierung 6- Abgasleitungen im Geh\u00e4useinnern mit spezielle Matten Mineralfaser 7- Schaltschrank am [&hellip;]<\/p>\n","protected":false},"featured_media":1404,"comment_status":"closed","ping_status":"closed","template":"","meta":[],"product_brand":[],"product_cat":[525],"product_tag":[534,528],"class_list":{"0":"post-1403","1":"product","2":"type-product","3":"status-publish","4":"has-post-thumbnail","6":"product_cat-energietechnik","7":"product_tag-fox-p21","8":"product_tag-notstromaggregat","10":"first","11":"instock","12":"sale","13":"taxable","14":"shipping-taxable","15":"purchasable","16":"product-type-simple"},"jetpack_sharing_enabled":true,"_links":{"self":[{"href":"https:\/\/audio-tools.at\/index.php\/wp-json\/wp\/v2\/product\/1403","targetHints":{"allow":["GET"]}}],"collection":[{"href":"https:\/\/audio-tools.at\/index.php\/wp-json\/wp\/v2\/product"}],"about":[{"href":"https:\/\/audio-tools.at\/index.php\/wp-json\/wp\/v2\/types\/product"}],"replies":[{"embeddable":true,"href":"https:\/\/audio-tools.at\/index.php\/wp-json\/wp\/v2\/comments?post=1403"}],"wp:featuredmedia":[{"embeddable":true,"href":"https:\/\/audio-tools.at\/index.php\/wp-json\/wp\/v2\/media\/1404"}],"wp:attachment":[{"href":"https:\/\/audio-tools.at\/index.php\/wp-json\/wp\/v2\/media?parent=1403"}],"wp:term":[{"taxonomy":"product_brand","embeddable":true,"href":"https:\/\/audio-tools.at\/index.php\/wp-json\/wp\/v2\/product_brand?post=1403"},{"taxonomy":"product_cat","embeddable":true,"href":"https:\/\/audio-tools.at\/index.php\/wp-json\/wp\/v2\/product_cat?post=1403"},{"taxonomy":"product_tag","embeddable":true,"href":"https:\/\/audio-tools.at\/index.php\/wp-json\/wp\/v2\/product_tag?post=1403"}],"curies":[{"name":"wp","href":"https:\/\/api.w.org\/{rel}","templated":true}]}}