{"id":1748,"date":"2022-03-12T12:18:02","date_gmt":"2022-03-12T12:18:02","guid":{"rendered":"https:\/\/audio-tools.at\/?post_type=product&#038;p=1748"},"modified":"2022-03-12T12:24:05","modified_gmt":"2022-03-12T12:24:05","slug":"ecoflow-delta-pro-portable-power-station-home-battery-powerstation-tragbarer-akku","status":"publish","type":"product","link":"https:\/\/audio-tools.at\/index.php\/produkt\/ecoflow-delta-pro-portable-power-station-home-battery-powerstation-tragbarer-akku\/","title":{"rendered":"EcoFlow DELTA Pro Portable Power station, Home Battery Powerstation, Tragbarer Akku"},"content":{"rendered":"<p><b><span class=\"\">Die tragbare Heimbatterie<\/span><\/b><span class=\"\">\u00a0DELTA Pro verf\u00fcgt \u00fcber eine Kapazit\u00e4t von 3,6 kWh, die bis auf 25 kWh erweitert werden kann. Sie k\u00f6nnen es \u00fcber das Smart Home Panel direkt in Ihre Hauskreise integrieren. Ideal f\u00fcr Heim-Backup.<\/span><\/p>\n<p><b>Power f\u00fcr so ziemlich alles<\/b>\u00a0DELTA Pro ist f\u00fchrend in der Branche, wenn es um AC-Ausgang geht. Mit 3600 W k\u00f6nnen Sie Hochleistungsger\u00e4te wie Trockner, Klimaanlagen und mehr mit Strom versorgen. Brauchen Sie noch mehr Leistung? Koppeln Sie zwei Einheiten zusammen, um mit dem Smart Home Panel eine gewaltige Leistung von 7200 W zu erzielen.<\/p>\n<p><b>Ein erweiterbares \u00d6kosystem<\/b>\u00a0DELTA Pro ist mehr als ein tragbares Kraftwerk. Es kann mit zus\u00e4tzlichen Batterien, Smart Generators und sogar dem Smart Home Panel erweitert werden. Steuern Sie alles \u00fcber die DELTA Pro-Fernbedienung oder Ihr Telefon mit der EcoFlow-App.<\/p>\n<p><b><span class=\"\">Das am schnellsten aufladbare tragbare Kraftwerk der Welt<\/span><\/b><span class=\"\">\u00a0DELTA Pro kann mit einer von 6 Methoden aufladen. Es ist das erste, das von einer EV-Station aufgeladen werden kann, und kann sogar Multicharge durch Kombinieren von Methoden, um eine schnelle 6500-W-Ladung zu erreichen. Das ist der Goldstandard der Branche.<\/span><\/p>\n","protected":false},"excerpt":{"rendered":"\n","protected":false},"featured_media":1749,"comment_status":"closed","ping_status":"closed","template":"","meta":[],"product_brand":[],"product_cat":[525],"product_tag":[613,611,612],"class_list":{"0":"post-1748","1":"product","2":"type-product","3":"status-publish","4":"has-post-thumbnail","6":"product_cat-energietechnik","7":"product_tag-akku","8":"product_tag-ecoflow-delta-pro","9":"product_tag-powerstation","11":"first","12":"instock","13":"taxable","14":"shipping-taxable","15":"purchasable","16":"product-type-simple"},"jetpack_sharing_enabled":true,"_links":{"self":[{"href":"https:\/\/audio-tools.at\/index.php\/wp-json\/wp\/v2\/product\/1748","targetHints":{"allow":["GET"]}}],"collection":[{"href":"https:\/\/audio-tools.at\/index.php\/wp-json\/wp\/v2\/product"}],"about":[{"href":"https:\/\/audio-tools.at\/index.php\/wp-json\/wp\/v2\/types\/product"}],"replies":[{"embeddable":true,"href":"https:\/\/audio-tools.at\/index.php\/wp-json\/wp\/v2\/comments?post=1748"}],"wp:featuredmedia":[{"embeddable":true,"href":"https:\/\/audio-tools.at\/index.php\/wp-json\/wp\/v2\/media\/1749"}],"wp:attachment":[{"href":"https:\/\/audio-tools.at\/index.php\/wp-json\/wp\/v2\/media?parent=1748"}],"wp:term":[{"taxonomy":"product_brand","embeddable":true,"href":"https:\/\/audio-tools.at\/index.php\/wp-json\/wp\/v2\/product_brand?post=1748"},{"taxonomy":"product_cat","embeddable":true,"href":"https:\/\/audio-tools.at\/index.php\/wp-json\/wp\/v2\/product_cat?post=1748"},{"taxonomy":"product_tag","embeddable":true,"href":"https:\/\/audio-tools.at\/index.php\/wp-json\/wp\/v2\/product_tag?post=1748"}],"curies":[{"name":"wp","href":"https:\/\/api.w.org\/{rel}","templated":true}]}}