{"id":1775,"date":"2022-05-10T11:08:56","date_gmt":"2022-05-10T11:08:56","guid":{"rendered":"https:\/\/audio-tools.at\/?post_type=product&#038;p=1775"},"modified":"2022-05-10T11:08:56","modified_gmt":"2022-05-10T11:08:56","slug":"sennheiser-xsw-iem-set-a-band-in-ear-monitoring-system","status":"publish","type":"product","link":"https:\/\/audio-tools.at\/index.php\/produkt\/sennheiser-xsw-iem-set-a-band-in-ear-monitoring-system\/","title":{"rendered":"Sennheiser XSW IEM Set A-Band In Ear Monitoring System"},"content":{"rendered":"<p>Das XS Wireless IEM-Set enth\u00e4lt bereits im Lieferumfang alle Komponenten, die du brauchst, um dein pers\u00f6nliches Monitoring in wenigen Minuten einzurichten. XS Wireless IEM ist der Einstieg in den renommierten In-Ear-Monitoring-Sound von Sennheiser. Es bietet das ganze Potenzial von In-Ear-Monitoring in einem eleganten, einfach handhabbaren Paket. Um alle Vorteile zu nutzen, ist kein technisches Fachwissen erforderlich: Du h\u00f6rst dich in jeder Umgebung perfekt und kannst in Sachen Perfektion neue Ma\u00dfst\u00e4be setzen.<\/p>\n<p>Das System besteht aus einem robusten Sender, einem leichten Bodypack-Empf\u00e4nger, einem IE\u00a04 In-Ear-Kopfh\u00f6rer der Einsteigerklasse, Batterien, einem Netzteil mit L\u00e4nderadaptern und einem Rack-Einbau-Kit f\u00fcr den Sender.<\/p>\n<p>Acht vorkonfigurierte Frequenzb\u00e4nke im professionellen UHF-Bereich (mit jeweils zw\u00f6lf perfekt aufeinander abgestimmten Kan\u00e4len) sorgen daf\u00fcr, dass deine Verbindung in jeder Situation zuverl\u00e4ssig und klar ist. Erweiterte Features machen das XS\u00a0Wireless IEM flexibel f\u00fcr kleine und gro\u00dfe Shows. Die Serie ist entsprechend deinen Anforderungen bei Proben oder Live-Shows, auf einer Club-B\u00fchne oder bei einem Gottesdienst skalierbar. Mehrere Audiomodi f\u00fcr unterschiedliche Auftritts- und Mischanforderungen sind vorhanden. Du kannst ganz einfach zwischen Mono, Stereo oder einem Zweikanal-Focus-Mode wechseln.<\/p>\n<p>Der Stereo-Bodypack-Empf\u00e4nger ist zwar leicht, wurde aber mit Blick auf Live-B\u00fchnen entwickelt. Alle Einstellm\u00f6glichkeiten sind hinter einer b\u00fchnenfesten Abdeckung gut gesichert. Eine Status-LED h\u00e4lt dich \u00fcber den Batterie- und Verbindungsstatus auf dem Laufenden, und das LC-Display bietet Zugang zu weiteren Einstellm\u00f6glichkeiten. Du kannst deinen bevorzugten Focus-Mode f\u00fcr das In-Ear-Monitoring einstellen, deinen Mix ausbalancieren, den EQ umschalten, um die h\u00f6heren Frequenzen anzuheben, bzw. deinen Kanal oder eine manuelle Frequenz ausw\u00e4hlen.<\/p>\n<p>Der Stereo-Sender ist in einem robusten Metallgeh\u00e4use untergebracht. Die Feinabstimmung der wichtigsten Einstellungen war noch nie so einfach. Egal, ob du die Verst\u00e4rkung erh\u00f6hen, die Frequenzeinstellung \u00fcberpr\u00fcfen oder ein paar weitere Empf\u00e4nger f\u00fcr dein Band-Setup synchronisieren m\u00f6chtest: F\u00fcr all das sind weniger Klicks n\u00f6tig, als dein Drummer f\u00fcr das Count-In braucht. Ein Rack-Einbau-Kit und eine abnehmbare Antenne erm\u00f6glichen flexible Setups und Konfigurationen.<\/p>\n<p>Au\u00dferdem enth\u00e4lt das Set einen IE\u00a04 In-Ear-Kopfh\u00f6rer. Er gibt den Sound mit guter Klangqualit\u00e4t und hoher Dynamik wieder und ist mit wechselbaren Ohradaptern ausgestattet, die f\u00fcr einen sicheren und bequemen Sitz sorgen. Sie bieten zudem Abschirmung von Umgebungsger\u00e4uschen und eine gute Basswiedergabe.<\/p>\n<ul class=\"fx-list product-text__list\">\n<li class=\"fx-list__item list-item fx-list__item--circle\"><span class=\"fx-text fx-text--plus list-item__text\">bestehend aus Sender (XSW IEM SR) und Taschenempf\u00e4nger (XSW IEM EK)<\/span><\/li>\n<li class=\"fx-list__item list-item fx-list__item--circle\"><span class=\"fx-text fx-text--plus list-item__text\">Frequenzbereich A-Band: 476 &#8211; 500 MHz<\/span><\/li>\n<li class=\"fx-list__item list-item fx-list__item--circle\"><span class=\"fx-text fx-text--plus list-item__text\">Sendeleistung: 30 mW<\/span><\/li>\n<li class=\"fx-list__item list-item fx-list__item--circle\"><span class=\"fx-text fx-text--plus list-item__text\">\u00dcbertragungsbereich: 45 &#8211; 15.000 Hz<\/span><\/li>\n<li class=\"fx-list__item list-item fx-list__item--circle\"><span class=\"fx-text fx-text--plus list-item__text\">Schaltbandbreite bis zu 24 MHz<\/span><\/li>\n<li class=\"fx-list__item list-item fx-list__item--circle\"><span class=\"fx-text fx-text--plus list-item__text\">EQ<\/span><\/li>\n<li class=\"fx-list__item list-item fx-list__item--circle\"><span class=\"fx-text fx-text--plus list-item__text\">Limiter<\/span><\/li>\n<li class=\"fx-list__item list-item fx-list__item--circle\"><span class=\"fx-text fx-text--plus list-item__text\">Frequenz Presets<\/span><\/li>\n<li class=\"fx-list__item list-item fx-list__item--circle\"><span class=\"fx-text fx-text--plus list-item__text\">Focus Mode<\/span><\/li>\n<li class=\"fx-list__item list-item fx-list__item--circle\"><span class=\"fx-text fx-text--plus list-item__text\">Infrarot Sync<\/span><\/li>\n<li class=\"fx-list__item list-item fx-list__item--circle\"><span class=\"fx-text fx-text--plus list-item__text\">Betriebszeit: ca. 6 Stunden &#8211; abh\u00e4ngig von der eingestellten Lautst\u00e4rke<\/span><\/li>\n<li class=\"fx-list__item list-item fx-list__item--circle\"><span class=\"fx-text fx-text--plus list-item__text\">Anschl\u00fcsse Sender: 6,3 mm Kopfh\u00f6rerausgang, 2x Kombi-Input-Buchsen<\/span><\/li>\n<li class=\"fx-list__item list-item fx-list__item--circle\"><span class=\"fx-text fx-text--plus list-item__text\">Anschl\u00fcsse Empf\u00e4nger: 3,5 mm Miniklinken Kopfh\u00f6rerausgang<\/span><\/li>\n<li class=\"fx-list__item list-item fx-list__item--circle\"><span class=\"fx-text fx-text--plus list-item__text\">Abmessungen Sender (B x T x H): 200 x 128 x 42 mm<\/span><\/li>\n<li class=\"fx-list__item list-item fx-list__item--circle\"><span class=\"fx-text fx-text--plus list-item__text\">Abmessungen Empf\u00e4nger (B x T x H):95 x 70 x 26 mm<\/span><\/li>\n<li class=\"fx-list__item list-item fx-list__item--circle\"><span class=\"fx-text fx-text--plus list-item__text\">Gewicht Sender: 700 g<\/span><\/li>\n<li class=\"fx-list__item list-item fx-list__item--circle\"><span class=\"fx-text fx-text--plus list-item__text\">Gewicht Empf\u00e4nger: 110 g<\/span><\/li>\n<li class=\"fx-list__item list-item fx-list__item--circle\"><span class=\"fx-text fx-text--plus list-item__text\">inkl. Sennheiser IE 4 In-Ear H\u00f6rer, XSW Rackmount Kit, Netzteil (NT 12-5 CW), 2x BNC Rundstrahl-Antennen, 2x AA-Batterien<\/span><\/li>\n<\/ul>\n","protected":false},"excerpt":{"rendered":"\n","protected":false},"featured_media":0,"comment_status":"closed","ping_status":"closed","template":"","meta":[],"product_brand":[],"product_cat":[19,191,31],"product_tag":[627],"class_list":{"0":"post-1775","1":"product","2":"type-product","3":"status-publish","5":"product_cat-headphone","6":"product_cat-funkmikrofon","7":"product_cat-micros","8":"product_tag-sennheiser-xsw-iem-in-ear","10":"first","11":"instock","12":"sale","13":"taxable","14":"shipping-taxable","15":"purchasable","16":"product-type-simple"},"jetpack_sharing_enabled":true,"_links":{"self":[{"href":"https:\/\/audio-tools.at\/index.php\/wp-json\/wp\/v2\/product\/1775","targetHints":{"allow":["GET"]}}],"collection":[{"href":"https:\/\/audio-tools.at\/index.php\/wp-json\/wp\/v2\/product"}],"about":[{"href":"https:\/\/audio-tools.at\/index.php\/wp-json\/wp\/v2\/types\/product"}],"replies":[{"embeddable":true,"href":"https:\/\/audio-tools.at\/index.php\/wp-json\/wp\/v2\/comments?post=1775"}],"wp:attachment":[{"href":"https:\/\/audio-tools.at\/index.php\/wp-json\/wp\/v2\/media?parent=1775"}],"wp:term":[{"taxonomy":"product_brand","embeddable":true,"href":"https:\/\/audio-tools.at\/index.php\/wp-json\/wp\/v2\/product_brand?post=1775"},{"taxonomy":"product_cat","embeddable":true,"href":"https:\/\/audio-tools.at\/index.php\/wp-json\/wp\/v2\/product_cat?post=1775"},{"taxonomy":"product_tag","embeddable":true,"href":"https:\/\/audio-tools.at\/index.php\/wp-json\/wp\/v2\/product_tag?post=1775"}],"curies":[{"name":"wp","href":"https:\/\/api.w.org\/{rel}","templated":true}]}}