{"id":1857,"date":"2023-07-31T18:44:18","date_gmt":"2023-07-31T18:44:18","guid":{"rendered":"https:\/\/audio-tools.at\/?post_type=product&#038;p=1857"},"modified":"2023-07-31T18:47:44","modified_gmt":"2023-07-31T18:47:44","slug":"austrian-audio-cc8-kleinmembran-kondensator-mikrofon","status":"publish","type":"product","link":"https:\/\/audio-tools.at\/index.php\/produkt\/austrian-audio-cc8-kleinmembran-kondensator-mikrofon\/","title":{"rendered":"Austrian Audio CC8 Kleinmembran Kondensator Mikrofon"},"content":{"rendered":"<p>Das CC8 ist hervorragend f\u00fcr Aufnahmen geeignet, bei denen schnelle Transienten abgebildet werden m\u00fcssen und die r\u00e4umliche Information m\u00f6glichst unverf\u00e4lscht eingefangen werden soll. Kleinmembran-Mikrofone sind besonders beliebt f\u00fcr die detailgetreue Aufnahme verschiedener akustischer Instrumente, die in klassischen Ensembles und Jazz-Formationen zu finden sind. Hierzu geh\u00f6ren z. B. Streichinstrumente, Holz- und Blechbl\u00e4ser, Orchester Percussion, klassische S\u00e4nger, aber auch Instrumente, die in allen Genres zu finden sind, wie z. B. akustische Gitarre, Klavier, Snares, Hi-Hat und Overheads.<\/p>\n<p>Dank der eingebauten schaltbaren D\u00e4mpfung von 0 dB, -10 dB und -20 dB kann das Mikrofon sehr nahe an lauten Schallquellen wie z. B. Trompeten positioniert werden, ohne Verzerrungen bef\u00fcrchten zu m\u00fcssen. Rumpelger\u00e4usche und Trittschall werden mit dem schaltbaren Hochpassfilter (60 Hz 2. Ordnung, 120 Hz 2. Ordnung) effektiv eliminiert.<\/p>\n<p>Auch extrem leise Signale wie z. B. feine Violinkl\u00e4nge, zarte Stimmen od. leiseste Atmo-T\u00f6ne lassen sich dank des niedrigen Eigenrauschens problemlos aufzeichnen.<\/p>\n<p>Jedes CC8 wird in Wien von Hand gebaut. Vor dem Verlassen der Fertigung wird jedes Mikrofon gemessen und auf eine Toleranz von maximal +\/- 0,5 dB Empfindlichkeit bei 1 kHz abgestimmt. Somit k\u00f6nnen alle CC8, unabh\u00e4ngig vom Produktionsdatum, als Matched-Pair genutzt werden.<\/p>\n","protected":false},"excerpt":{"rendered":"\n","protected":false},"featured_media":1858,"comment_status":"closed","ping_status":"closed","template":"","meta":[],"product_brand":[],"product_cat":[31,635,195],"product_tag":[632,633,634],"class_list":{"0":"post-1857","1":"product","2":"type-product","3":"status-publish","4":"has-post-thumbnail","6":"product_cat-micros","7":"product_cat-austrian-audio","8":"product_cat-instrumenten-mikro","9":"product_tag-austrian-audio-cc8","10":"product_tag-cc8","11":"product_tag-kleinmembran-kondensator-mikro","13":"first","14":"instock","15":"taxable","16":"shipping-taxable","17":"purchasable","18":"product-type-simple"},"jetpack_sharing_enabled":true,"_links":{"self":[{"href":"https:\/\/audio-tools.at\/index.php\/wp-json\/wp\/v2\/product\/1857","targetHints":{"allow":["GET"]}}],"collection":[{"href":"https:\/\/audio-tools.at\/index.php\/wp-json\/wp\/v2\/product"}],"about":[{"href":"https:\/\/audio-tools.at\/index.php\/wp-json\/wp\/v2\/types\/product"}],"replies":[{"embeddable":true,"href":"https:\/\/audio-tools.at\/index.php\/wp-json\/wp\/v2\/comments?post=1857"}],"wp:featuredmedia":[{"embeddable":true,"href":"https:\/\/audio-tools.at\/index.php\/wp-json\/wp\/v2\/media\/1858"}],"wp:attachment":[{"href":"https:\/\/audio-tools.at\/index.php\/wp-json\/wp\/v2\/media?parent=1857"}],"wp:term":[{"taxonomy":"product_brand","embeddable":true,"href":"https:\/\/audio-tools.at\/index.php\/wp-json\/wp\/v2\/product_brand?post=1857"},{"taxonomy":"product_cat","embeddable":true,"href":"https:\/\/audio-tools.at\/index.php\/wp-json\/wp\/v2\/product_cat?post=1857"},{"taxonomy":"product_tag","embeddable":true,"href":"https:\/\/audio-tools.at\/index.php\/wp-json\/wp\/v2\/product_tag?post=1857"}],"curies":[{"name":"wp","href":"https:\/\/api.w.org\/{rel}","templated":true}]}}