{"id":1870,"date":"2023-07-31T21:51:42","date_gmt":"2023-07-31T21:51:42","guid":{"rendered":"https:\/\/audio-tools.at\/?post_type=product&#038;p=1870"},"modified":"2023-07-31T21:51:42","modified_gmt":"2023-07-31T21:51:42","slug":"austrian-audio-od-505-aktiv-dynamisches-vokalmikro","status":"publish","type":"product","link":"https:\/\/audio-tools.at\/index.php\/produkt\/austrian-audio-od-505-aktiv-dynamisches-vokalmikro\/","title":{"rendered":"Austrian Audio OD 505 Aktiv Dynamisches Vokalmikro"},"content":{"rendered":"<p>Das aktiv dynamische Vokalmikrofon OD505 ist das Multitalent der Wiener Handwerkskunst. F\u00fcr die B\u00fchne konzipiert, ist es auch im Studio zu Hause. Es ist kompromisslos robust und verbindet die Vorteile eines dynamischen Mikrofons mit den klanglichen Finessen eines Kondensatormikrofons.<\/p>\n<p>Das OD505 ist der perfekte Performance-Partner f\u00fcr jeden K\u00fcnstler, egal ob Lead- oder Backing-Vocalist. Mit seiner nat\u00fcrlichen Abstimmung und fantastischen Signalqualit\u00e4t liefert es die perfekte Grundlage um die St\u00e4rken jeder Stimme mit nur wenigen Handgriffen perfekt zur Geltung zu bringen.<\/p>\n<p>In vielen Live Situationen ist der Umgebungsschall auf der B\u00fchne ein gro\u00dfes Problem. Deshalb ist das OD505 eine Superniere. Diese blendet ungewollten \u00dcberspruch bestm\u00f6glich aus und fokussiert auf die Stimme. So ist eine optimale Kontrolle \u00fcber den Stimmsound gew\u00e4hrleistet, da Elemente wie z.B. Schlagzeug oder andere laute Instrumente in unmittelbarer Umgebung nicht noch zus\u00e4tzlich \u00fcber das Gesangsmikrofon mit verst\u00e4rkt werden.<\/p>\n<ul class=\"fx-list product-text__list\">\n<li class=\"fx-list__item list-item fx-list__item--circle\"><span class=\"fx-text fx-text--plus list-item__text\">Richtcharakteristik: Superniere<\/span><\/li>\n<li class=\"fx-list__item list-item fx-list__item--circle\"><span class=\"fx-text fx-text--plus list-item__text\">Frequenzbereich: 35 \u2013 16000 Hz<\/span><\/li>\n<li class=\"fx-list__item list-item fx-list__item--circle\"><span class=\"fx-text fx-text--plus list-item__text\">Empfindlichkeit: 4.4 mV\/Pa<\/span><\/li>\n<li class=\"fx-list__item list-item fx-list__item--circle\"><span class=\"fx-text fx-text--plus list-item__text\">Grenzschalldruckpegel: 154 dB<\/span><\/li>\n<li class=\"fx-list__item list-item fx-list__item--circle\"><span class=\"fx-text fx-text--plus list-item__text\">analoger Hochpass-Filter: 120 Hz (2te Ordnung)<\/span><\/li>\n<li class=\"fx-list__item list-item fx-list__item--circle\"><span class=\"fx-text fx-text--plus list-item__text\">Impedanz: 275 O<\/span><\/li>\n<li class=\"fx-list__item list-item fx-list__item--circle\"><span class=\"fx-text fx-text--plus list-item__text\">Lastwiderstand: &gt; 1 kO<\/span><\/li>\n<li class=\"fx-list__item list-item fx-list__item--circle\"><span class=\"fx-text fx-text--plus list-item__text\">ben\u00f6tigt 48 V Phantomspeisung<\/span><\/li>\n<li class=\"fx-list__item list-item fx-list__item--circle\"><span class=\"fx-text fx-text--plus list-item__text\">robustes Druckgussgeh\u00e4use<\/span><\/li>\n<li class=\"fx-list__item list-item fx-list__item--circle\"><span class=\"fx-text fx-text--plus list-item__text\">Abmessungen: 194 x 53 x 53 mm<\/span><\/li>\n<li class=\"fx-list__item list-item fx-list__item--circle\"><span class=\"fx-text fx-text--plus list-item__text\">Gewicht: 0,34 kg<\/span><\/li>\n<li class=\"fx-list__item list-item fx-list__item--circle\"><span class=\"fx-text fx-text--plus list-item__text\">inkl. OCH1 Mic Clip und MSC1 Carry Case<\/span><\/li>\n<\/ul>\n","protected":false},"excerpt":{"rendered":"\n","protected":false},"featured_media":1871,"comment_status":"closed","ping_status":"closed","template":"","meta":[],"product_brand":[],"product_cat":[31,635,194],"product_tag":[642,644,643],"class_list":{"0":"post-1870","1":"product","2":"type-product","3":"status-publish","4":"has-post-thumbnail","6":"product_cat-micros","7":"product_cat-austrian-audio","8":"product_cat-vocal-mikro","9":"product_tag-austrian-audio-od-505","10":"product_tag-od-505","11":"product_tag-vocal-mikro","13":"first","14":"instock","15":"taxable","16":"shipping-taxable","17":"purchasable","18":"product-type-simple"},"jetpack_sharing_enabled":true,"_links":{"self":[{"href":"https:\/\/audio-tools.at\/index.php\/wp-json\/wp\/v2\/product\/1870","targetHints":{"allow":["GET"]}}],"collection":[{"href":"https:\/\/audio-tools.at\/index.php\/wp-json\/wp\/v2\/product"}],"about":[{"href":"https:\/\/audio-tools.at\/index.php\/wp-json\/wp\/v2\/types\/product"}],"replies":[{"embeddable":true,"href":"https:\/\/audio-tools.at\/index.php\/wp-json\/wp\/v2\/comments?post=1870"}],"wp:featuredmedia":[{"embeddable":true,"href":"https:\/\/audio-tools.at\/index.php\/wp-json\/wp\/v2\/media\/1871"}],"wp:attachment":[{"href":"https:\/\/audio-tools.at\/index.php\/wp-json\/wp\/v2\/media?parent=1870"}],"wp:term":[{"taxonomy":"product_brand","embeddable":true,"href":"https:\/\/audio-tools.at\/index.php\/wp-json\/wp\/v2\/product_brand?post=1870"},{"taxonomy":"product_cat","embeddable":true,"href":"https:\/\/audio-tools.at\/index.php\/wp-json\/wp\/v2\/product_cat?post=1870"},{"taxonomy":"product_tag","embeddable":true,"href":"https:\/\/audio-tools.at\/index.php\/wp-json\/wp\/v2\/product_tag?post=1870"}],"curies":[{"name":"wp","href":"https:\/\/api.w.org\/{rel}","templated":true}]}}