{"id":1874,"date":"2023-07-31T21:59:59","date_gmt":"2023-07-31T21:59:59","guid":{"rendered":"https:\/\/audio-tools.at\/?post_type=product&#038;p=1874"},"modified":"2023-07-31T21:59:59","modified_gmt":"2023-07-31T21:59:59","slug":"austrian-audio-od-5-aktiv-dynamisches-instrumenten-mikro","status":"publish","type":"product","link":"https:\/\/audio-tools.at\/index.php\/produkt\/austrian-audio-od-5-aktiv-dynamisches-instrumenten-mikro\/","title":{"rendered":"Austrian Audio OD 5 Aktiv Dynamisches Instrumenten Mikro"},"content":{"rendered":"<p>Mit dem OD5 bringt Austrian Audio ein aktiv-dynamisches Mikrofon auf den Markt, welches f\u00fcr den Einsatz an Instrumenten optimiert ist.<\/p>\n<p>In Wien von Hand gefertigt und strengste Qualit\u00e4tssicherheitsprozesse durchlaufend, wartet in gewohnter Austrian Audio Manier auch das OD5 Instrumentenmikrofon wieder mit einigen Besonderheiten auf.<\/p>\n<p>Am auff\u00e4lligsten ist die \u201eSwivel Joint\u201c Mechanik. Um die Positionierung des Instrumentenmikrofons zu erleichtern haben Austrian Audios Ingenieure eine Aufh\u00e4ngung des Mikrofonkorbes entwickelt, die eine 220\u00b0 Rotation desselben erm\u00f6glicht. Dadurch kann das Mikrofon pr\u00e4zise zur Klangquelle bzw. je nach pers\u00f6nlichen Klangvorz\u00fcgen ausgerichtet werden, ohne das Mikrofonstativ umst\u00e4ndlich verstellen bzw. l\u00f6sen zu m\u00fcssen.<\/p>\n<p>Als sehr vielseitiges Instrumentenmikrofon wird das OD5 sehr viele Einsatzgebiete finden. Hervorragend f\u00fcr den Einsatz an diversen Trommeln geeignet, ist das OD5 auch an Gitarrenverst\u00e4rkern, sowie vor Bl\u00e4sern ist das aktiv-dynamische Instrumentenmikrofon von Austrian Audio auf Grund seiner technischen Eigenschaften bestens geeignet.<\/p>\n<ul class=\"fx-list product-text__list\">\n<li class=\"fx-list__item list-item fx-list__item--circle\"><span class=\"fx-text fx-text--plus list-item__text\">Richtcharakteristik: Niere<\/span><\/li>\n<li class=\"fx-list__item list-item fx-list__item--circle\"><span class=\"fx-text fx-text--plus list-item__text\">Frequenzbereich: 20 \u2013 18.000 Hz<\/span><\/li>\n<li class=\"fx-list__item list-item fx-list__item--circle\"><span class=\"fx-text fx-text--plus list-item__text\">Empfindlichkeit: 6.7 mV\/Pa<\/span><\/li>\n<li class=\"fx-list__item list-item fx-list__item--circle\"><span class=\"fx-text fx-text--plus list-item__text\">Eigenrauschen: 21 dB SPL (A)<\/span><\/li>\n<li class=\"fx-list__item list-item fx-list__item--circle\"><span class=\"fx-text fx-text--plus list-item__text\">max. Schalldruck: 151 dB SPL (&gt;160 dB SPL mit pad)<\/span><\/li>\n<li class=\"fx-list__item list-item fx-list__item--circle\"><span class=\"fx-text fx-text--plus list-item__text\">HP filter: 80 Hz (2te Ordnung) oder 120 Hz (2te Ordnung) schaltbar: Schaltbare Vord\u00e4mpfung: -10 dB<\/span><\/li>\n<li class=\"fx-list__item list-item fx-list__item--circle\"><span class=\"fx-text fx-text--plus list-item__text\">Abmessungen: 147 x 82 x 54 mm<\/span><\/li>\n<li class=\"fx-list__item list-item fx-list__item--circle\"><span class=\"fx-text fx-text--plus list-item__text\">Gewicht: 265 g<\/span><\/li>\n<\/ul>\n","protected":false},"excerpt":{"rendered":"\n","protected":false},"featured_media":1875,"comment_status":"closed","ping_status":"closed","template":"","meta":[],"product_brand":[],"product_cat":[31,635,195],"product_tag":[645,646,647],"class_list":{"0":"post-1874","1":"product","2":"type-product","3":"status-publish","4":"has-post-thumbnail","6":"product_cat-micros","7":"product_cat-austrian-audio","8":"product_cat-instrumenten-mikro","9":"product_tag-austrian-audio-od5","10":"product_tag-instrumenten-mikro","11":"product_tag-od5","13":"first","14":"instock","15":"taxable","16":"shipping-taxable","17":"purchasable","18":"product-type-simple"},"jetpack_sharing_enabled":true,"_links":{"self":[{"href":"https:\/\/audio-tools.at\/index.php\/wp-json\/wp\/v2\/product\/1874","targetHints":{"allow":["GET"]}}],"collection":[{"href":"https:\/\/audio-tools.at\/index.php\/wp-json\/wp\/v2\/product"}],"about":[{"href":"https:\/\/audio-tools.at\/index.php\/wp-json\/wp\/v2\/types\/product"}],"replies":[{"embeddable":true,"href":"https:\/\/audio-tools.at\/index.php\/wp-json\/wp\/v2\/comments?post=1874"}],"wp:featuredmedia":[{"embeddable":true,"href":"https:\/\/audio-tools.at\/index.php\/wp-json\/wp\/v2\/media\/1875"}],"wp:attachment":[{"href":"https:\/\/audio-tools.at\/index.php\/wp-json\/wp\/v2\/media?parent=1874"}],"wp:term":[{"taxonomy":"product_brand","embeddable":true,"href":"https:\/\/audio-tools.at\/index.php\/wp-json\/wp\/v2\/product_brand?post=1874"},{"taxonomy":"product_cat","embeddable":true,"href":"https:\/\/audio-tools.at\/index.php\/wp-json\/wp\/v2\/product_cat?post=1874"},{"taxonomy":"product_tag","embeddable":true,"href":"https:\/\/audio-tools.at\/index.php\/wp-json\/wp\/v2\/product_tag?post=1874"}],"curies":[{"name":"wp","href":"https:\/\/api.w.org\/{rel}","templated":true}]}}