{"id":1989,"date":"2024-10-01T07:23:47","date_gmt":"2024-10-01T07:23:47","guid":{"rendered":"https:\/\/audio-tools.at\/?post_type=product&#038;p=1989"},"modified":"2024-10-01T07:23:47","modified_gmt":"2024-10-01T07:23:47","slug":"fbt-ventis-110a-aktivbox","status":"publish","type":"product","link":"https:\/\/audio-tools.at\/index.php\/produkt\/fbt-ventis-110a-aktivbox\/","title":{"rendered":"FBT Ventis 110A Aktivbox"},"content":{"rendered":"<ul class=\"fx-list product-text__list\">\n<li class=\"fx-list__item list-item fx-list__item--circle\"><span class=\"fx-text fx-text--plus list-item__text\">bi-amped<\/span><\/li>\n<li class=\"fx-list__item list-item fx-list__item--circle\"><span class=\"fx-text fx-text--plus list-item__text\">Lautsprecherbest\u00fcckung: 10&#8243; Tieft\u00f6ner und 1&#8243; Hocht\u00f6ner<\/span><\/li>\n<li class=\"fx-list__item list-item fx-list__item--circle\"><span class=\"fx-text fx-text--plus list-item__text\">Leistung: 700 W Class D (LF) und 200 W Class H (HF)<\/span><\/li>\n<li class=\"fx-list__item list-item fx-list__item--circle\"><span class=\"fx-text fx-text--plus list-item__text\">DSP mit 6 Presets und 2 frei konfigurierbaren Speicherpl\u00e4tzen<\/span><\/li>\n<li class=\"fx-list__item list-item fx-list__item--circle\"><span class=\"fx-text fx-text--plus list-item__text\">Geh\u00e4usematerial: 15 mm Birkensperrholz<\/span><\/li>\n<li class=\"fx-list__item list-item fx-list__item--circle\"><span class=\"fx-text fx-text--plus list-item__text\">Abstrahlwinkel (nominal): 80\u00b0 x 50\u00b0 (H x V, drehbar)<\/span><\/li>\n<li class=\"fx-list__item list-item fx-list__item--circle\"><span class=\"fx-text fx-text--plus list-item__text\">Frequenzbereich: 58 &#8211; 20.000 Hz (-6 dB)<\/span><\/li>\n<li class=\"fx-list__item list-item fx-list__item--circle\"><span class=\"fx-text fx-text--plus list-item__text\">max. SPL: 131 dB<\/span><\/li>\n<li class=\"fx-list__item list-item fx-list__item--circle\"><span class=\"fx-text fx-text--plus list-item__text\">Eing\u00e4nge: XLR \/ Klinken-Kombibuchse und RCA (&#8222;Cinch&#8220; stereo)<\/span><\/li>\n<li class=\"fx-list__item list-item fx-list__item--circle\"><span class=\"fx-text fx-text--plus list-item__text\">Link-Ausgang: XLR m\u00e4nnlich<\/span><\/li>\n<\/ul>\n","protected":false},"excerpt":{"rendered":"\n","protected":false},"featured_media":1755,"comment_status":"closed","ping_status":"closed","template":"","meta":[],"product_brand":[],"product_cat":[669,22,176],"product_tag":[180,673],"class_list":{"0":"post-1989","1":"product","2":"type-product","3":"status-publish","4":"has-post-thumbnail","6":"product_cat-fbt","7":"product_cat-speaker","8":"product_cat-speaker-selfpowered","9":"product_tag-aktivbox","10":"product_tag-fbt-ventis-110a","12":"first","13":"instock","14":"taxable","15":"shipping-taxable","16":"product-type-simple"},"jetpack_sharing_enabled":true,"_links":{"self":[{"href":"https:\/\/audio-tools.at\/index.php\/wp-json\/wp\/v2\/product\/1989","targetHints":{"allow":["GET"]}}],"collection":[{"href":"https:\/\/audio-tools.at\/index.php\/wp-json\/wp\/v2\/product"}],"about":[{"href":"https:\/\/audio-tools.at\/index.php\/wp-json\/wp\/v2\/types\/product"}],"replies":[{"embeddable":true,"href":"https:\/\/audio-tools.at\/index.php\/wp-json\/wp\/v2\/comments?post=1989"}],"wp:featuredmedia":[{"embeddable":true,"href":"https:\/\/audio-tools.at\/index.php\/wp-json\/wp\/v2\/media\/1755"}],"wp:attachment":[{"href":"https:\/\/audio-tools.at\/index.php\/wp-json\/wp\/v2\/media?parent=1989"}],"wp:term":[{"taxonomy":"product_brand","embeddable":true,"href":"https:\/\/audio-tools.at\/index.php\/wp-json\/wp\/v2\/product_brand?post=1989"},{"taxonomy":"product_cat","embeddable":true,"href":"https:\/\/audio-tools.at\/index.php\/wp-json\/wp\/v2\/product_cat?post=1989"},{"taxonomy":"product_tag","embeddable":true,"href":"https:\/\/audio-tools.at\/index.php\/wp-json\/wp\/v2\/product_tag?post=1989"}],"curies":[{"name":"wp","href":"https:\/\/api.w.org\/{rel}","templated":true}]}}