{"id":2125,"date":"2025-04-05T15:02:40","date_gmt":"2025-04-05T15:02:40","guid":{"rendered":"https:\/\/audio-tools.at\/?post_type=product&#038;p=2125"},"modified":"2025-04-06T08:00:48","modified_gmt":"2025-04-06T08:00:48","slug":"ultrasone-lapis-earbuds","status":"publish","type":"product","link":"https:\/\/audio-tools.at\/index.php\/produkt\/ultrasone-lapis-earbuds\/","title":{"rendered":"ULTRASONE LAPIS Earbuds"},"content":{"rendered":"<p>True Wireless Noise Cancelling Earbuds<\/p>\n<p>Ein Paar Bluetooth\u00ae Earbuds der Referenzklasse: mit ihren m\u00e4chtigen 13 mm Neodym-Treibern bieten die LAPIS eine \u00fcberragende Klangqualit\u00e4t und eine mit -32 dB hochwirksame aktive Ger\u00e4uschunterdr\u00fcckung. Die stylish-blauen und 5 g leichten LAPIS sind spritzwasser- und schwei\u00dfgesch\u00fctzt gem\u00e4\u00df IP54 und lassen sich mit den beiliegenden Silikon-Ohrpassst\u00fccken komfortabel und mit sicherem Sitz anbringen \u2013 ideal zum Joggen und Sport.<\/p>\n<p>Bluetooth\u00ae 5.2, die Hybrid ANC Ger\u00e4uschunterdr\u00fcckung sowie 3 Mikrofone je Earbud garantieren h\u00f6chste \u00dcbertragungsqualit\u00e4t und kristallklaren Sprachklang beim Telefonieren. Beide Earbuds haben au\u00dfen eine intuitiv nutzbare Touch Control Fl\u00e4che zur Steuerung von Musikwiedergabe, Voice Assistant und Telefonanrufen. Wer m\u00f6chte, kann den Ambient Transparency Modus aktivieren, um gezielt auch die Umgebungsger\u00e4usche h\u00f6ren zu k\u00f6nnen.<\/p>\n<p>Die Akkulaufzeit betr\u00e4gt satte 9 Stunden. \u00dcber das beiliegende Lade-Case kann man die LAPIS dann noch insgesamt 4 Mal vollst\u00e4ndig aufladen. Und f\u00fcr ganz Eilige: 10 Minuten Schnellladen erlauben bereits wieder 1 Stunde Betrieb.<\/p>\n","protected":false},"excerpt":{"rendered":"\n","protected":false},"featured_media":2127,"comment_status":"closed","ping_status":"closed","template":"","meta":[],"product_brand":[],"product_cat":[19],"product_tag":[689,688,687],"class_list":{"0":"post-2125","1":"product","2":"type-product","3":"status-publish","4":"has-post-thumbnail","6":"product_cat-headphone","7":"product_tag-earbuds","8":"product_tag-lapis","9":"product_tag-ultrasone","11":"first","12":"instock","13":"sale","14":"taxable","15":"shipping-taxable","16":"purchasable","17":"product-type-simple"},"jetpack_sharing_enabled":true,"_links":{"self":[{"href":"https:\/\/audio-tools.at\/index.php\/wp-json\/wp\/v2\/product\/2125","targetHints":{"allow":["GET"]}}],"collection":[{"href":"https:\/\/audio-tools.at\/index.php\/wp-json\/wp\/v2\/product"}],"about":[{"href":"https:\/\/audio-tools.at\/index.php\/wp-json\/wp\/v2\/types\/product"}],"replies":[{"embeddable":true,"href":"https:\/\/audio-tools.at\/index.php\/wp-json\/wp\/v2\/comments?post=2125"}],"wp:featuredmedia":[{"embeddable":true,"href":"https:\/\/audio-tools.at\/index.php\/wp-json\/wp\/v2\/media\/2127"}],"wp:attachment":[{"href":"https:\/\/audio-tools.at\/index.php\/wp-json\/wp\/v2\/media?parent=2125"}],"wp:term":[{"taxonomy":"product_brand","embeddable":true,"href":"https:\/\/audio-tools.at\/index.php\/wp-json\/wp\/v2\/product_brand?post=2125"},{"taxonomy":"product_cat","embeddable":true,"href":"https:\/\/audio-tools.at\/index.php\/wp-json\/wp\/v2\/product_cat?post=2125"},{"taxonomy":"product_tag","embeddable":true,"href":"https:\/\/audio-tools.at\/index.php\/wp-json\/wp\/v2\/product_tag?post=2125"}],"curies":[{"name":"wp","href":"https:\/\/api.w.org\/{rel}","templated":true}]}}