{"id":2129,"date":"2025-04-05T15:10:15","date_gmt":"2025-04-05T15:10:15","guid":{"rendered":"https:\/\/audio-tools.at\/?post_type=product&#038;p=2129"},"modified":"2025-04-05T15:10:15","modified_gmt":"2025-04-05T15:10:15","slug":"tascam-mx-8a-matrixmischer","status":"publish","type":"product","link":"https:\/\/audio-tools.at\/index.php\/produkt\/tascam-mx-8a-matrixmischer\/","title":{"rendered":"TASCAM MX 8A Matrixmischer"},"content":{"rendered":"<p>Der mit Software- oder Cloud-basierten Konferenzsystemen kompatible MX-8A ist ein 10\u00d710-Matrixmischer mit acht Mikrofon-\/Line-Eing\u00e4ngen, acht Line-Ausg\u00e4ngen sowie Stereo-Ein- und -Ausgang \u00fcber USB. Sein DSP-Prozessor bietet leistungsstarke Funktionen f\u00fcr Mischung, Routing und Signalbearbeitung und eignet sich f\u00fcr viele Einsatzorte wie beispielsweise Konferenzr\u00e4ume, Besprechungsr\u00e4ume, Fests\u00e4le, Gerichtss\u00e4le, Restaurants oder Gesch\u00e4fte.<\/p>\n<p>Die DSP-Funktionen umfassen Kompressor, parametrische Vierband-Klangregelung und automatische Aussteuerung f\u00fcr jeden Eingangskanal. Ausgangsseitig gibt es je einen Zehnband-EQ mit Hoch-\/Tiefpassfilter, Laufzeitanpassung und Limiter, die sich alle anpassen und zusammen mit den Misch- und Routingeinstellungen auf einem der 50 Szenen-Speicherpl\u00e4tze ablegen lassen. Damit sich Ansagen besser durchsetzen, k\u00f6nnen Nutzer au\u00dferdem auf automatisches Ducking und eine Umgebungsger\u00e4uschkompensation zur\u00fcckgreifen.<\/p>\n<p>Der MX-8A ist mit nat\u00fcrlich klingenden, hochwertigen und im eigenen Haus entwickelten Mikrofonvorverst\u00e4rkern ausgestattet, die unser Wissen und unsere Erfahrung aus vielen Jahren der Herstellung von Pro-Audio-Ger\u00e4ten einflie\u00dfen lassen. Der Eingangspegelbereich betr\u00e4gt \u201377,5 dBu bis +26 dBu bei einem \u00e4quivalenten Eingangsrauschen von weniger als \u2013126 dB und einem Rauschabstand von mehr als 108 dB.<\/p>\n<p>&nbsp;<\/p>\n<p>F\u00fcr die Fernsteuerung stehen zwei unterschiedliche Software-Anwendungen f\u00fcr macOS, Windows, iOS und Android zur Auswahl: Tascam\u00a0<a href=\"https:\/\/www.tascam.eu\/de\/mx_connect.html\" target=\"_blank\" rel=\"noopener\">Tascam MX Connect<\/a>\u00a0f\u00fcr die Konfiguration und Tascam\u00a0<a href=\"https:\/\/www.tascam.eu\/de\/ez_connect.html\" target=\"_blank\" rel=\"noopener\">Tascam EZ Connect<\/a>\u00a0f\u00fcr Endanwender. Beide sind einfach zu bedienen und im Lieferumfang enthalten. Mithilfe von Tascam MX Connect k\u00f6nnen Installateure den MX-8A schnell und einfach konfigurieren und anschlie\u00dfend nur die n\u00f6tigsten, einfachen Steuerelemente f\u00fcr die Bedienung mittels Tascam EZ Connect zuweisen.<\/p>\n<p>Das optional an der Wand montierbare Steuermodul RC-W100 bietet Tasten und einen Drehgeber, mit denen sich Lautst\u00e4rken anpassen und Signalquellen w\u00e4hlen lassen sowie eine grafische Anzeige der gew\u00e4hlten Parameter.<\/p>\n","protected":false},"excerpt":{"rendered":"\n","protected":false},"featured_media":2130,"comment_status":"closed","ping_status":"closed","template":"","meta":[],"product_brand":[],"product_cat":[246,29],"product_tag":[692,691,690],"class_list":{"0":"post-2129","1":"product","2":"type-product","3":"status-publish","4":"has-post-thumbnail","6":"product_cat-konferenzanlagen","7":"product_cat-mixer","8":"product_tag-matrix","9":"product_tag-mx8a","10":"product_tag-tascam","12":"first","13":"instock","14":"sale","15":"taxable","16":"shipping-taxable","17":"purchasable","18":"product-type-simple"},"jetpack_sharing_enabled":true,"_links":{"self":[{"href":"https:\/\/audio-tools.at\/index.php\/wp-json\/wp\/v2\/product\/2129","targetHints":{"allow":["GET"]}}],"collection":[{"href":"https:\/\/audio-tools.at\/index.php\/wp-json\/wp\/v2\/product"}],"about":[{"href":"https:\/\/audio-tools.at\/index.php\/wp-json\/wp\/v2\/types\/product"}],"replies":[{"embeddable":true,"href":"https:\/\/audio-tools.at\/index.php\/wp-json\/wp\/v2\/comments?post=2129"}],"wp:featuredmedia":[{"embeddable":true,"href":"https:\/\/audio-tools.at\/index.php\/wp-json\/wp\/v2\/media\/2130"}],"wp:attachment":[{"href":"https:\/\/audio-tools.at\/index.php\/wp-json\/wp\/v2\/media?parent=2129"}],"wp:term":[{"taxonomy":"product_brand","embeddable":true,"href":"https:\/\/audio-tools.at\/index.php\/wp-json\/wp\/v2\/product_brand?post=2129"},{"taxonomy":"product_cat","embeddable":true,"href":"https:\/\/audio-tools.at\/index.php\/wp-json\/wp\/v2\/product_cat?post=2129"},{"taxonomy":"product_tag","embeddable":true,"href":"https:\/\/audio-tools.at\/index.php\/wp-json\/wp\/v2\/product_tag?post=2129"}],"curies":[{"name":"wp","href":"https:\/\/api.w.org\/{rel}","templated":true}]}}