{"id":2159,"date":"2025-08-14T11:44:47","date_gmt":"2025-08-14T11:44:47","guid":{"rendered":"https:\/\/audio-tools.at\/?post_type=product&#038;p=2159"},"modified":"2025-08-14T11:44:47","modified_gmt":"2025-08-14T11:44:47","slug":"ford-ranger-doppelkabine-wildtrak-4x4-32-tdci-aut-pickup","status":"publish","type":"product","link":"https:\/\/audio-tools.at\/index.php\/produkt\/ford-ranger-doppelkabine-wildtrak-4x4-32-tdci-aut-pickup\/","title":{"rendered":"Ford Ranger Doppelkabine Wildtrak 4&#215;4 3,2 TDCi Aut. Pickup"},"content":{"rendered":"<div class=\"Text-sc-10o2fdq-0 gtnjfL\" data-testid=\"ad-detail-teaser-attribute-0\"><span class=\"Text-sc-10o2fdq-0 cMBDvE\">9\/2017<\/span><span class=\"Text-sc-10o2fdq-0 gUaEDV\">\u00a0EZ<\/span><\/div>\n<div class=\"Text-sc-10o2fdq-0 gtnjfL\" data-testid=\"ad-detail-teaser-attribute-1\"><span class=\"Text-sc-10o2fdq-0 cMBDvE\">237.000<\/span><span class=\"Text-sc-10o2fdq-0 gUaEDV\">\u00a0km<\/span><\/div>\n<div class=\"Text-sc-10o2fdq-0 kxanZR\" data-testid=\"ad-detail-teaser-attribute-2\"><span class=\"Text-sc-10o2fdq-0 cMBDvE\">200<\/span><span class=\"Text-sc-10o2fdq-0 gUaEDV\">\u00a0PS (147 kW)<\/span><\/div>\n<div data-testid=\"ad-detail-teaser-attribute-2\">\n<ul class=\"sc-a3477a6e-0 eyOok\">\n<li class=\"Box-sc-wfmb7k-0 sc-a3477a6e-2 DfaPI mUJym\" data-testid=\"attribute-item\">\n<div class=\"Box-sc-wfmb7k-0 cVtVaf\" data-testid=\"attribute-title\"><span class=\"Text-sc-10o2fdq-0 iTRUKm\">Erstzulassung<\/span><\/div>\n<div class=\"Box-sc-wfmb7k-0 sc-a3477a6e-1 itqvMx\" data-testid=\"attribute-value\">9\/2017<\/div>\n<\/li>\n<li class=\"Box-sc-wfmb7k-0 sc-a3477a6e-2 DfaPI mUJym\" data-testid=\"attribute-item\">\n<div class=\"Box-sc-wfmb7k-0 cVtVaf\" data-testid=\"attribute-title\"><span class=\"Text-sc-10o2fdq-0 iTRUKm\">\u00a757a &#8222;Pickerl&#8220;<\/span><\/div>\n<div class=\"Box-sc-wfmb7k-0 sc-a3477a6e-1 itqvMx\" data-testid=\"attribute-value\"><\/div>\n<\/li>\n<li class=\"Box-sc-wfmb7k-0 sc-a3477a6e-2 DfaPI mUJym\" data-testid=\"attribute-item\">\n<div class=\"Box-sc-wfmb7k-0 cVtVaf\" data-testid=\"attribute-title\"><span class=\"Text-sc-10o2fdq-0 iTRUKm\">Zustand<\/span><\/div>\n<div class=\"Box-sc-wfmb7k-0 sc-a3477a6e-1 itqvMx\" data-testid=\"attribute-value\">Gebrauchtfahrzeug<\/div>\n<\/li>\n<li class=\"Box-sc-wfmb7k-0 sc-a3477a6e-2 DfaPI mUJym\" data-testid=\"attribute-item\">\n<div class=\"Box-sc-wfmb7k-0 cVtVaf\" data-testid=\"attribute-title\"><span class=\"Text-sc-10o2fdq-0 iTRUKm\">Pickerl g\u00fcltig bis<\/span><\/div>\n<div class=\"Box-sc-wfmb7k-0 sc-a3477a6e-1 itqvMx\" data-testid=\"attribute-value\">9.2026<\/div>\n<\/li>\n<li class=\"Box-sc-wfmb7k-0 sc-a3477a6e-2 DfaPI mUJym\" data-testid=\"attribute-item\">\n<div class=\"Box-sc-wfmb7k-0 cVtVaf\" data-testid=\"attribute-title\"><span class=\"Text-sc-10o2fdq-0 iTRUKm\">Getriebeart<\/span><\/div>\n<div class=\"Box-sc-wfmb7k-0 sc-a3477a6e-1 itqvMx\" data-testid=\"attribute-value\">Automatik<\/div>\n<\/li>\n<li class=\"Box-sc-wfmb7k-0 sc-a3477a6e-2 DfaPI mUJym\" data-testid=\"attribute-item\">\n<div class=\"Box-sc-wfmb7k-0 cVtVaf\" data-testid=\"attribute-title\"><span class=\"Text-sc-10o2fdq-0 iTRUKm\">Kategorie<\/span><\/div>\n<div class=\"Box-sc-wfmb7k-0 sc-a3477a6e-1 itqvMx\" data-testid=\"attribute-value\">Pickup<\/div>\n<\/li>\n<li class=\"Box-sc-wfmb7k-0 sc-a3477a6e-2 DfaPI mUJym\" data-testid=\"attribute-item\">\n<div class=\"Box-sc-wfmb7k-0 cVtVaf\" data-testid=\"attribute-title\"><span class=\"Text-sc-10o2fdq-0 iTRUKm\">Kilometerstand<\/span><\/div>\n<div class=\"Box-sc-wfmb7k-0 sc-a3477a6e-1 itqvMx\" data-testid=\"attribute-value\">237.000 km<\/div>\n<\/li>\n<li class=\"Box-sc-wfmb7k-0 sc-a3477a6e-2 DfaPI mUJym\" data-testid=\"attribute-item\">\n<div class=\"Box-sc-wfmb7k-0 cVtVaf\" data-testid=\"attribute-title\"><span class=\"Text-sc-10o2fdq-0 iTRUKm\">Anzahl T\u00fcren<\/span><\/div>\n<div class=\"Box-sc-wfmb7k-0 sc-a3477a6e-1 itqvMx\" data-testid=\"attribute-value\">4<\/div>\n<\/li>\n<li class=\"Box-sc-wfmb7k-0 sc-a3477a6e-2 DfaPI mUJym\" data-testid=\"attribute-item\">\n<div class=\"Box-sc-wfmb7k-0 cVtVaf\" data-testid=\"attribute-title\"><span class=\"Text-sc-10o2fdq-0 iTRUKm\">Leistung<\/span><\/div>\n<div class=\"Box-sc-wfmb7k-0 sc-a3477a6e-1 itqvMx\" data-testid=\"attribute-value\">200 PS (147 kW)<\/div>\n<\/li>\n<li class=\"Box-sc-wfmb7k-0 sc-a3477a6e-2 DfaPI mUJym\" data-testid=\"attribute-item\">\n<div class=\"Box-sc-wfmb7k-0 cVtVaf\" data-testid=\"attribute-title\"><span class=\"Text-sc-10o2fdq-0 iTRUKm\">Treibstoff<\/span><\/div>\n<div class=\"Box-sc-wfmb7k-0 sc-a3477a6e-1 itqvMx\" data-testid=\"attribute-value\">Diesel<\/div>\n<\/li>\n<li class=\"Box-sc-wfmb7k-0 sc-a3477a6e-2 DfaPI mUJym\" data-testid=\"attribute-item\">\n<div class=\"Box-sc-wfmb7k-0 cVtVaf\" data-testid=\"attribute-title\"><span class=\"Text-sc-10o2fdq-0 iTRUKm\">Anzahl Sitze<\/span><\/div>\n<div class=\"Box-sc-wfmb7k-0 sc-a3477a6e-1 itqvMx\" data-testid=\"attribute-value\">5<\/div>\n<\/li>\n<li class=\"Box-sc-wfmb7k-0 sc-a3477a6e-2 DfaPI mUJym\" data-testid=\"attribute-item\">\n<div class=\"Box-sc-wfmb7k-0 cVtVaf\" data-testid=\"attribute-title\"><span class=\"Text-sc-10o2fdq-0 iTRUKm\">Antrieb<\/span><\/div>\n<div class=\"Box-sc-wfmb7k-0 sc-a3477a6e-1 itqvMx\" data-testid=\"attribute-value\">Allrad<\/div>\n<\/li>\n<li class=\"Box-sc-wfmb7k-0 sc-a3477a6e-2 DfaPI mUJym\" data-testid=\"attribute-item\">\n<div class=\"Box-sc-wfmb7k-0 cVtVaf\" data-testid=\"attribute-title\"><span class=\"Text-sc-10o2fdq-0 iTRUKm\">Au\u00dfenfarbe<\/span><\/div>\n<div class=\"Box-sc-wfmb7k-0 sc-a3477a6e-1 itqvMx\" data-testid=\"attribute-value\">Schwarz<\/div>\n<\/li>\n<\/ul>\n<p>Sonderzubeh\u00f6r, ausziehbare Lade. s\u00e4mtliche Service gemacht inkl. gro\u00dfes 240 000 km Service mit Austausch s\u00e4mtlicher Fl\u00fcssigkeiten. R\u00fcckfahrkamera-Kabel hat Wackelkontakt. Ansonsten einwandfrei. Erstbesitz<\/p>\n<p>8fach bereift &#8211; Winterr\u00e4der + Ganzjahresreifen<\/p>\n<ul class=\"sc-a3477a6e-0 eyOok\">\n<li class=\"Box-sc-wfmb7k-0 sc-a3477a6e-2 DfaPI mUJym\" data-testid=\"equipment-item\">\n<div class=\"Box-sc-wfmb7k-0 sc-a3477a6e-1 itqvMx\" data-testid=\"equipment-value\">2-Zonen-Klimaautomatik<\/div>\n<\/li>\n<li class=\"Box-sc-wfmb7k-0 sc-a3477a6e-2 DfaPI mUJym\" data-testid=\"equipment-item\">\n<div class=\"Box-sc-wfmb7k-0 sc-a3477a6e-1 itqvMx\" data-testid=\"equipment-value\">ABS<\/div>\n<\/li>\n<li class=\"Box-sc-wfmb7k-0 sc-a3477a6e-2 DfaPI mUJym\" data-testid=\"equipment-item\">\n<div class=\"Box-sc-wfmb7k-0 sc-a3477a6e-1 itqvMx\" data-testid=\"equipment-value\">Abstandstempomat<\/div>\n<\/li>\n<li class=\"Box-sc-wfmb7k-0 sc-a3477a6e-2 DfaPI mUJym\" data-testid=\"equipment-item\">\n<div class=\"Box-sc-wfmb7k-0 sc-a3477a6e-1 itqvMx\" data-testid=\"equipment-value\">Alufelgen<\/div>\n<\/li>\n<li class=\"Box-sc-wfmb7k-0 sc-a3477a6e-2 DfaPI mUJym\" data-testid=\"equipment-item\">\n<div class=\"Box-sc-wfmb7k-0 sc-a3477a6e-1 itqvMx\" data-testid=\"equipment-value\">Anh\u00e4ngerkupplung<\/div>\n<\/li>\n<li class=\"Box-sc-wfmb7k-0 sc-a3477a6e-2 DfaPI mUJym\" data-testid=\"equipment-item\">\n<div class=\"Box-sc-wfmb7k-0 sc-a3477a6e-1 itqvMx\" data-testid=\"equipment-value\">Apple CarPlay<\/div>\n<\/li>\n<li class=\"Box-sc-wfmb7k-0 sc-a3477a6e-2 DfaPI mUJym\" data-testid=\"equipment-item\">\n<div class=\"Box-sc-wfmb7k-0 sc-a3477a6e-1 itqvMx\" data-testid=\"equipment-value\">Beifahrer-Airbag Deaktivierung<\/div>\n<\/li>\n<li class=\"Box-sc-wfmb7k-0 sc-a3477a6e-2 DfaPI mUJym\" data-testid=\"equipment-item\">\n<div class=\"Box-sc-wfmb7k-0 sc-a3477a6e-1 itqvMx\" data-testid=\"equipment-value\">Beifahrerairbags<\/div>\n<\/li>\n<li class=\"Box-sc-wfmb7k-0 sc-a3477a6e-2 DfaPI mUJym\" data-testid=\"equipment-item\">\n<div class=\"Box-sc-wfmb7k-0 sc-a3477a6e-1 itqvMx\" data-testid=\"equipment-value\">Berganfahrassistent<\/div>\n<\/li>\n<li class=\"Box-sc-wfmb7k-0 sc-a3477a6e-2 DfaPI mUJym\" data-testid=\"equipment-item\">\n<div class=\"Box-sc-wfmb7k-0 sc-a3477a6e-1 itqvMx\" data-testid=\"equipment-value\">Bordcomputer<\/div>\n<\/li>\n<li class=\"Box-sc-wfmb7k-0 sc-a3477a6e-2 DfaPI mUJym\" data-testid=\"equipment-item\">\n<div class=\"Box-sc-wfmb7k-0 sc-a3477a6e-1 itqvMx\" data-testid=\"equipment-value\">CD Player<\/div>\n<\/li>\n<li class=\"Box-sc-wfmb7k-0 sc-a3477a6e-2 DfaPI mUJym\" data-testid=\"equipment-item\">\n<div class=\"Box-sc-wfmb7k-0 sc-a3477a6e-1 itqvMx\" data-testid=\"equipment-value\">Dachreling<\/div>\n<\/li>\n<li class=\"Box-sc-wfmb7k-0 sc-a3477a6e-2 DfaPI mUJym\" data-testid=\"equipment-item\">\n<div class=\"Box-sc-wfmb7k-0 sc-a3477a6e-1 itqvMx\" data-testid=\"equipment-value\">Doppelkabine<\/div>\n<\/li>\n<li class=\"Box-sc-wfmb7k-0 sc-a3477a6e-2 DfaPI mUJym\" data-testid=\"equipment-item\">\n<div class=\"Box-sc-wfmb7k-0 sc-a3477a6e-1 itqvMx\" data-testid=\"equipment-value\">elektr. Fensterheber<\/div>\n<\/li>\n<li class=\"Box-sc-wfmb7k-0 sc-a3477a6e-2 DfaPI mUJym\" data-testid=\"equipment-item\">\n<div class=\"Box-sc-wfmb7k-0 sc-a3477a6e-1 itqvMx\" data-testid=\"equipment-value\">elektr. Sitze<\/div>\n<\/li>\n<li class=\"Box-sc-wfmb7k-0 sc-a3477a6e-2 DfaPI mUJym\" data-testid=\"equipment-item\">\n<div class=\"Box-sc-wfmb7k-0 sc-a3477a6e-1 itqvMx\" data-testid=\"equipment-value\">elektr. Spiegel<\/div>\n<\/li>\n<li class=\"Box-sc-wfmb7k-0 sc-a3477a6e-2 DfaPI mUJym\" data-testid=\"equipment-item\">\n<div class=\"Box-sc-wfmb7k-0 sc-a3477a6e-1 itqvMx\" data-testid=\"equipment-value\">externer Stromanschluss<\/div>\n<\/li>\n<li class=\"Box-sc-wfmb7k-0 sc-a3477a6e-2 DfaPI mUJym\" data-testid=\"equipment-item\">\n<div class=\"Box-sc-wfmb7k-0 sc-a3477a6e-1 itqvMx\" data-testid=\"equipment-value\">Fahrerairbag<\/div>\n<\/li>\n<li class=\"Box-sc-wfmb7k-0 sc-a3477a6e-2 DfaPI mUJym\" data-testid=\"equipment-item\">\n<div class=\"Box-sc-wfmb7k-0 sc-a3477a6e-1 itqvMx\" data-testid=\"equipment-value\">Fernlichtassistent<\/div>\n<\/li>\n<li class=\"Box-sc-wfmb7k-0 sc-a3477a6e-2 DfaPI mUJym\" data-testid=\"equipment-item\">\n<div class=\"Box-sc-wfmb7k-0 sc-a3477a6e-1 itqvMx\" data-testid=\"equipment-value\">Freisprecheinrichtung<\/div>\n<\/li>\n<li class=\"Box-sc-wfmb7k-0 sc-a3477a6e-2 DfaPI mUJym\" data-testid=\"equipment-item\">\n<div class=\"Box-sc-wfmb7k-0 sc-a3477a6e-1 itqvMx\" data-testid=\"equipment-value\">Frontscheibenheizung<\/div>\n<\/li>\n<li class=\"Box-sc-wfmb7k-0 sc-a3477a6e-2 DfaPI mUJym\" data-testid=\"equipment-item\">\n<div class=\"Box-sc-wfmb7k-0 sc-a3477a6e-1 itqvMx\" data-testid=\"equipment-value\">Get\u00f6nte Scheiben<\/div>\n<\/li>\n<li class=\"Box-sc-wfmb7k-0 sc-a3477a6e-2 DfaPI mUJym\" data-testid=\"equipment-item\">\n<div class=\"Box-sc-wfmb7k-0 sc-a3477a6e-1 itqvMx\" data-testid=\"equipment-value\">Innenspiegel autom. abblendend<\/div>\n<\/li>\n<li class=\"Box-sc-wfmb7k-0 sc-a3477a6e-2 DfaPI mUJym\" data-testid=\"equipment-item\">\n<div class=\"Box-sc-wfmb7k-0 sc-a3477a6e-1 itqvMx\" data-testid=\"equipment-value\">Klimaanlage<\/div>\n<\/li>\n<li class=\"Box-sc-wfmb7k-0 sc-a3477a6e-2 DfaPI mUJym\" data-testid=\"equipment-item\">\n<div class=\"Box-sc-wfmb7k-0 sc-a3477a6e-1 itqvMx\" data-testid=\"equipment-value\">Klimaautomatik<\/div>\n<\/li>\n<li class=\"Box-sc-wfmb7k-0 sc-a3477a6e-2 DfaPI mUJym\" data-testid=\"equipment-item\">\n<div class=\"Box-sc-wfmb7k-0 sc-a3477a6e-1 itqvMx\" data-testid=\"equipment-value\">Kollisionswarner<\/div>\n<\/li>\n<li class=\"Box-sc-wfmb7k-0 sc-a3477a6e-2 DfaPI mUJym\" data-testid=\"equipment-item\">\n<div class=\"Box-sc-wfmb7k-0 sc-a3477a6e-1 itqvMx\" data-testid=\"equipment-value\">Kopfairbags<\/div>\n<\/li>\n<li class=\"Box-sc-wfmb7k-0 sc-a3477a6e-2 DfaPI mUJym\" data-testid=\"equipment-item\">\n<div class=\"Box-sc-wfmb7k-0 sc-a3477a6e-1 itqvMx\" data-testid=\"equipment-value\">Lederausstattung<\/div>\n<\/li>\n<li class=\"Box-sc-wfmb7k-0 sc-a3477a6e-2 DfaPI mUJym\" data-testid=\"equipment-item\">\n<div class=\"Box-sc-wfmb7k-0 sc-a3477a6e-1 itqvMx\" data-testid=\"equipment-value\">Lederlenkrad<\/div>\n<\/li>\n<li class=\"Box-sc-wfmb7k-0 sc-a3477a6e-2 DfaPI mUJym\" data-testid=\"equipment-item\">\n<div class=\"Box-sc-wfmb7k-0 sc-a3477a6e-1 itqvMx\" data-testid=\"equipment-value\">Lordosenst\u00fctze<\/div>\n<\/li>\n<li class=\"Box-sc-wfmb7k-0 sc-a3477a6e-2 DfaPI mUJym\" data-testid=\"equipment-item\">\n<div class=\"Box-sc-wfmb7k-0 sc-a3477a6e-1 itqvMx\" data-testid=\"equipment-value\">Media-Interface \/ mp3<\/div>\n<\/li>\n<li class=\"Box-sc-wfmb7k-0 sc-a3477a6e-2 DfaPI mUJym\" data-testid=\"equipment-item\">\n<div class=\"Box-sc-wfmb7k-0 sc-a3477a6e-1 itqvMx\" data-testid=\"equipment-value\">Mittelarmlehne<\/div>\n<\/li>\n<li class=\"Box-sc-wfmb7k-0 sc-a3477a6e-2 DfaPI mUJym\" data-testid=\"equipment-item\">\n<div class=\"Box-sc-wfmb7k-0 sc-a3477a6e-1 itqvMx\" data-testid=\"equipment-value\">M\u00fcdigkeitswarnsystem<\/div>\n<\/li>\n<li class=\"Box-sc-wfmb7k-0 sc-a3477a6e-2 DfaPI mUJym\" data-testid=\"equipment-item\">\n<div class=\"Box-sc-wfmb7k-0 sc-a3477a6e-1 itqvMx\" data-testid=\"equipment-value\">Multifunktionslenkrad<\/div>\n<\/li>\n<li class=\"Box-sc-wfmb7k-0 sc-a3477a6e-2 DfaPI mUJym\" data-testid=\"equipment-item\">\n<div class=\"Box-sc-wfmb7k-0 sc-a3477a6e-1 itqvMx\" data-testid=\"equipment-value\">MwSt. ausweisbar<\/div>\n<\/li>\n<li class=\"Box-sc-wfmb7k-0 sc-a3477a6e-2 DfaPI mUJym\" data-testid=\"equipment-item\">\n<div class=\"Box-sc-wfmb7k-0 sc-a3477a6e-1 itqvMx\" data-testid=\"equipment-value\">Navigationssystem<\/div>\n<\/li>\n<li class=\"Box-sc-wfmb7k-0 sc-a3477a6e-2 DfaPI mUJym\" data-testid=\"equipment-item\">\n<div class=\"Box-sc-wfmb7k-0 sc-a3477a6e-1 itqvMx\" data-testid=\"equipment-value\">Nebelscheinwerfer<\/div>\n<\/li>\n<li class=\"Box-sc-wfmb7k-0 sc-a3477a6e-2 DfaPI mUJym\" data-testid=\"equipment-item\">\n<div class=\"Box-sc-wfmb7k-0 sc-a3477a6e-1 itqvMx\" data-testid=\"equipment-value\">Nichtraucherfahrzeug<\/div>\n<\/li>\n<li class=\"Box-sc-wfmb7k-0 sc-a3477a6e-2 DfaPI mUJym\" data-testid=\"equipment-item\">\n<div class=\"Box-sc-wfmb7k-0 sc-a3477a6e-1 itqvMx\" data-testid=\"equipment-value\">Parksensor hinten<\/div>\n<\/li>\n<li class=\"Box-sc-wfmb7k-0 sc-a3477a6e-2 DfaPI mUJym\" data-testid=\"equipment-item\">\n<div class=\"Box-sc-wfmb7k-0 sc-a3477a6e-1 itqvMx\" data-testid=\"equipment-value\">Parksensor vorne<\/div>\n<\/li>\n<li class=\"Box-sc-wfmb7k-0 sc-a3477a6e-2 DfaPI mUJym\" data-testid=\"equipment-item\">\n<div class=\"Box-sc-wfmb7k-0 sc-a3477a6e-1 itqvMx\" data-testid=\"equipment-value\">Radio<\/div>\n<\/li>\n<li class=\"Box-sc-wfmb7k-0 sc-a3477a6e-2 DfaPI mUJym\" data-testid=\"equipment-item\">\n<div class=\"Box-sc-wfmb7k-0 sc-a3477a6e-1 itqvMx\" data-testid=\"equipment-value\">Regensensor<\/div>\n<\/li>\n<li class=\"Box-sc-wfmb7k-0 sc-a3477a6e-2 DfaPI mUJym\" data-testid=\"equipment-item\">\n<div class=\"Box-sc-wfmb7k-0 sc-a3477a6e-1 itqvMx\" data-testid=\"equipment-value\">Reifendruckkontrolle<\/div>\n<\/li>\n<li class=\"Box-sc-wfmb7k-0 sc-a3477a6e-2 DfaPI mUJym\" data-testid=\"equipment-item\">\n<div class=\"Box-sc-wfmb7k-0 sc-a3477a6e-1 itqvMx\" data-testid=\"equipment-value\">R\u00fcckfahrkamera<\/div>\n<\/li>\n<li class=\"Box-sc-wfmb7k-0 sc-a3477a6e-2 DfaPI mUJym\" data-testid=\"equipment-item\">\n<div class=\"Box-sc-wfmb7k-0 sc-a3477a6e-1 itqvMx\" data-testid=\"equipment-value\">Seitenairbags<\/div>\n<\/li>\n<li class=\"Box-sc-wfmb7k-0 sc-a3477a6e-2 DfaPI mUJym\" data-testid=\"equipment-item\">\n<div class=\"Box-sc-wfmb7k-0 sc-a3477a6e-1 itqvMx\" data-testid=\"equipment-value\">Servicegepflegt<\/div>\n<\/li>\n<li class=\"Box-sc-wfmb7k-0 sc-a3477a6e-2 DfaPI mUJym\" data-testid=\"equipment-item\">\n<div class=\"Box-sc-wfmb7k-0 sc-a3477a6e-1 itqvMx\" data-testid=\"equipment-value\">Servolenkung<\/div>\n<\/li>\n<li class=\"Box-sc-wfmb7k-0 sc-a3477a6e-2 DfaPI mUJym\" data-testid=\"equipment-item\">\n<div class=\"Box-sc-wfmb7k-0 sc-a3477a6e-1 itqvMx\" data-testid=\"equipment-value\">Sitzheizung vorne<\/div>\n<\/li>\n<li class=\"Box-sc-wfmb7k-0 sc-a3477a6e-2 DfaPI mUJym\" data-testid=\"equipment-item\">\n<div class=\"Box-sc-wfmb7k-0 sc-a3477a6e-1 itqvMx\" data-testid=\"equipment-value\">Soundsystem<\/div>\n<\/li>\n<li class=\"Box-sc-wfmb7k-0 sc-a3477a6e-2 DfaPI mUJym\" data-testid=\"equipment-item\">\n<div class=\"Box-sc-wfmb7k-0 sc-a3477a6e-1 itqvMx\" data-testid=\"equipment-value\">Sperrdifferential<\/div>\n<\/li>\n<li class=\"Box-sc-wfmb7k-0 sc-a3477a6e-2 DfaPI mUJym\" data-testid=\"equipment-item\">\n<div class=\"Box-sc-wfmb7k-0 sc-a3477a6e-1 itqvMx\" data-testid=\"equipment-value\">Sprachsteuerung<\/div>\n<\/li>\n<li class=\"Box-sc-wfmb7k-0 sc-a3477a6e-2 DfaPI mUJym\" data-testid=\"equipment-item\">\n<div class=\"Box-sc-wfmb7k-0 sc-a3477a6e-1 itqvMx\" data-testid=\"equipment-value\">Spurhalteassistent<\/div>\n<\/li>\n<li class=\"Box-sc-wfmb7k-0 sc-a3477a6e-2 DfaPI mUJym\" data-testid=\"equipment-item\">\n<div class=\"Box-sc-wfmb7k-0 sc-a3477a6e-1 itqvMx\" data-testid=\"equipment-value\">Tagfahrlicht<\/div>\n<\/li>\n<li class=\"Box-sc-wfmb7k-0 sc-a3477a6e-2 DfaPI mUJym\" data-testid=\"equipment-item\">\n<div class=\"Box-sc-wfmb7k-0 sc-a3477a6e-1 itqvMx\" data-testid=\"equipment-value\">Tempomat<\/div>\n<\/li>\n<li class=\"Box-sc-wfmb7k-0 sc-a3477a6e-2 DfaPI mUJym\" data-testid=\"equipment-item\">\n<div class=\"Box-sc-wfmb7k-0 sc-a3477a6e-1 itqvMx\" data-testid=\"equipment-value\">Winterreifen<\/div>\n<\/li>\n<li class=\"Box-sc-wfmb7k-0 sc-a3477a6e-2 DfaPI mUJym\" data-testid=\"equipment-item\">\n<div class=\"Box-sc-wfmb7k-0 sc-a3477a6e-1 itqvMx\" data-testid=\"equipment-value\">Zentralverriegelung<\/div>\n<\/li>\n<\/ul>\n<\/div>\n","protected":false},"excerpt":{"rendered":"<p>9\/2017\u00a0EZ 237.000\u00a0km 200\u00a0PS (147 kW) Erstzulassung 9\/2017 \u00a757a &#8222;Pickerl&#8220; Zustand Gebrauchtfahrzeug Pickerl g\u00fcltig bis 9.2026 Getriebeart Automatik Kategorie Pickup Kilometerstand 237.000 km Anzahl T\u00fcren 4 Leistung 200 PS (147 kW) Treibstoff Diesel Anzahl Sitze 5 Antrieb Allrad Au\u00dfenfarbe Schwarz Sonderzubeh\u00f6r, ausziehbare Lade. s\u00e4mtliche Service gemacht inkl. gro\u00dfes 240 000 km Service mit Austausch s\u00e4mtlicher Fl\u00fcssigkeiten. [&hellip;]<\/p>\n","protected":false},"featured_media":2160,"comment_status":"closed","ping_status":"closed","template":"","meta":[],"product_brand":[],"product_cat":[63],"product_tag":[699],"class_list":{"0":"post-2159","1":"product","2":"type-product","3":"status-publish","4":"has-post-thumbnail","6":"product_cat-gebraucht-schnaeppchen-vorfuehrer","7":"product_tag-ford-ranger-wildtrak","9":"first","10":"instock","11":"sale","12":"taxable","13":"shipping-taxable","14":"purchasable","15":"product-type-simple"},"jetpack_sharing_enabled":true,"_links":{"self":[{"href":"https:\/\/audio-tools.at\/index.php\/wp-json\/wp\/v2\/product\/2159","targetHints":{"allow":["GET"]}}],"collection":[{"href":"https:\/\/audio-tools.at\/index.php\/wp-json\/wp\/v2\/product"}],"about":[{"href":"https:\/\/audio-tools.at\/index.php\/wp-json\/wp\/v2\/types\/product"}],"replies":[{"embeddable":true,"href":"https:\/\/audio-tools.at\/index.php\/wp-json\/wp\/v2\/comments?post=2159"}],"wp:featuredmedia":[{"embeddable":true,"href":"https:\/\/audio-tools.at\/index.php\/wp-json\/wp\/v2\/media\/2160"}],"wp:attachment":[{"href":"https:\/\/audio-tools.at\/index.php\/wp-json\/wp\/v2\/media?parent=2159"}],"wp:term":[{"taxonomy":"product_brand","embeddable":true,"href":"https:\/\/audio-tools.at\/index.php\/wp-json\/wp\/v2\/product_brand?post=2159"},{"taxonomy":"product_cat","embeddable":true,"href":"https:\/\/audio-tools.at\/index.php\/wp-json\/wp\/v2\/product_cat?post=2159"},{"taxonomy":"product_tag","embeddable":true,"href":"https:\/\/audio-tools.at\/index.php\/wp-json\/wp\/v2\/product_tag?post=2159"}],"curies":[{"name":"wp","href":"https:\/\/api.w.org\/{rel}","templated":true}]}}