{"id":2172,"date":"2025-08-19T07:36:28","date_gmt":"2025-08-19T07:36:28","guid":{"rendered":"https:\/\/audio-tools.at\/?post_type=product&#038;p=2172"},"modified":"2026-02-21T14:01:22","modified_gmt":"2026-02-21T14:01:22","slug":"klotz-slw-080xl10-straightlink-8-0-xlr-3p-8-kanal-einzelmasse-10m","status":"publish","type":"product","link":"https:\/\/audio-tools.at\/index.php\/produkt\/klotz-slw-080xl10-straightlink-8-0-xlr-3p-8-kanal-einzelmasse-10m\/","title":{"rendered":"Klotz SLW 080XL10 StraightLink 8\/0 XLR 3p 8-kanal &#8211; einzelmasse 10m"},"content":{"rendered":"<ul class=\"description\">\n<li>hochwertiges aluminium design, mattschwarz, mit rutschfesten gummi standf\u00fc\u00dfen und abriebfester lasergravur<\/li>\n<li>PolyWIRE, \u00d8 0,22 mm\u00b2, hochflexibles studio anschluss kabel, XLPE isolation (vernetztes polyethylen)<\/li>\n<li>\u00fcberragende tonqualit\u00e4t, im studio wie auf der b\u00fchne<\/li>\n<li>ideal zur installation im studio oder f\u00fcr den b\u00fchnenalltag<\/li>\n<li>inkl. KLOTZ kabeltr\u00e4ger mit messing\u00f6se<\/li>\n<\/ul>\n","protected":false},"excerpt":{"rendered":"<p>hochwertiges aluminium design, mattschwarz, mit rutschfesten gummi standf\u00fc\u00dfen und abriebfester lasergravur PolyWIRE, \u00d8 0,22 mm\u00b2, hochflexibles studio anschluss kabel, XLPE isolation (vernetztes polyethylen) \u00fcberragende tonqualit\u00e4t, im studio wie auf der b\u00fchne ideal zur installation im studio oder f\u00fcr den b\u00fchnenalltag inkl. KLOTZ kabeltr\u00e4ger mit messing\u00f6se<\/p>\n","protected":false},"featured_media":2173,"comment_status":"closed","ping_status":"closed","template":"","meta":[],"product_brand":[],"product_cat":[700],"product_tag":[702],"class_list":{"0":"post-2172","1":"product","2":"type-product","3":"status-publish","4":"has-post-thumbnail","6":"product_cat-kabel","7":"product_tag-klotz-slw080","9":"first","10":"instock","11":"sale","12":"taxable","13":"shipping-taxable","14":"purchasable","15":"product-type-simple"},"jetpack_sharing_enabled":true,"_links":{"self":[{"href":"https:\/\/audio-tools.at\/index.php\/wp-json\/wp\/v2\/product\/2172","targetHints":{"allow":["GET"]}}],"collection":[{"href":"https:\/\/audio-tools.at\/index.php\/wp-json\/wp\/v2\/product"}],"about":[{"href":"https:\/\/audio-tools.at\/index.php\/wp-json\/wp\/v2\/types\/product"}],"replies":[{"embeddable":true,"href":"https:\/\/audio-tools.at\/index.php\/wp-json\/wp\/v2\/comments?post=2172"}],"wp:featuredmedia":[{"embeddable":true,"href":"https:\/\/audio-tools.at\/index.php\/wp-json\/wp\/v2\/media\/2173"}],"wp:attachment":[{"href":"https:\/\/audio-tools.at\/index.php\/wp-json\/wp\/v2\/media?parent=2172"}],"wp:term":[{"taxonomy":"product_brand","embeddable":true,"href":"https:\/\/audio-tools.at\/index.php\/wp-json\/wp\/v2\/product_brand?post=2172"},{"taxonomy":"product_cat","embeddable":true,"href":"https:\/\/audio-tools.at\/index.php\/wp-json\/wp\/v2\/product_cat?post=2172"},{"taxonomy":"product_tag","embeddable":true,"href":"https:\/\/audio-tools.at\/index.php\/wp-json\/wp\/v2\/product_tag?post=2172"}],"curies":[{"name":"wp","href":"https:\/\/api.w.org\/{rel}","templated":true}]}}