{"id":2174,"date":"2025-08-19T07:42:23","date_gmt":"2025-08-19T07:42:23","guid":{"rendered":"https:\/\/audio-tools.at\/?post_type=product&#038;p=2174"},"modified":"2025-08-19T07:42:23","modified_gmt":"2025-08-19T07:42:23","slug":"klotz-suc04-x3l-0300-4-kanal-digital-loom-aes-4x-xlr-3p-f-m-schwarz-von-klotz-3m","status":"publish","type":"product","link":"https:\/\/audio-tools.at\/index.php\/produkt\/klotz-suc04-x3l-0300-4-kanal-digital-loom-aes-4x-xlr-3p-f-m-schwarz-von-klotz-3m\/","title":{"rendered":"Klotz SUC04-X3L 0300 4-kanal digital loom &#8211; AES 4x XLR 3p F\/M schwarz von KLOTZ 3m"},"content":{"rendered":"<ul class=\"description\">\n<li>f\u00fcr analoge und digitale signale<\/li>\n<li>kanalbeschriftung durch lasergravur auf den XLR steckern<\/li>\n<li>XLR stecker mit metall geh\u00e4use, kunststofft\u00fclle und versilberten kontakten<\/li>\n<li>DigiWIRE multicore kabel &#8211; robust und flexibel<\/li>\n<li>leiterquerschnitt: 0,22 mm\u00b2 (AWG 24)<\/li>\n<\/ul>\n","protected":false},"excerpt":{"rendered":"<p>f\u00fcr analoge und digitale signale kanalbeschriftung durch lasergravur auf den XLR steckern XLR stecker mit metall geh\u00e4use, kunststofft\u00fclle und versilberten kontakten DigiWIRE multicore kabel &#8211; robust und flexibel leiterquerschnitt: 0,22 mm\u00b2 (AWG 24)<\/p>\n","protected":false},"featured_media":2175,"comment_status":"closed","ping_status":"closed","template":"","meta":[],"product_brand":[],"product_cat":[700],"product_tag":[703],"class_list":{"0":"post-2174","1":"product","2":"type-product","3":"status-publish","4":"has-post-thumbnail","6":"product_cat-kabel","7":"product_tag-klotzsuc04","9":"first","10":"instock","11":"sale","12":"taxable","13":"shipping-taxable","14":"purchasable","15":"product-type-simple"},"jetpack_sharing_enabled":true,"_links":{"self":[{"href":"https:\/\/audio-tools.at\/index.php\/wp-json\/wp\/v2\/product\/2174","targetHints":{"allow":["GET"]}}],"collection":[{"href":"https:\/\/audio-tools.at\/index.php\/wp-json\/wp\/v2\/product"}],"about":[{"href":"https:\/\/audio-tools.at\/index.php\/wp-json\/wp\/v2\/types\/product"}],"replies":[{"embeddable":true,"href":"https:\/\/audio-tools.at\/index.php\/wp-json\/wp\/v2\/comments?post=2174"}],"wp:featuredmedia":[{"embeddable":true,"href":"https:\/\/audio-tools.at\/index.php\/wp-json\/wp\/v2\/media\/2175"}],"wp:attachment":[{"href":"https:\/\/audio-tools.at\/index.php\/wp-json\/wp\/v2\/media?parent=2174"}],"wp:term":[{"taxonomy":"product_brand","embeddable":true,"href":"https:\/\/audio-tools.at\/index.php\/wp-json\/wp\/v2\/product_brand?post=2174"},{"taxonomy":"product_cat","embeddable":true,"href":"https:\/\/audio-tools.at\/index.php\/wp-json\/wp\/v2\/product_cat?post=2174"},{"taxonomy":"product_tag","embeddable":true,"href":"https:\/\/audio-tools.at\/index.php\/wp-json\/wp\/v2\/product_tag?post=2174"}],"curies":[{"name":"wp","href":"https:\/\/api.w.org\/{rel}","templated":true}]}}