{"id":2213,"date":"2026-02-21T15:41:52","date_gmt":"2026-02-21T15:41:52","guid":{"rendered":"https:\/\/audio-tools.at\/?post_type=product&#038;p=2213"},"modified":"2026-02-21T15:41:52","modified_gmt":"2026-02-21T15:41:52","slug":"klotz-ky7-150-minilink-pro-y-kabel-trs-35-mm-2x-rca-15m","status":"publish","type":"product","link":"https:\/\/audio-tools.at\/index.php\/produkt\/klotz-ky7-150-minilink-pro-y-kabel-trs-35-mm-2x-rca-15m\/","title":{"rendered":"Klotz KY7-150 MiniLink PRO Y kabel TRS 3,5 mm &#8211; 2x RCA 1,5m"},"content":{"rendered":"<ul class=\"description\">\n<li>robuster, gleichzeitig sehr flexibler au\u00dfenmantel<\/li>\n<li>0,22 mm\u00b2 leiterquerschnitt<\/li>\n<li>symmetrisches patch kabel<\/li>\n<li>vergossenes splei\u00dfelement f\u00fcr h\u00f6chste zuverl\u00e4ssigkeit<\/li>\n<li>vergoldete kontakte, massive messing stecker<\/li>\n<li>von hand verl\u00f6tet<\/li>\n<\/ul>\n","protected":false},"excerpt":{"rendered":"<p>robuster, gleichzeitig sehr flexibler au\u00dfenmantel 0,22 mm\u00b2 leiterquerschnitt symmetrisches patch kabel vergossenes splei\u00dfelement f\u00fcr h\u00f6chste zuverl\u00e4ssigkeit vergoldete kontakte, massive messing stecker von hand verl\u00f6tet<\/p>\n","protected":false},"featured_media":2215,"comment_status":"closed","ping_status":"closed","template":"","meta":[],"product_brand":[],"product_cat":[700],"product_tag":[711],"class_list":{"0":"post-2213","1":"product","2":"type-product","3":"status-publish","4":"has-post-thumbnail","6":"product_cat-kabel","7":"product_tag-klotz-ky7-150","9":"first","10":"instock","11":"sale","12":"taxable","13":"shipping-taxable","14":"purchasable","15":"product-type-simple"},"jetpack_sharing_enabled":true,"_links":{"self":[{"href":"https:\/\/audio-tools.at\/index.php\/wp-json\/wp\/v2\/product\/2213","targetHints":{"allow":["GET"]}}],"collection":[{"href":"https:\/\/audio-tools.at\/index.php\/wp-json\/wp\/v2\/product"}],"about":[{"href":"https:\/\/audio-tools.at\/index.php\/wp-json\/wp\/v2\/types\/product"}],"replies":[{"embeddable":true,"href":"https:\/\/audio-tools.at\/index.php\/wp-json\/wp\/v2\/comments?post=2213"}],"wp:featuredmedia":[{"embeddable":true,"href":"https:\/\/audio-tools.at\/index.php\/wp-json\/wp\/v2\/media\/2215"}],"wp:attachment":[{"href":"https:\/\/audio-tools.at\/index.php\/wp-json\/wp\/v2\/media?parent=2213"}],"wp:term":[{"taxonomy":"product_brand","embeddable":true,"href":"https:\/\/audio-tools.at\/index.php\/wp-json\/wp\/v2\/product_brand?post=2213"},{"taxonomy":"product_cat","embeddable":true,"href":"https:\/\/audio-tools.at\/index.php\/wp-json\/wp\/v2\/product_cat?post=2213"},{"taxonomy":"product_tag","embeddable":true,"href":"https:\/\/audio-tools.at\/index.php\/wp-json\/wp\/v2\/product_tag?post=2213"}],"curies":[{"name":"wp","href":"https:\/\/api.w.org\/{rel}","templated":true}]}}